{"id":1183,"date":"2020-11-30T08:35:45","date_gmt":"2020-11-30T07:35:45","guid":{"rendered":"https:\/\/semperprodest.hu\/?page_id=1183"},"modified":"2025-08-20T18:58:04","modified_gmt":"2025-08-20T16:58:04","slug":"aktualis-palyazatok","status":"publish","type":"page","link":"https:\/\/semperprodest.hu\/en\/aktualis-palyazatok\/","title":{"rendered":"Available grants"},"content":{"rendered":"<style type=\"text\/css\" data-created_by=\"avia_inline_auto\" id=\"style-css-av-145nae-651eae05fb78bdd4dd273144f78011ac\">\n.avia-section.av-145nae-651eae05fb78bdd4dd273144f78011ac{\nbackground-repeat:no-repeat;\nbackground-image:url(https:\/\/semperprodest.hu\/wp-content\/uploads\/2018\/05\/hero-blurred.jpg);\nbackground-position:50% 50%;\nbackground-attachment:scroll;\n}\n.avia-section.av-145nae-651eae05fb78bdd4dd273144f78011ac .av-section-color-overlay{\nopacity:0.6;\nbackground-color:#084a79;\n}\n<\/style>\n<div id='av_section_1'  class='avia-section av-145nae-651eae05fb78bdd4dd273144f78011ac main_color avia-section-default avia-no-border-styling  avia-builder-el-0  el_before_av_submenu  avia-builder-el-first  avia-full-stretch avia-bg-style-scroll av-section-color-overlay-active av-minimum-height av-minimum-height-custom av-height-custom  container_wrap fullsize'  data-section-bg-repeat='stretch' data-av_minimum_height_px='230'><div class=\"av-section-color-overlay-wrap\"><div class=\"av-section-color-overlay\"><\/div><div class='container av-section-cont-open' style='height:230px'><main  role=\"main\" itemprop=\"mainContentOfPage\"  class='template-page content  av-content-full alpha units'><div class='post-entry post-entry-type-page post-entry-1183'><div class='entry-content-wrapper clearfix'>\n\n<style type=\"text\/css\" data-created_by=\"avia_inline_auto\" id=\"style-css-av-jgf3pjem-ee2a691ebc0a9a100bc99d372a9c72ca\">\n#top .flex_column.av-jgf3pjem-ee2a691ebc0a9a100bc99d372a9c72ca{\nmargin-top:0px;\nmargin-bottom:0px;\n}\n.flex_column.av-jgf3pjem-ee2a691ebc0a9a100bc99d372a9c72ca{\nborder-radius:0px 0px 0px 0px;\npadding:0px 0px 0px 0px;\n}\n.responsive #top #wrap_all .flex_column.av-jgf3pjem-ee2a691ebc0a9a100bc99d372a9c72ca{\nmargin-top:0px;\nmargin-bottom:0px;\n}\n<\/style>\n<div  class='flex_column av-jgf3pjem-ee2a691ebc0a9a100bc99d372a9c72ca av_one_full  avia-builder-el-1  avia-builder-el-no-sibling  first flex_column_div av-animated-generic left-to-right av-zero-column-padding'     ><style type=\"text\/css\" data-created_by=\"avia_inline_auto\" id=\"style-css-av-ki48jlgb-d008ca2090e0a8452237685f93609a4f\">\n#top .av-special-heading.av-ki48jlgb-d008ca2090e0a8452237685f93609a4f{\nmargin:0 0 0 0;\npadding-bottom:0;\ncolor:#ffffff;\nfont-size:4vw;\n}\nbody .av-special-heading.av-ki48jlgb-d008ca2090e0a8452237685f93609a4f .av-special-heading-tag .heading-char{\nfont-size:25px;\n}\n#top #wrap_all .av-special-heading.av-ki48jlgb-d008ca2090e0a8452237685f93609a4f .av-special-heading-tag{\nfont-size:4vw;\n}\n.av-special-heading.av-ki48jlgb-d008ca2090e0a8452237685f93609a4f .special-heading-inner-border{\nborder-color:#ffffff;\n}\n.av-special-heading.av-ki48jlgb-d008ca2090e0a8452237685f93609a4f .av-subheading{\nfont-size:25px;\n}\n\n@media only screen and (min-width: 480px) and (max-width: 767px){ \n#top #wrap_all .av-special-heading.av-ki48jlgb-d008ca2090e0a8452237685f93609a4f .av-special-heading-tag{\nfont-size:0.8em;\n}\n}\n\n@media only screen and (max-width: 479px){ \n#top #wrap_all .av-special-heading.av-ki48jlgb-d008ca2090e0a8452237685f93609a4f .av-special-heading-tag{\nfont-size:0.8em;\n}\n}\n<\/style>\n<div  class='av-special-heading av-ki48jlgb-d008ca2090e0a8452237685f93609a4f av-special-heading-h2 custom-color-heading blockquote modern-quote modern-centered  avia-builder-el-2  avia-builder-el-no-sibling  av-inherit-size'><h2 class='av-special-heading-tag'  itemprop=\"headline\"  >Grant and Subsidy management<\/h2><div class='av_custom_color av-subheading av-subheading_below'><p>Available grants<\/p>\n<\/div><div class=\"special-heading-border\"><div class=\"special-heading-inner-border\"><\/div><\/div><\/div><\/div>\n\n<\/div><\/div><\/main><!-- close content main element --><\/div><\/div><\/div><div class='clear'><\/div><div id='sub_menu1'  class='av-submenu-container av-ki5zt8y7-b457b7d60124ac20f22bd1e6a0797ea6 alternate_color  avia-builder-el-3  el_after_av_section  el_before_av_textblock  av-sticky-submenu submenu-not-first container_wrap fullsize' style='z-index:301' ><div class='container av-menu-mobile-disabled av-submenu-pos-center'><ul id=\"menu-palyazat\" class=\"av-subnav-menu\" role=\"menu\"><li role=\"menuitem\" id=\"menu-item-1307\" class=\"menu-item menu-item-type-post_type menu-item-object-page av-menu-button av-menu-button-colored menu-item-top-level menu-item-top-level-1\"><a href=\"https:\/\/semperprodest.hu\/en\/palyazat-es-tamogatas-sikerdijert\/\" itemprop=\"url\" tabindex=\"0\"><span class=\"avia-bullet\"><\/span><span class=\"avia-menu-text\">Grant and Subsidy management<\/span><span class=\"avia-menu-fx\"><span class=\"avia-arrow-wrap\"><span class=\"avia-arrow\"><\/span><\/span><\/span><\/a><\/li>\n<li role=\"menuitem\" id=\"menu-item-1306\" class=\"menu-item menu-item-type-post_type menu-item-object-page av-menu-button av-menu-button-colored menu-item-top-level menu-item-top-level-2\"><a href=\"https:\/\/semperprodest.hu\/en\/palyazati-hirek\/\" itemprop=\"url\" tabindex=\"0\"><span class=\"avia-bullet\"><\/span><span class=\"avia-menu-text\">Grant news (in hungarian)<\/span><span class=\"avia-menu-fx\"><span class=\"avia-arrow-wrap\"><span class=\"avia-arrow\"><\/span><\/span><\/span><\/a><\/li>\n<li role=\"menuitem\" id=\"menu-item-1305\" class=\"menu-item menu-item-type-post_type menu-item-object-page av-menu-button av-menu-button-colored menu-item-top-level menu-item-top-level-3\"><a href=\"https:\/\/semperprodest.hu\/en\/aktualis-palyazatok\/\" itemprop=\"url\" tabindex=\"0\"><span class=\"avia-bullet\"><\/span><span class=\"avia-menu-text\">Available grants<\/span><span class=\"avia-menu-fx\"><span class=\"avia-arrow-wrap\"><span class=\"avia-arrow\"><\/span><\/span><\/span><\/a><\/li>\n<\/ul><\/div><\/div><div class='sticky_placeholder'><\/div><div id='after_submenu_1'  class='main_color av_default_container_wrap container_wrap fullsize'  ><div class='container av-section-cont-open' ><div class='template-page content  av-content-full alpha units'><div class='post-entry post-entry-type-page post-entry-1183'><div class='entry-content-wrapper clearfix'>\n<section  class='av_textblock_section av-khg0uow9-7ce0dfb1fc79cc844b29afe45cee46f3'   itemscope=\"itemscope\" itemtype=\"https:\/\/schema.org\/CreativeWork\" ><div class='avia_textblock'  itemprop=\"text\" ><p style=\"text-align: justify;\">Ezen az oldalunkon olyan p\u00e1ly\u00e1zatokat sorolunk fel, amelyek hamarosan indulnak, \u00e9ppen elindultak, vagy b\u00e1r pillanatnyilag lez\u00e1rtak ugyan, de v\u00e1rhat\u00f3an \u00fajrany\u00edlnak.<\/p>\n<\/div><\/section>\n\n<style type=\"text\/css\" data-created_by=\"avia_inline_auto\" id=\"style-css-av-ki48clj6-1c2e529b3eaeebdb0d6e56d0765446e1\">\n.avia-icon-grid-container.av-ki48clj6-1c2e529b3eaeebdb0d6e56d0765446e1 .avia-icongrid{\njustify-content:space-between;\n}\n.avia-icon-grid-container.av-ki48clj6-1c2e529b3eaeebdb0d6e56d0765446e1 .avia-icongrid-wrapper .avia-icongrid-front{\nbackground-color:#205c86;\n}\n<\/style>\n\n<style type=\"text\/css\" data-created_by=\"avia_inline_auto\" id=\"style-css-sub-av-ki48clj6-1c2e529b3eaeebdb0d6e56d0765446e1\">\n.avia-icon-grid-container .avia-icongrid-wrapper.av-kz6whln8-152a159aa889af4f971c0b61bd1593ab .avia-icongrid-icon{\ncolor:#ffffff;\n}\n.avia-icon-grid-container .avia-icongrid-wrapper.av-kz6whln8-152a159aa889af4f971c0b61bd1593ab .avia-icongrid-icon .icongrid-char.avia-svg-icon svg:first-child{\nfill:#ffffff;\nstroke:#ffffff;\n}\n.avia-icon-grid-container .avia-icongrid-wrapper.av-kz6whln8-152a159aa889af4f971c0b61bd1593ab .icongrid_title{\ncolor:#ffffff;\n}\n.avia-icon-grid-container .avia-icongrid-wrapper.av-kz6whln8-152a159aa889af4f971c0b61bd1593ab .icongrid_subtitle{\ncolor:#0a0a0a;\n}\n.avia-icon-grid-container .avia-icongrid-wrapper.av-1xxlmn-bad38743ed693d70a67ad9200469b2a7 .avia-icongrid-icon{\ncolor:#ffffff;\n}\n.avia-icon-grid-container .avia-icongrid-wrapper.av-1xxlmn-bad38743ed693d70a67ad9200469b2a7 .avia-icongrid-icon .icongrid-char.avia-svg-icon svg:first-child{\nfill:#ffffff;\nstroke:#ffffff;\n}\n.avia-icon-grid-container .avia-icongrid-wrapper.av-1xxlmn-bad38743ed693d70a67ad9200469b2a7 .icongrid_title{\ncolor:#ffffff;\n}\n.avia-icon-grid-container .avia-icongrid-wrapper.av-213ua7-fda049f49b11761e5cf2a0bd101a63b8 .avia-icongrid-icon{\ncolor:#ffffff;\n}\n.avia-icon-grid-container .avia-icongrid-wrapper.av-213ua7-fda049f49b11761e5cf2a0bd101a63b8 .avia-icongrid-icon .icongrid-char.avia-svg-icon svg:first-child{\nfill:#ffffff;\nstroke:#ffffff;\n}\n.avia-icon-grid-container .avia-icongrid-wrapper.av-213ua7-fda049f49b11761e5cf2a0bd101a63b8 .icongrid_title{\ncolor:#ffffff;\n}\n<\/style>\n<div  class='avia-icon-grid-container av-ki48clj6-1c2e529b3eaeebdb0d6e56d0765446e1  avia-builder-el-5  el_after_av_textblock  el_before_av_hr' ><ul id='avia-icongrid-6a00493f13913' class='avia-icongrid clearfix avia_animate_when_almost_visible avia-icongrid-flipbox avia-icongrid-numrow-3 avia-cell-space-between av-flex-cells av-break-767 av-can-break-50'>\n<li class='av-icon-cell-item av-row-with-3-cells av-row-nr-1 av-cell-1 av-first-cell-row av-first-cell-item'><a href='https:\/\/semperprodest.hu\/en\/palyazat-elektromos-auto-tamogatas-maganszemelyeknek\/' title='Elektromos aut\u00f3 t\u00e1mogat\u00e1s mag\u00e1nszem\u00e9lyeknek'  class='avia-icongrid-wrapper av-kz6whln8-152a159aa889af4f971c0b61bd1593ab'><article class='article-icon-entry'  itemscope=\"itemscope\" itemtype=\"https:\/\/schema.org\/CreativeWork\" ><div class='avia-icongrid-front'><div class=\"avia-icongrid-inner\"><div class='avia-icongrid-icon'><span class='icongrid-char avia-iconfont avia-font-fontello' data-av_icon='\uf1b9' data-av_iconfont='fontello' ><\/span><\/div><header class=\"entry-content-header\" aria-label=\"Icon: Elektromos aut\u00f3 t\u00e1mogat\u00e1s mag\u00e1nszem\u00e9lyeknek\"><h4 class='av_icongrid_title icongrid_title'  itemprop=\"headline\" >Elektromos aut\u00f3 t\u00e1mogat\u00e1s mag\u00e1nszem\u00e9lyeknek<\/h4><h6 class='av_icongrid_subtitle icongrid_subtitle' ><p>HIVATALOSAN MEG NEM ER\u0150S\u00cdTETT TERVEZET<\/p>\n<\/h6><\/header><\/div><\/div><div class='avia-icongrid-flipback'><div class=\"avia-icongrid-inner\"><div class='avia-icongrid-text'  itemprop=\"text\" ><p><strong>Grant Amount:<\/strong> Max. 4 milli\u00f3 Ft.<\/p>\n<p><strong>Target Group: <\/strong>term\u00e9szetes szem\u00e9lyek<\/p>\n<p><strong>Region: <\/strong>Magyarorsz\u00e1g<\/p>\n<p>More details<\/p>\n<\/div><\/div><\/div><\/article><\/a><\/li>\n<li class='av-icon-cell-item av-row-with-3-cells av-row-nr-1 av-cell-2 av-first-cell-row av-inner-cell-item'><a href='https:\/\/semperprodest.hu\/en\/palyazat-elektromos-auto-tamogatas-zfr-d-o\/' title='Electric Vehicle Subsidy'  class='avia-icongrid-wrapper av-1xxlmn-bad38743ed693d70a67ad9200469b2a7'><article class='article-icon-entry'  itemscope=\"itemscope\" itemtype=\"https:\/\/schema.org\/CreativeWork\" ><div class='avia-icongrid-front'><div class=\"avia-icongrid-inner\"><div class='avia-icongrid-icon'><span class='icongrid-char avia-iconfont avia-font-fontello' data-av_icon='\uf1b9' data-av_iconfont='fontello' ><\/span><\/div><header class=\"entry-content-header\" aria-label=\"Icon: Elektromos aut\u00f3 t\u00e1mogat\u00e1s\"><h4 class='av_icongrid_title icongrid_title'  itemprop=\"headline\" >Electric Vehicle Subsidy<\/h4><h6 class='av_icongrid_subtitle icongrid_subtitle' ><p>RRF-REP-10.10.1-24<\/p>\n<\/h6><\/header><\/div><\/div><div class='avia-icongrid-flipback'><div class=\"avia-icongrid-inner\"><div class='avia-icongrid-text'  itemprop=\"text\" ><p><strong>Grant Amount:\u00a0\u00a0<\/strong>4 000 000 Ft<\/p>\n<p><strong>Target Group:<\/strong> V\u00e1llalkoz\u00e1sok, stb.<\/p>\n<p><strong>Region: <\/strong>Magyarorsz\u00e1g<\/p>\n<p>More details<\/p>\n<\/div><\/div><\/div><\/article><\/a><\/li>\n<li class='av-icon-cell-item av-row-with-3-cells av-row-nr-1 av-cell-3 av-first-cell-row av-last-cell-item'><a href='https:\/\/semperprodest.hu\/en\/palyazat-otthonfelujitas-tamogatas\/' title='Vid\u00e9ki otthonfel\u00faj\u00edt\u00e1s'  class='avia-icongrid-wrapper av-213ua7-fda049f49b11761e5cf2a0bd101a63b8'><article class='article-icon-entry'  itemscope=\"itemscope\" itemtype=\"https:\/\/schema.org\/CreativeWork\" ><div class='avia-icongrid-front'><div class=\"avia-icongrid-inner\"><div class='avia-icongrid-icon'><span class='icongrid-char avia-iconfont avia-font-entypo-fontello' data-av_icon='\ue821' data-av_iconfont='entypo-fontello' ><\/span><\/div><header class=\"entry-content-header\" aria-label=\"Icon: Vid\u00e9ki otthonfel\u00faj\u00edt\u00e1s\"><h4 class='av_icongrid_title icongrid_title'  itemprop=\"headline\" >Vid\u00e9ki otthonfel\u00faj\u00edt\u00e1s<\/h4><h6 class='av_icongrid_subtitle icongrid_subtitle' ><p>Lak\u00e1s \u00e9s h\u00e1zfel\u00faj\u00edt\u00e1s 2025<\/p>\n<\/h6><\/header><\/div><\/div><div class='avia-icongrid-flipback'><div class=\"avia-icongrid-inner\"><div class='avia-icongrid-text'  itemprop=\"text\" ><p><strong>Grant Amount:<\/strong> 3 milli\u00f3 Ft<\/p>\n<p><strong>Target Group:<\/strong> Mag\u00e1nszem\u00e9lyek<\/p>\n<p><strong>Region: <\/strong>5000 f\u0151 alatti telep\u00fcl\u00e9sek<\/p>\n<p>More details<\/p>\n<\/div><\/div><\/div><\/article><\/a><\/li>\n<\/ul><\/div>\n\n<style type=\"text\/css\" data-created_by=\"avia_inline_auto\" id=\"style-css-av-khp25eam-ab507ac4cc4c149189ca183cc66421ff\">\n#top .hr.av-khp25eam-ab507ac4cc4c149189ca183cc66421ff{\nmargin-top:30px;\nmargin-bottom:30px;\n}\n.hr.av-khp25eam-ab507ac4cc4c149189ca183cc66421ff .hr-inner{\nwidth:100%;\nborder-color:#e1e1e1;\nmax-width:45%;\n}\n.hr.av-khp25eam-ab507ac4cc4c149189ca183cc66421ff .av-seperator-icon{\ncolor:#e1e1e1;\n}\n.hr.av-khp25eam-ab507ac4cc4c149189ca183cc66421ff .av-seperator-icon.avia-svg-icon svg:first-child{\nfill:#e1e1e1;\nstroke:#e1e1e1;\n}\n<\/style>\n<div  class='hr av-khp25eam-ab507ac4cc4c149189ca183cc66421ff hr-custom  avia-builder-el-6  el_after_av_icongrid  avia-builder-el-last  hr-center hr-icon-yes'><span class='hr-inner inner-border-av-border-thin'><span class=\"hr-inner-style\"><\/span><\/span><span class='av-seperator-icon avia-iconfont avia-font-entypo-fontello' data-av_icon='\ue834' data-av_iconfont='entypo-fontello' ><\/span><span class='hr-inner inner-border-av-border-thin'><span class=\"hr-inner-style\"><\/span><\/span><\/div>","protected":false},"excerpt":{"rendered":"","protected":false},"author":1,"featured_media":0,"parent":0,"menu_order":0,"comment_status":"closed","ping_status":"closed","template":"","meta":{"footnotes":""},"class_list":["post-1183","page","type-page","status-publish","hentry"],"yoast_head":"<!-- This site is optimized with the Yoast SEO plugin v27.4 - https:\/\/yoast.com\/product\/yoast-seo-wordpress\/ -->\n<title>Aktu\u00e1lis p\u00e1ly\u00e1zatok &#8902; Semper Prodest Kft.<\/title>\n<meta name=\"description\" content=\"A legfrissebb \u00e9s legfontosabb Uni\u00f3s \u00e9s nemzeti p\u00e1ly\u00e1zatok. V\u00e1llalkoz\u00e1sfejleszt\u00e9s, elektromos j\u00e1rm\u0171vek, h\u00e1z- \u00e9s lak\u00e1sfel\u00faj\u00edt\u00e1s.\" \/>\n<meta name=\"robots\" content=\"index, follow, max-snippet:-1, max-image-preview:large, max-video-preview:-1\" \/>\n<link rel=\"canonical\" href=\"https:\/\/semperprodest.hu\/en\/aktualis-palyazatok\/\" \/>\n<meta property=\"og:locale\" content=\"en_US\" \/>\n<meta property=\"og:type\" content=\"article\" \/>\n<meta property=\"og:title\" content=\"Aktu\u00e1lis p\u00e1ly\u00e1zatok &#8902; Semper Prodest Kft.\" \/>\n<meta property=\"og:description\" content=\"A legfrissebb \u00e9s legfontosabb Uni\u00f3s \u00e9s nemzeti p\u00e1ly\u00e1zatok. V\u00e1llalkoz\u00e1sfejleszt\u00e9s, elektromos j\u00e1rm\u0171vek, h\u00e1z- \u00e9s lak\u00e1sfel\u00faj\u00edt\u00e1s.\" \/>\n<meta property=\"og:url\" content=\"https:\/\/semperprodest.hu\/en\/aktualis-palyazatok\/\" \/>\n<meta property=\"og:site_name\" content=\"Semper Prodest Kft.\" \/>\n<meta property=\"article:modified_time\" content=\"2025-08-20T16:58:04+00:00\" \/>\n<meta name=\"twitter:card\" content=\"summary_large_image\" \/>\n<meta name=\"twitter:label1\" content=\"Est. reading time\" \/>\n\t<meta name=\"twitter:data1\" content=\"1 minute\" \/>\n<script type=\"application\/ld+json\" class=\"yoast-schema-graph\">{\"@context\":\"https:\\\/\\\/schema.org\",\"@graph\":[{\"@type\":\"WebPage\",\"@id\":\"https:\\\/\\\/semperprodest.hu\\\/aktualis-palyazatok\\\/\",\"url\":\"https:\\\/\\\/semperprodest.hu\\\/aktualis-palyazatok\\\/\",\"name\":\"Aktu\u00e1lis p\u00e1ly\u00e1zatok &#8902; Semper Prodest Kft.\",\"isPartOf\":{\"@id\":\"https:\\\/\\\/semperprodest.hu\\\/#website\"},\"datePublished\":\"2020-11-30T07:35:45+00:00\",\"dateModified\":\"2025-08-20T16:58:04+00:00\",\"description\":\"A legfrissebb \u00e9s legfontosabb Uni\u00f3s \u00e9s nemzeti p\u00e1ly\u00e1zatok. V\u00e1llalkoz\u00e1sfejleszt\u00e9s, elektromos j\u00e1rm\u0171vek, h\u00e1z- \u00e9s lak\u00e1sfel\u00faj\u00edt\u00e1s.\",\"breadcrumb\":{\"@id\":\"https:\\\/\\\/semperprodest.hu\\\/aktualis-palyazatok\\\/#breadcrumb\"},\"inLanguage\":\"en-US\",\"potentialAction\":[{\"@type\":\"ReadAction\",\"target\":[\"https:\\\/\\\/semperprodest.hu\\\/aktualis-palyazatok\\\/\"]}]},{\"@type\":\"BreadcrumbList\",\"@id\":\"https:\\\/\\\/semperprodest.hu\\\/aktualis-palyazatok\\\/#breadcrumb\",\"itemListElement\":[{\"@type\":\"ListItem\",\"position\":1,\"name\":\"Kezd\u0151lap\",\"item\":\"https:\\\/\\\/semperprodest.hu\\\/fooldal\\\/\"},{\"@type\":\"ListItem\",\"position\":2,\"name\":\"Aktu\u00e1lis p\u00e1ly\u00e1zatok\"}]},{\"@type\":\"WebSite\",\"@id\":\"https:\\\/\\\/semperprodest.hu\\\/#website\",\"url\":\"https:\\\/\\\/semperprodest.hu\\\/\",\"name\":\"Semper Prodest Kft.\",\"description\":\"P\u00e1ly\u00e1zat, informatika\",\"publisher\":{\"@id\":\"https:\\\/\\\/semperprodest.hu\\\/#organization\"},\"potentialAction\":[{\"@type\":\"SearchAction\",\"target\":{\"@type\":\"EntryPoint\",\"urlTemplate\":\"https:\\\/\\\/semperprodest.hu\\\/?s={search_term_string}\"},\"query-input\":{\"@type\":\"PropertyValueSpecification\",\"valueRequired\":true,\"valueName\":\"search_term_string\"}}],\"inLanguage\":\"en-US\"},{\"@type\":\"Organization\",\"@id\":\"https:\\\/\\\/semperprodest.hu\\\/#organization\",\"name\":\"Semper Prodest Kft.\",\"url\":\"https:\\\/\\\/semperprodest.hu\\\/\",\"logo\":{\"@type\":\"ImageObject\",\"inLanguage\":\"en-US\",\"@id\":\"https:\\\/\\\/semperprodest.hu\\\/#\\\/schema\\\/logo\\\/image\\\/\",\"url\":\"https:\\\/\\\/semperprodest.hu\\\/wp-content\\\/uploads\\\/2020\\\/10\\\/semper-prodest-logo.png\",\"contentUrl\":\"https:\\\/\\\/semperprodest.hu\\\/wp-content\\\/uploads\\\/2020\\\/10\\\/semper-prodest-logo.png\",\"width\":340,\"height\":156,\"caption\":\"Semper Prodest Kft.\"},\"image\":{\"@id\":\"https:\\\/\\\/semperprodest.hu\\\/#\\\/schema\\\/logo\\\/image\\\/\"}}]}<\/script>\n<!-- \/ Yoast SEO plugin. -->","yoast_head_json":{"title":"Aktu\u00e1lis p\u00e1ly\u00e1zatok &#8902; Semper Prodest Kft.","description":"A legfrissebb \u00e9s legfontosabb Uni\u00f3s \u00e9s nemzeti p\u00e1ly\u00e1zatok. V\u00e1llalkoz\u00e1sfejleszt\u00e9s, elektromos j\u00e1rm\u0171vek, h\u00e1z- \u00e9s lak\u00e1sfel\u00faj\u00edt\u00e1s.","robots":{"index":"index","follow":"follow","max-snippet":"max-snippet:-1","max-image-preview":"max-image-preview:large","max-video-preview":"max-video-preview:-1"},"canonical":"https:\/\/semperprodest.hu\/en\/aktualis-palyazatok\/","og_locale":"en_US","og_type":"article","og_title":"Aktu\u00e1lis p\u00e1ly\u00e1zatok &#8902; Semper Prodest Kft.","og_description":"A legfrissebb \u00e9s legfontosabb Uni\u00f3s \u00e9s nemzeti p\u00e1ly\u00e1zatok. V\u00e1llalkoz\u00e1sfejleszt\u00e9s, elektromos j\u00e1rm\u0171vek, h\u00e1z- \u00e9s lak\u00e1sfel\u00faj\u00edt\u00e1s.","og_url":"https:\/\/semperprodest.hu\/en\/aktualis-palyazatok\/","og_site_name":"Semper Prodest Kft.","article_modified_time":"2025-08-20T16:58:04+00:00","twitter_card":"summary_large_image","twitter_misc":{"Est. reading time":"1 minute"},"schema":{"@context":"https:\/\/schema.org","@graph":[{"@type":"WebPage","@id":"https:\/\/semperprodest.hu\/aktualis-palyazatok\/","url":"https:\/\/semperprodest.hu\/aktualis-palyazatok\/","name":"Aktu\u00e1lis p\u00e1ly\u00e1zatok &#8902; Semper Prodest Kft.","isPartOf":{"@id":"https:\/\/semperprodest.hu\/#website"},"datePublished":"2020-11-30T07:35:45+00:00","dateModified":"2025-08-20T16:58:04+00:00","description":"A legfrissebb \u00e9s legfontosabb Uni\u00f3s \u00e9s nemzeti p\u00e1ly\u00e1zatok. V\u00e1llalkoz\u00e1sfejleszt\u00e9s, elektromos j\u00e1rm\u0171vek, h\u00e1z- \u00e9s lak\u00e1sfel\u00faj\u00edt\u00e1s.","breadcrumb":{"@id":"https:\/\/semperprodest.hu\/aktualis-palyazatok\/#breadcrumb"},"inLanguage":"en-US","potentialAction":[{"@type":"ReadAction","target":["https:\/\/semperprodest.hu\/aktualis-palyazatok\/"]}]},{"@type":"BreadcrumbList","@id":"https:\/\/semperprodest.hu\/aktualis-palyazatok\/#breadcrumb","itemListElement":[{"@type":"ListItem","position":1,"name":"Kezd\u0151lap","item":"https:\/\/semperprodest.hu\/fooldal\/"},{"@type":"ListItem","position":2,"name":"Aktu\u00e1lis p\u00e1ly\u00e1zatok"}]},{"@type":"WebSite","@id":"https:\/\/semperprodest.hu\/#website","url":"https:\/\/semperprodest.hu\/","name":"Semper Prodest Ltd.","description":"P\u00e1ly\u00e1zat, informatika","publisher":{"@id":"https:\/\/semperprodest.hu\/#organization"},"potentialAction":[{"@type":"SearchAction","target":{"@type":"EntryPoint","urlTemplate":"https:\/\/semperprodest.hu\/?s={search_term_string}"},"query-input":{"@type":"PropertyValueSpecification","valueRequired":true,"valueName":"search_term_string"}}],"inLanguage":"en-US"},{"@type":"Organization","@id":"https:\/\/semperprodest.hu\/#organization","name":"Semper Prodest Ltd.","url":"https:\/\/semperprodest.hu\/","logo":{"@type":"ImageObject","inLanguage":"en-US","@id":"https:\/\/semperprodest.hu\/#\/schema\/logo\/image\/","url":"https:\/\/semperprodest.hu\/wp-content\/uploads\/2020\/10\/semper-prodest-logo.png","contentUrl":"https:\/\/semperprodest.hu\/wp-content\/uploads\/2020\/10\/semper-prodest-logo.png","width":340,"height":156,"caption":"Semper Prodest Kft."},"image":{"@id":"https:\/\/semperprodest.hu\/#\/schema\/logo\/image\/"}}]}},"jetpack_sharing_enabled":true,"_links":{"self":[{"href":"https:\/\/semperprodest.hu\/en\/wp-json\/wp\/v2\/pages\/1183","targetHints":{"allow":["GET"]}}],"collection":[{"href":"https:\/\/semperprodest.hu\/en\/wp-json\/wp\/v2\/pages"}],"about":[{"href":"https:\/\/semperprodest.hu\/en\/wp-json\/wp\/v2\/types\/page"}],"author":[{"embeddable":true,"href":"https:\/\/semperprodest.hu\/en\/wp-json\/wp\/v2\/users\/1"}],"replies":[{"embeddable":true,"href":"https:\/\/semperprodest.hu\/en\/wp-json\/wp\/v2\/comments?post=1183"}],"version-history":[{"count":84,"href":"https:\/\/semperprodest.hu\/en\/wp-json\/wp\/v2\/pages\/1183\/revisions"}],"predecessor-version":[{"id":2080,"href":"https:\/\/semperprodest.hu\/en\/wp-json\/wp\/v2\/pages\/1183\/revisions\/2080"}],"wp:attachment":[{"href":"https:\/\/semperprodest.hu\/en\/wp-json\/wp\/v2\/media?parent=1183"}],"curies":[{"name":"wp","href":"https:\/\/api.w.org\/{rel}","templated":true}]}}