{"id":1342,"date":"2020-12-02T19:00:57","date_gmt":"2020-12-02T18:00:57","guid":{"rendered":"https:\/\/semperprodest.hu\/?page_id=1342"},"modified":"2020-12-02T19:07:33","modified_gmt":"2020-12-02T18:07:33","slug":"adohirek","status":"publish","type":"page","link":"https:\/\/semperprodest.hu\/en\/adohirek\/","title":{"rendered":"Ad\u00f3h\u00edrek"},"content":{"rendered":"<style type=\"text\/css\" data-created_by=\"avia_inline_auto\" id=\"style-css-av-145nae-651eae05fb78bdd4dd273144f78011ac\">\n.avia-section.av-145nae-651eae05fb78bdd4dd273144f78011ac{\nbackground-repeat:no-repeat;\nbackground-image:url(https:\/\/semperprodest.hu\/wp-content\/uploads\/2018\/05\/hero-blurred.jpg);\nbackground-position:50% 50%;\nbackground-attachment:scroll;\n}\n.avia-section.av-145nae-651eae05fb78bdd4dd273144f78011ac .av-section-color-overlay{\nopacity:0.6;\nbackground-color:#084a79;\n}\n<\/style>\n<div id='av_section_1'  class='avia-section av-145nae-651eae05fb78bdd4dd273144f78011ac main_color avia-section-default avia-no-border-styling  avia-builder-el-0  el_before_av_submenu  avia-builder-el-first  avia-full-stretch avia-bg-style-scroll av-section-color-overlay-active av-minimum-height av-minimum-height-custom av-height-custom  container_wrap fullsize'  data-section-bg-repeat='stretch' data-av_minimum_height_px='230'><div class=\"av-section-color-overlay-wrap\"><div class=\"av-section-color-overlay\"><\/div><div class='container av-section-cont-open' style='height:230px'><main  role=\"main\" itemprop=\"mainContentOfPage\"  class='template-page content  av-content-full alpha units'><div class='post-entry post-entry-type-page post-entry-1342'><div class='entry-content-wrapper clearfix'>\n\n<style type=\"text\/css\" data-created_by=\"avia_inline_auto\" id=\"style-css-av-jgf3pjem-ee2a691ebc0a9a100bc99d372a9c72ca\">\n#top .flex_column.av-jgf3pjem-ee2a691ebc0a9a100bc99d372a9c72ca{\nmargin-top:0px;\nmargin-bottom:0px;\n}\n.flex_column.av-jgf3pjem-ee2a691ebc0a9a100bc99d372a9c72ca{\nborder-radius:0px 0px 0px 0px;\npadding:0px 0px 0px 0px;\n}\n.responsive #top #wrap_all .flex_column.av-jgf3pjem-ee2a691ebc0a9a100bc99d372a9c72ca{\nmargin-top:0px;\nmargin-bottom:0px;\n}\n<\/style>\n<div  class='flex_column av-jgf3pjem-ee2a691ebc0a9a100bc99d372a9c72ca av_one_full  avia-builder-el-1  avia-builder-el-no-sibling  first flex_column_div av-animated-generic left-to-right av-zero-column-padding'     ><style type=\"text\/css\" data-created_by=\"avia_inline_auto\" id=\"style-css-av-ki7pghh5-2aecd0319790c0ea19eea76428ed0d6c\">\n#top .av-special-heading.av-ki7pghh5-2aecd0319790c0ea19eea76428ed0d6c{\nmargin:0 0 0 0;\npadding-bottom:0;\ncolor:#ffffff;\nfont-size:4vw;\n}\nbody .av-special-heading.av-ki7pghh5-2aecd0319790c0ea19eea76428ed0d6c .av-special-heading-tag .heading-char{\nfont-size:25px;\n}\n#top #wrap_all .av-special-heading.av-ki7pghh5-2aecd0319790c0ea19eea76428ed0d6c .av-special-heading-tag{\nfont-size:4vw;\n}\n.av-special-heading.av-ki7pghh5-2aecd0319790c0ea19eea76428ed0d6c .special-heading-inner-border{\nborder-color:#ffffff;\n}\n.av-special-heading.av-ki7pghh5-2aecd0319790c0ea19eea76428ed0d6c .av-subheading{\nfont-size:25px;\n}\n\n@media only screen and (min-width: 480px) and (max-width: 767px){ \n#top #wrap_all .av-special-heading.av-ki7pghh5-2aecd0319790c0ea19eea76428ed0d6c .av-special-heading-tag{\nfont-size:0.8em;\n}\n}\n\n@media only screen and (max-width: 479px){ \n#top #wrap_all .av-special-heading.av-ki7pghh5-2aecd0319790c0ea19eea76428ed0d6c .av-special-heading-tag{\nfont-size:0.8em;\n}\n}\n<\/style>\n<div  class='av-special-heading av-ki7pghh5-2aecd0319790c0ea19eea76428ed0d6c av-special-heading-h2 custom-color-heading blockquote modern-quote modern-centered  avia-builder-el-2  avia-builder-el-no-sibling  av-inherit-size'><h2 class='av-special-heading-tag'  itemprop=\"headline\"  >K\u00f6nyvvitel \u00e9s ad\u00f3tan\u00e1csad\u00e1s<\/h2><div class='av_custom_color av-subheading av-subheading_below'><p>Ad\u00f3h\u00edrek<\/p>\n<\/div><div class=\"special-heading-border\"><div class=\"special-heading-inner-border\"><\/div><\/div><\/div><\/div>\n\n<\/div><\/div><\/main><!-- close content main element --><\/div><\/div><\/div><div class='clear'><\/div><div id='sub_menu1'  class='av-submenu-container av-ki5zt8y7-ff4a41493134e3c17d2d0c827a099279 alternate_color  avia-builder-el-3  el_after_av_section  el_before_av_blog  av-sticky-submenu submenu-not-first container_wrap fullsize' style='z-index:301' ><div class='container av-menu-mobile-disabled av-submenu-pos-center'><ul id=\"menu-konyveles\" class=\"av-subnav-menu\" role=\"menu\"><li role=\"menuitem\" id=\"menu-item-1345\" class=\"menu-item menu-item-type-post_type menu-item-object-page av-menu-button av-menu-button-colored menu-item-top-level menu-item-top-level-1\"><a href=\"https:\/\/semperprodest.hu\/en\/konyveles-es-adotanacsadas-palyazatokkal\/\" itemprop=\"url\" tabindex=\"0\"><span class=\"avia-bullet\"><\/span><span class=\"avia-menu-text\">K\u00f6nyvel\u00e9s<\/span><span class=\"avia-menu-fx\"><span class=\"avia-arrow-wrap\"><span class=\"avia-arrow\"><\/span><\/span><\/span><\/a><\/li>\n<li role=\"menuitem\" id=\"menu-item-1344\" class=\"menu-item menu-item-type-post_type menu-item-object-page av-menu-button av-menu-button-colored menu-item-top-level menu-item-top-level-2\"><a href=\"https:\/\/semperprodest.hu\/en\/adohirek\/\" itemprop=\"url\" tabindex=\"0\"><span class=\"avia-bullet\"><\/span><span class=\"avia-menu-text\">Ad\u00f3h\u00edrek<\/span><span class=\"avia-menu-fx\"><span class=\"avia-arrow-wrap\"><span class=\"avia-arrow\"><\/span><\/span><\/span><\/a><\/li>\n<\/ul><\/div><\/div><div class='sticky_placeholder'><\/div><div id='after_submenu_1'  class='main_color av_default_container_wrap container_wrap fullsize'  ><div class='container av-section-cont-open' ><div class='template-page content  av-content-full alpha units'><div class='post-entry post-entry-type-page post-entry-1342'><div class='entry-content-wrapper clearfix'>\n<div  class='av-alb-blogposts template-blog  av-blog-meta-author-disabled av-blog-meta-comments-disabled av-blog-meta-html-info-disabled'  itemscope=\"itemscope\" itemtype=\"https:\/\/schema.org\/Blog\" ><article class=\"post-entry post-entry-type-standard post-entry-1337 post-loop-1 post-parity-odd post-entry-last single-big with-slider post-1337 post type-post status-publish format-standard has-post-thumbnail hentry category-konyveles tag-elektronikus-szamla tag-nav tag-online-szamlazas\"  itemscope=\"itemscope\" itemtype=\"https:\/\/schema.org\/BlogPosting\" ><div class=\"blog-meta\"><\/div><div class='entry-content-wrapper clearfix standard-content'><header class=\"entry-content-header\" aria-label=\"Post: J\u00f6v\u0151re v\u00e9get \u00e9rhet a pap\u00edrsz\u00e1ml\u00e1k kora\"><div class=\"av-heading-wrapper\"><span class=\"blog-categories minor-meta\"><a href=\"https:\/\/semperprodest.hu\/en\/category\/konyveles\/\" rel=\"tag\">K\u00f6nyvel\u00e9s<\/a><\/span><h2 class='post-title entry-title'  itemprop=\"headline\" ><a href=\"https:\/\/semperprodest.hu\/en\/2020\/12\/02\/jovore-veget-erhet-a-papirszamlak-kora\/\" rel=\"bookmark\" title=\"Permanent Link: J\u00f6v\u0151re v\u00e9get \u00e9rhet a pap\u00edrsz\u00e1ml\u00e1k kora\">J\u00f6v\u0151re v\u00e9get \u00e9rhet a pap\u00edrsz\u00e1ml\u00e1k kora<span class=\"post-format-icon minor-meta\"><\/span><\/a><\/h2><\/div><\/header><span class=\"av-vertical-delimiter\"><\/span><div class=\"big-preview single-big\"  itemprop=\"image\" itemscope=\"itemscope\" itemtype=\"https:\/\/schema.org\/ImageObject\" ><a href=\"https:\/\/semperprodest.hu\/en\/2020\/12\/02\/jovore-veget-erhet-a-papirszamlak-kora\/\"  title=\"Elektronikus sza\u0301mla\" ><img decoding=\"async\" loading=\"lazy\" width=\"1200\" height=\"423\" src=\"https:\/\/semperprodest.hu\/wp-content\/uploads\/2020\/12\/Az-elektronikus-sza\u0301mla-elo\u030bnyei-1200x423.png\" class=\"wp-image-1338 avia-img-lazy-loading-1338 attachment-entry_without_sidebar size-entry_without_sidebar wp-post-image\" alt=\"Elektronikus sz\u00e1ml\u00e1z\u00e1s\" \/><\/a><\/div><div class=\"entry-content\"  itemprop=\"text\" ><p>\u201eV\u00e9get vet a pap\u00edrsz\u00e1ml\u00e1k kor\u00e1nak a leg\u00fajabb ad\u00f3\u00fcgyi fejleszt\u00e9s; az a v\u00e1llalkoz\u00e1s pedig, amely a pap\u00edrsz\u00e1ml\u00e1r\u00f3l elektronikus sz\u00e1ml\u00e1z\u00e1sra t\u00e9r \u00e1t, sz\u00e1ml\u00e1nk\u00e9nt ak\u00e1r h\u00e9tsz\u00e1z forintot is sp\u00f3rolhat \u2013 jelentette be Izer Norbert, a P\u00e9nz\u00fcgyminiszt\u00e9rium ad\u00f3\u00fcgyek\u00e9rt felel\u0151s \u00e1llamtitk\u00e1ra. &#8222;2021-ben ez minden v\u00e1llalkoz\u00e1snak gyakorlatilag egyetlen kattint\u00e1ssal el\u00e9rhet\u0151 lesz, hiszen j\u00f6v\u0151re az ad\u00f3hivatalba k\u00fcld\u00f6tt online sz\u00e1mlaadatok az erre ir\u00e1nyul\u00f3 [&hellip;]<\/p>\n<\/div><span class=\"post-meta-infos\"><time class=\"date-container minor-meta updated\"  itemprop=\"datePublished\" datetime=\"2020-12-02T18:41:20+02:00\" >2020.12.02.<\/time><\/span><footer class=\"entry-footer\"><\/footer><div class='post_delimiter'><\/div><\/div><div class=\"post_author_timeline\"><\/div><span class='hidden'>\n\t\t\t\t<span class='av-structured-data'  itemprop=\"image\" itemscope=\"itemscope\" itemtype=\"https:\/\/schema.org\/ImageObject\" >\n\t\t\t\t\t\t<span itemprop='url'>https:\/\/semperprodest.hu\/wp-content\/uploads\/2020\/12\/Az-elektronikus-sza\u0301mla-elo\u030bnyei.png<\/span>\n\t\t\t\t\t\t<span itemprop='height'>628<\/span>\n\t\t\t\t\t\t<span itemprop='width'>1200<\/span>\n\t\t\t\t<\/span>\n\t\t\t\t<span class='av-structured-data'  itemprop=\"publisher\" itemtype=\"https:\/\/schema.org\/Organization\" itemscope=\"itemscope\" >\n\t\t\t\t\t\t<span itemprop='name'>csernatig<\/span>\n\t\t\t\t\t\t<span itemprop='logo' itemscope itemtype='https:\/\/schema.org\/ImageObject'>\n\t\t\t\t\t\t\t<span itemprop='url'>https:\/\/semperprodest.hu\/wp-content\/uploads\/2020\/10\/semper-prodest-logo.png<\/span>\n\t\t\t\t\t\t<\/span>\n\t\t\t\t<\/span><span class='av-structured-data'  itemprop=\"author\" itemscope=\"itemscope\" itemtype=\"https:\/\/schema.org\/Person\" ><span itemprop='name'>csernatig<\/span><\/span><span class='av-structured-data'  itemprop=\"datePublished\" datetime=\"2020-12-02T18:41:20+02:00\" >2020-12-02 18:41:20<\/span><span class='av-structured-data'  itemprop=\"dateModified\" itemtype=\"https:\/\/schema.org\/dateModified\" >2020-12-02 19:57:40<\/span><span class='av-structured-data'  itemprop=\"mainEntityOfPage\" itemtype=\"https:\/\/schema.org\/mainEntityOfPage\" ><span itemprop='name'>J\u00f6v\u0151re v\u00e9get \u00e9rhet a pap\u00edrsz\u00e1ml\u00e1k kora<\/span><\/span><\/span><\/article><div class='single-big'><\/div><\/div>","protected":false},"excerpt":{"rendered":"","protected":false},"author":1,"featured_media":0,"parent":0,"menu_order":0,"comment_status":"closed","ping_status":"closed","template":"","meta":{"footnotes":""},"class_list":["post-1342","page","type-page","status-publish","hentry"],"yoast_head":"<!-- This site is optimized with the Yoast SEO plugin v26.4 - https:\/\/yoast.com\/wordpress\/plugins\/seo\/ -->\n<title>Ad\u00f3h\u00edrek &#8902; Semper Prodest Kft.<\/title>\n<meta name=\"robots\" content=\"index, follow, max-snippet:-1, max-image-preview:large, max-video-preview:-1\" \/>\n<link rel=\"canonical\" href=\"https:\/\/semperprodest.hu\/en\/adohirek\/\" \/>\n<meta property=\"og:locale\" content=\"en_US\" \/>\n<meta property=\"og:type\" content=\"article\" \/>\n<meta property=\"og:title\" content=\"Ad\u00f3h\u00edrek &#8902; Semper Prodest Kft.\" \/>\n<meta property=\"og:url\" content=\"https:\/\/semperprodest.hu\/en\/adohirek\/\" \/>\n<meta property=\"og:site_name\" content=\"Semper Prodest Kft.\" \/>\n<meta property=\"article:modified_time\" content=\"2020-12-02T18:07:33+00:00\" \/>\n<meta name=\"twitter:card\" content=\"summary_large_image\" \/>\n<meta name=\"twitter:label1\" content=\"Est. reading time\" \/>\n\t<meta name=\"twitter:data1\" content=\"2 minutes\" \/>\n<script type=\"application\/ld+json\" class=\"yoast-schema-graph\">{\"@context\":\"https:\/\/schema.org\",\"@graph\":[{\"@type\":\"WebPage\",\"@id\":\"https:\/\/semperprodest.hu\/adohirek\/\",\"url\":\"https:\/\/semperprodest.hu\/adohirek\/\",\"name\":\"Ad\u00f3h\u00edrek &#8902; Semper Prodest Kft.\",\"isPartOf\":{\"@id\":\"https:\/\/semperprodest.hu\/#website\"},\"datePublished\":\"2020-12-02T18:00:57+00:00\",\"dateModified\":\"2020-12-02T18:07:33+00:00\",\"breadcrumb\":{\"@id\":\"https:\/\/semperprodest.hu\/adohirek\/#breadcrumb\"},\"inLanguage\":\"en-US\",\"potentialAction\":[{\"@type\":\"ReadAction\",\"target\":[\"https:\/\/semperprodest.hu\/adohirek\/\"]}]},{\"@type\":\"BreadcrumbList\",\"@id\":\"https:\/\/semperprodest.hu\/adohirek\/#breadcrumb\",\"itemListElement\":[{\"@type\":\"ListItem\",\"position\":1,\"name\":\"Kezd\u0151lap\",\"item\":\"https:\/\/semperprodest.hu\/fooldal\/\"},{\"@type\":\"ListItem\",\"position\":2,\"name\":\"Ad\u00f3h\u00edrek\"}]},{\"@type\":\"WebSite\",\"@id\":\"https:\/\/semperprodest.hu\/#website\",\"url\":\"https:\/\/semperprodest.hu\/\",\"name\":\"Semper Prodest Kft.\",\"description\":\"P\u00e1ly\u00e1zat, informatika\",\"publisher\":{\"@id\":\"https:\/\/semperprodest.hu\/#organization\"},\"potentialAction\":[{\"@type\":\"SearchAction\",\"target\":{\"@type\":\"EntryPoint\",\"urlTemplate\":\"https:\/\/semperprodest.hu\/?s={search_term_string}\"},\"query-input\":{\"@type\":\"PropertyValueSpecification\",\"valueRequired\":true,\"valueName\":\"search_term_string\"}}],\"inLanguage\":\"en-US\"},{\"@type\":\"Organization\",\"@id\":\"https:\/\/semperprodest.hu\/#organization\",\"name\":\"Semper Prodest Kft.\",\"url\":\"https:\/\/semperprodest.hu\/\",\"logo\":{\"@type\":\"ImageObject\",\"inLanguage\":\"en-US\",\"@id\":\"https:\/\/semperprodest.hu\/#\/schema\/logo\/image\/\",\"url\":\"https:\/\/semperprodest.hu\/wp-content\/uploads\/2020\/10\/semper-prodest-logo.png\",\"contentUrl\":\"https:\/\/semperprodest.hu\/wp-content\/uploads\/2020\/10\/semper-prodest-logo.png\",\"width\":340,\"height\":156,\"caption\":\"Semper Prodest Kft.\"},\"image\":{\"@id\":\"https:\/\/semperprodest.hu\/#\/schema\/logo\/image\/\"}}]}<\/script>\n<!-- \/ Yoast SEO plugin. -->","yoast_head_json":{"title":"Ad\u00f3h\u00edrek &#8902; Semper Prodest Kft.","robots":{"index":"index","follow":"follow","max-snippet":"max-snippet:-1","max-image-preview":"max-image-preview:large","max-video-preview":"max-video-preview:-1"},"canonical":"https:\/\/semperprodest.hu\/en\/adohirek\/","og_locale":"en_US","og_type":"article","og_title":"Ad\u00f3h\u00edrek &#8902; Semper Prodest Kft.","og_url":"https:\/\/semperprodest.hu\/en\/adohirek\/","og_site_name":"Semper Prodest Kft.","article_modified_time":"2020-12-02T18:07:33+00:00","twitter_card":"summary_large_image","twitter_misc":{"Est. reading time":"2 minutes"},"schema":{"@context":"https:\/\/schema.org","@graph":[{"@type":"WebPage","@id":"https:\/\/semperprodest.hu\/adohirek\/","url":"https:\/\/semperprodest.hu\/adohirek\/","name":"Ad\u00f3h\u00edrek &#8902; Semper Prodest Kft.","isPartOf":{"@id":"https:\/\/semperprodest.hu\/#website"},"datePublished":"2020-12-02T18:00:57+00:00","dateModified":"2020-12-02T18:07:33+00:00","breadcrumb":{"@id":"https:\/\/semperprodest.hu\/adohirek\/#breadcrumb"},"inLanguage":"en-US","potentialAction":[{"@type":"ReadAction","target":["https:\/\/semperprodest.hu\/adohirek\/"]}]},{"@type":"BreadcrumbList","@id":"https:\/\/semperprodest.hu\/adohirek\/#breadcrumb","itemListElement":[{"@type":"ListItem","position":1,"name":"Kezd\u0151lap","item":"https:\/\/semperprodest.hu\/fooldal\/"},{"@type":"ListItem","position":2,"name":"Ad\u00f3h\u00edrek"}]},{"@type":"WebSite","@id":"https:\/\/semperprodest.hu\/#website","url":"https:\/\/semperprodest.hu\/","name":"Semper Prodest Ltd.","description":"P\u00e1ly\u00e1zat, informatika","publisher":{"@id":"https:\/\/semperprodest.hu\/#organization"},"potentialAction":[{"@type":"SearchAction","target":{"@type":"EntryPoint","urlTemplate":"https:\/\/semperprodest.hu\/?s={search_term_string}"},"query-input":{"@type":"PropertyValueSpecification","valueRequired":true,"valueName":"search_term_string"}}],"inLanguage":"en-US"},{"@type":"Organization","@id":"https:\/\/semperprodest.hu\/#organization","name":"Semper Prodest Ltd.","url":"https:\/\/semperprodest.hu\/","logo":{"@type":"ImageObject","inLanguage":"en-US","@id":"https:\/\/semperprodest.hu\/#\/schema\/logo\/image\/","url":"https:\/\/semperprodest.hu\/wp-content\/uploads\/2020\/10\/semper-prodest-logo.png","contentUrl":"https:\/\/semperprodest.hu\/wp-content\/uploads\/2020\/10\/semper-prodest-logo.png","width":340,"height":156,"caption":"Semper Prodest Kft."},"image":{"@id":"https:\/\/semperprodest.hu\/#\/schema\/logo\/image\/"}}]}},"jetpack_sharing_enabled":true,"_links":{"self":[{"href":"https:\/\/semperprodest.hu\/en\/wp-json\/wp\/v2\/pages\/1342","targetHints":{"allow":["GET"]}}],"collection":[{"href":"https:\/\/semperprodest.hu\/en\/wp-json\/wp\/v2\/pages"}],"about":[{"href":"https:\/\/semperprodest.hu\/en\/wp-json\/wp\/v2\/types\/page"}],"author":[{"embeddable":true,"href":"https:\/\/semperprodest.hu\/en\/wp-json\/wp\/v2\/users\/1"}],"replies":[{"embeddable":true,"href":"https:\/\/semperprodest.hu\/en\/wp-json\/wp\/v2\/comments?post=1342"}],"version-history":[{"count":5,"href":"https:\/\/semperprodest.hu\/en\/wp-json\/wp\/v2\/pages\/1342\/revisions"}],"predecessor-version":[{"id":1869,"href":"https:\/\/semperprodest.hu\/en\/wp-json\/wp\/v2\/pages\/1342\/revisions\/1869"}],"wp:attachment":[{"href":"https:\/\/semperprodest.hu\/en\/wp-json\/wp\/v2\/media?parent=1342"}],"curies":[{"name":"wp","href":"https:\/\/api.w.org\/{rel}","templated":true}]}}