{"id":154,"date":"2015-07-16T09:12:44","date_gmt":"2015-07-16T09:12:44","guid":{"rendered":"http:\/\/test.kriesi.at\/minimal-portfolio\/?page_id=154"},"modified":"2023-02-14T11:47:43","modified_gmt":"2023-02-14T09:47:43","slug":"rolunk","status":"publish","type":"page","link":"https:\/\/semperprodest.hu\/en\/rolunk\/","title":{"rendered":"About us"},"content":{"rendered":"<style type=\"text\/css\" data-created_by=\"avia_inline_auto\" id=\"style-css-av-145nae-6e5e252382151ee016ca82ad5fa04de3\">\n.avia-section.av-145nae-6e5e252382151ee016ca82ad5fa04de3{\nbackground-repeat:no-repeat;\nbackground-image:url(https:\/\/semperprodest.hu\/wp-content\/uploads\/2018\/05\/hero-skyscraper.jpg);\nbackground-position:50% 50%;\nbackground-attachment:scroll;\n}\n.avia-section.av-145nae-6e5e252382151ee016ca82ad5fa04de3 .av-section-color-overlay{\nopacity:0.6;\nbackground-color:#084a79;\n}\n<\/style>\n<div id='av_section_1'  class='avia-section av-145nae-6e5e252382151ee016ca82ad5fa04de3 main_color avia-section-default avia-no-border-styling  avia-builder-el-0  el_before_av_section  avia-builder-el-first  avia-full-stretch avia-bg-style-scroll av-section-color-overlay-active av-minimum-height av-minimum-height-custom av-height-custom  container_wrap fullsize'  data-section-bg-repeat='stretch' data-av_minimum_height_px='230'><div class=\"av-section-color-overlay-wrap\"><div class=\"av-section-color-overlay\"><\/div><div class='container av-section-cont-open' style='height:230px'><main  role=\"main\" itemprop=\"mainContentOfPage\"  class='template-page content  av-content-full alpha units'><div class='post-entry post-entry-type-page post-entry-154'><div class='entry-content-wrapper clearfix'>\n\n<style type=\"text\/css\" data-created_by=\"avia_inline_auto\" id=\"style-css-av-jgf3pjem-ee2a691ebc0a9a100bc99d372a9c72ca\">\n#top .flex_column.av-jgf3pjem-ee2a691ebc0a9a100bc99d372a9c72ca{\nmargin-top:0px;\nmargin-bottom:0px;\n}\n.flex_column.av-jgf3pjem-ee2a691ebc0a9a100bc99d372a9c72ca{\nborder-radius:0px 0px 0px 0px;\npadding:0px 0px 0px 0px;\n}\n.responsive #top #wrap_all .flex_column.av-jgf3pjem-ee2a691ebc0a9a100bc99d372a9c72ca{\nmargin-top:0px;\nmargin-bottom:0px;\n}\n<\/style>\n<div  class='flex_column av-jgf3pjem-ee2a691ebc0a9a100bc99d372a9c72ca av_one_full  avia-builder-el-1  avia-builder-el-no-sibling  first flex_column_div av-animated-generic left-to-right av-zero-column-padding'     ><style type=\"text\/css\" data-created_by=\"avia_inline_auto\" id=\"style-css-av-khqma9gj-0455bbd227bb9b1e223afc0832fd672a\">\n#top .av-special-heading.av-khqma9gj-0455bbd227bb9b1e223afc0832fd672a{\nmargin:0 0 0 0;\npadding-bottom:0;\ncolor:#ffffff;\nfont-size:4vw;\n}\nbody .av-special-heading.av-khqma9gj-0455bbd227bb9b1e223afc0832fd672a .av-special-heading-tag .heading-char{\nfont-size:25px;\n}\n#top #wrap_all .av-special-heading.av-khqma9gj-0455bbd227bb9b1e223afc0832fd672a .av-special-heading-tag{\nfont-size:4vw;\n}\n.av-special-heading.av-khqma9gj-0455bbd227bb9b1e223afc0832fd672a .special-heading-inner-border{\nborder-color:#ffffff;\n}\n.av-special-heading.av-khqma9gj-0455bbd227bb9b1e223afc0832fd672a .av-subheading{\nfont-size:25px;\n}\n\n@media only screen and (min-width: 480px) and (max-width: 767px){ \n#top #wrap_all .av-special-heading.av-khqma9gj-0455bbd227bb9b1e223afc0832fd672a .av-special-heading-tag{\nfont-size:0.8em;\n}\n}\n\n@media only screen and (max-width: 479px){ \n#top #wrap_all .av-special-heading.av-khqma9gj-0455bbd227bb9b1e223afc0832fd672a .av-special-heading-tag{\nfont-size:0.8em;\n}\n}\n<\/style>\n<div  class='av-special-heading av-khqma9gj-0455bbd227bb9b1e223afc0832fd672a av-special-heading-h2 custom-color-heading blockquote modern-quote modern-centered  avia-builder-el-2  avia-builder-el-no-sibling  av-inherit-size'><h2 class='av-special-heading-tag'  itemprop=\"headline\"  >Our Group<\/h2><div class=\"special-heading-border\"><div class=\"special-heading-inner-border\"><\/div><\/div><\/div><\/div>\n\n<\/div><\/div><\/main><!-- close content main element --><\/div><\/div><\/div><div id='av_section_2'  class='avia-section av-qet8u-83147d0d40d9d249d4aacaaedd222aa0 main_color avia-section-huge avia-no-border-styling  avia-builder-el-3  el_after_av_section  avia-builder-el-last  avia-bg-style-scroll container_wrap fullsize'  ><div class='container av-section-cont-open' ><div class='template-page content  av-content-full alpha units'><div class='post-entry post-entry-type-page post-entry-154'><div class='entry-content-wrapper clearfix'>\n\n<style type=\"text\/css\" data-created_by=\"avia_inline_auto\" id=\"style-css-av-9wkhy-5a7b8f1de5feaad957d748638c881472\">\n#top .flex_column.av-9wkhy-5a7b8f1de5feaad957d748638c881472{\nmargin-top:0px;\nmargin-bottom:0px;\n}\n.flex_column.av-9wkhy-5a7b8f1de5feaad957d748638c881472{\nborder-radius:3px 3px 3px 3px;\npadding:0px 0px 0px 0px;\n}\n.responsive #top #wrap_all .flex_column.av-9wkhy-5a7b8f1de5feaad957d748638c881472{\nmargin-top:0px;\nmargin-bottom:0px;\n}\n<\/style>\n<div  class='flex_column av-9wkhy-5a7b8f1de5feaad957d748638c881472 av_one_third  avia-builder-el-4  el_before_av_one_third  avia-builder-el-first  first flex_column_div av-animated-generic left-to-right av-zero-column-padding'     ><p>\n<style type=\"text\/css\" data-created_by=\"avia_inline_auto\" id=\"style-css-av-lwioy-95be6dd66b3bece37390e471c131a193\">\n#top .av-special-heading.av-lwioy-95be6dd66b3bece37390e471c131a193{\nmargin:15px 0 0 0;\npadding-bottom:10px;\n}\nbody .av-special-heading.av-lwioy-95be6dd66b3bece37390e471c131a193 .av-special-heading-tag .heading-char{\nfont-size:25px;\n}\n.av-special-heading.av-lwioy-95be6dd66b3bece37390e471c131a193 .av-subheading{\nfont-size:15px;\n}\n<\/style>\n<div  class='av-special-heading av-lwioy-95be6dd66b3bece37390e471c131a193 av-special-heading-h2 blockquote modern-quote  avia-builder-el-5  el_before_av_textblock  avia-builder-el-first'><h2 class='av-special-heading-tag'  itemprop=\"headline\"  >The Flagship<\/h2><div class=\"special-heading-border\"><div class=\"special-heading-inner-border\"><\/div><\/div><\/div><br \/>\n<section  class='av_textblock_section av-jgds8wgh-a6323f80cb468d66922d25d94e6b0ed1'   itemscope=\"itemscope\" itemtype=\"https:\/\/schema.org\/CreativeWork\" ><div class='avia_textblock'  itemprop=\"text\" ><p style=\"text-align: justify;\">Constant, steady growth, advantage \u2013 semper prodest (Latin for \"always beneficial\").<\/p>\n<p style=\"text-align: justify;\">Although the flagship of our corporate group, Semper Prodest Ltd.., was founded in 2020, our network of subcontractors has been successfully working together for over 15 years. However, we reached a point where we felt that by formally unifying our already combined expertise under a single legal entity, we could present ourselves even more credibly in the market.<\/p>\n<p style=\"text-align: justify;\">Our core philosophy remains unchanged: We provide a service that no one else in the market can offer. Our two deliberately chosen main service areas\u2014grant management and IT solutions\u2014create a powerful synergy, ensuring an astonishingly high level of service quality in every aspect.\n\nTry us, and like most of our clients, you\u2019ll be pleasantly surprised!<\/p>\n<\/div><\/section><\/p><\/div>\n<style type=\"text\/css\" data-created_by=\"avia_inline_auto\" id=\"style-css-av-9wkhy-f1e0f7074a56a37793812995879b8d49\">\n#top .flex_column.av-9wkhy-f1e0f7074a56a37793812995879b8d49{\nmargin-top:0px;\nmargin-bottom:0px;\n}\n.flex_column.av-9wkhy-f1e0f7074a56a37793812995879b8d49{\nborder-radius:3px 3px 3px 3px;\npadding:0px 0px 0px 0px;\n}\n.responsive #top #wrap_all .flex_column.av-9wkhy-f1e0f7074a56a37793812995879b8d49{\nmargin-top:0px;\nmargin-bottom:0px;\n}\n<\/style>\n<div  class='flex_column av-9wkhy-f1e0f7074a56a37793812995879b8d49 av_one_third  avia-builder-el-7  el_after_av_one_third  el_before_av_one_third  flex_column_div av-animated-generic left-to-right av-zero-column-padding'     ><p>\n<style type=\"text\/css\" data-created_by=\"avia_inline_auto\" id=\"style-css-av-ggoje-a05edd13814fff3f093dbdd221484221\">\n#top .av-special-heading.av-ggoje-a05edd13814fff3f093dbdd221484221{\nmargin:15px 0 0 0;\npadding-bottom:10px;\n}\nbody .av-special-heading.av-ggoje-a05edd13814fff3f093dbdd221484221 .av-special-heading-tag .heading-char{\nfont-size:25px;\n}\n.av-special-heading.av-ggoje-a05edd13814fff3f093dbdd221484221 .av-subheading{\nfont-size:15px;\n}\n<\/style>\n<div  class='av-special-heading av-ggoje-a05edd13814fff3f093dbdd221484221 av-special-heading-h2 blockquote modern-quote  avia-builder-el-8  el_before_av_textblock  avia-builder-el-first'><h2 class='av-special-heading-tag'  itemprop=\"headline\"  >Our Experts<\/h2><div class=\"special-heading-border\"><div class=\"special-heading-inner-border\"><\/div><\/div><\/div><br \/>\n<section  class='av_textblock_section av-jgds8wgh-bfab5346050e1e43793b5fb1af335301'   itemscope=\"itemscope\" itemtype=\"https:\/\/schema.org\/CreativeWork\" ><div class='avia_textblock av_inherit_color'  itemprop=\"text\" ><p style=\"text-align: justify;\"><a href=\"https:\/\/semperprodest.hu\/en\/vallalkozok\/\">C\u00e9gcsoportunk tagjai<\/a> Most members of our corporate group and team have decades of experience and strong professional connections in their respective fields. These qualities are especially valuable in industries where having the right contact can provide advantages that even the highest level of expertise cannot always match. However, we emphasize that these connections do not grant anyone special privileges before the law or provide any unjust advantages.<\/p>\n<p style=\"text-align: justify;\">Some of our colleagues have years of experience in legislative processes, which gives us a unique edge when dealing with ambiguous regulations or grant calls. Understanding the intent behind the law allows us to interpret complex requirements more clearly than many other experts.<\/p>\n<p style=\"text-align: justify;\">At the same time, we recognize the importance of fresh perspectives, which is why we also rely on younger team members to help us better understand the evolving needs of new generations in business. Their insights are invaluable in continuously refining our business processes.\n\nWe are a team that never settles for the status quo. Good enough is not enough for us\u2014we strive for the best, so we can provide outstanding service to our clients.<\/p>\n<\/div><\/section><\/p><\/div>\n<style type=\"text\/css\" data-created_by=\"avia_inline_auto\" id=\"style-css-av-9wkhy-f1e0f7074a56a37793812995879b8d49\">\n#top .flex_column.av-9wkhy-f1e0f7074a56a37793812995879b8d49{\nmargin-top:0px;\nmargin-bottom:0px;\n}\n.flex_column.av-9wkhy-f1e0f7074a56a37793812995879b8d49{\nborder-radius:3px 3px 3px 3px;\npadding:0px 0px 0px 0px;\n}\n.responsive #top #wrap_all .flex_column.av-9wkhy-f1e0f7074a56a37793812995879b8d49{\nmargin-top:0px;\nmargin-bottom:0px;\n}\n<\/style>\n<div  class='flex_column av-9wkhy-f1e0f7074a56a37793812995879b8d49 av_one_third  avia-builder-el-10  el_after_av_one_third  el_before_av_hr  flex_column_div av-animated-generic left-to-right av-zero-column-padding'     ><p>\n<style type=\"text\/css\" data-created_by=\"avia_inline_auto\" id=\"style-css-av-9e81m-973275c3b008bc9f4ff89eeb635377af\">\n#top .av-special-heading.av-9e81m-973275c3b008bc9f4ff89eeb635377af{\nmargin:15px 0 0 0;\npadding-bottom:10px;\n}\nbody .av-special-heading.av-9e81m-973275c3b008bc9f4ff89eeb635377af .av-special-heading-tag .heading-char{\nfont-size:25px;\n}\n.av-special-heading.av-9e81m-973275c3b008bc9f4ff89eeb635377af .av-subheading{\nfont-size:15px;\n}\n<\/style>\n<div  class='av-special-heading av-9e81m-973275c3b008bc9f4ff89eeb635377af av-special-heading-h2 blockquote modern-quote  avia-builder-el-11  el_before_av_textblock  avia-builder-el-first'><h2 class='av-special-heading-tag'  itemprop=\"headline\"  >Our Clients<\/h2><div class=\"special-heading-border\"><div class=\"special-heading-inner-border\"><\/div><\/div><\/div><br \/>\n<section  class='av_textblock_section av-jgds8wgh-24a20d277b378b82e88e49670eff736c'   itemscope=\"itemscope\" itemtype=\"https:\/\/schema.org\/CreativeWork\" ><div class='avia_textblock'  itemprop=\"text\" ><p style=\"text-align: justify;\">Given our wide-ranging service portfolio, it should come as no surprise that our clients come from diverse sectors and vary significantly in size. We have references from micro-enterprises, small and medium-sized businesses, as well as multinational corporations. If you require more details, we are happy to provide insights into our past projects through a presentation\u2014following the signing of a non-disclosure agreement (NDA).<\/p>\n<p style=\"text-align: justify;\">While 90% of our revenue comes from corporate clients, private individuals also represent a significant part of our target audience. In our grant management division, we have worked with over 100 private clients, whom we support with the same dedication in securing new funding opportunities as we do for our corporate partners.<\/p>\n<\/div><\/section><\/p><\/div>\n<style type=\"text\/css\" data-created_by=\"avia_inline_auto\" id=\"style-css-av-jgf4q5kq-518b453de73dcc5d37eea92035c06c19\">\n#top .hr.av-jgf4q5kq-518b453de73dcc5d37eea92035c06c19{\nmargin-top:80px;\nmargin-bottom:90px;\n}\n.hr.av-jgf4q5kq-518b453de73dcc5d37eea92035c06c19 .hr-inner{\nwidth:50px;\nborder-color:#d3d3d3;\nmax-width:45%;\n}\n.hr.av-jgf4q5kq-518b453de73dcc5d37eea92035c06c19 .av-seperator-icon{\ncolor:#072f4c;\n}\n.hr.av-jgf4q5kq-518b453de73dcc5d37eea92035c06c19 .av-seperator-icon.avia-svg-icon svg:first-child{\nfill:#072f4c;\nstroke:#072f4c;\n}\n<\/style>\n<div  class='hr av-jgf4q5kq-518b453de73dcc5d37eea92035c06c19 hr-custom  avia-builder-el-13  el_after_av_one_third  avia-builder-el-last  hr-center hr-icon-yes'><span class='hr-inner inner-border-av-border-thin'><span class=\"hr-inner-style\"><\/span><\/span><span class='av-seperator-icon avia-iconfont avia-font-justice' data-av_icon='' data-av_iconfont='justice' ><\/span><span class='hr-inner inner-border-av-border-thin'><span class=\"hr-inner-style\"><\/span><\/span><\/div>","protected":false},"excerpt":{"rendered":"","protected":false},"author":1,"featured_media":0,"parent":0,"menu_order":0,"comment_status":"open","ping_status":"open","template":"","meta":{"footnotes":""},"class_list":["post-154","page","type-page","status-publish","hentry"],"yoast_head":"<!-- This site is optimized with the Yoast SEO plugin v27.4 - https:\/\/yoast.com\/product\/yoast-seo-wordpress\/ -->\n<title>R\u00f3lunk &#8902; Semper Prodest Kft.<\/title>\n<meta name=\"description\" content=\"P\u00e1ly\u00e1zat\u00edr\u00f3k, k\u00f6nyvel\u0151k \u00e9s informatikusok egy kiv\u00e1l\u00f3 csapatban, sz\u00e9lesk\u00f6r\u0171 szolg\u00e1ltat\u00e1sportf\u00f3li\u00f3val.\" \/>\n<meta name=\"robots\" content=\"index, follow, max-snippet:-1, max-image-preview:large, max-video-preview:-1\" \/>\n<link rel=\"canonical\" href=\"https:\/\/semperprodest.hu\/en\/rolunk\/\" \/>\n<meta property=\"og:locale\" content=\"en_US\" \/>\n<meta property=\"og:type\" content=\"article\" \/>\n<meta property=\"og:title\" content=\"R\u00f3lunk &#8902; Semper Prodest Kft.\" \/>\n<meta property=\"og:description\" content=\"P\u00e1ly\u00e1zat\u00edr\u00f3k, k\u00f6nyvel\u0151k \u00e9s informatikusok egy kiv\u00e1l\u00f3 csapatban, sz\u00e9lesk\u00f6r\u0171 szolg\u00e1ltat\u00e1sportf\u00f3li\u00f3val.\" \/>\n<meta property=\"og:url\" content=\"https:\/\/semperprodest.hu\/en\/rolunk\/\" \/>\n<meta property=\"og:site_name\" content=\"Semper Prodest Kft.\" \/>\n<meta property=\"article:modified_time\" content=\"2023-02-14T09:47:43+00:00\" \/>\n<meta name=\"twitter:card\" content=\"summary_large_image\" \/>\n<meta name=\"twitter:label1\" content=\"Est. reading time\" \/>\n\t<meta name=\"twitter:data1\" content=\"5 minutes\" \/>\n<script type=\"application\/ld+json\" class=\"yoast-schema-graph\">{\"@context\":\"https:\\\/\\\/schema.org\",\"@graph\":[{\"@type\":\"WebPage\",\"@id\":\"https:\\\/\\\/semperprodest.hu\\\/rolunk\\\/\",\"url\":\"https:\\\/\\\/semperprodest.hu\\\/rolunk\\\/\",\"name\":\"R\u00f3lunk &#8902; Semper Prodest Kft.\",\"isPartOf\":{\"@id\":\"https:\\\/\\\/semperprodest.hu\\\/#website\"},\"datePublished\":\"2015-07-16T09:12:44+00:00\",\"dateModified\":\"2023-02-14T09:47:43+00:00\",\"description\":\"P\u00e1ly\u00e1zat\u00edr\u00f3k, k\u00f6nyvel\u0151k \u00e9s informatikusok egy kiv\u00e1l\u00f3 csapatban, sz\u00e9lesk\u00f6r\u0171 szolg\u00e1ltat\u00e1sportf\u00f3li\u00f3val.\",\"breadcrumb\":{\"@id\":\"https:\\\/\\\/semperprodest.hu\\\/rolunk\\\/#breadcrumb\"},\"inLanguage\":\"en-US\",\"potentialAction\":[{\"@type\":\"ReadAction\",\"target\":[\"https:\\\/\\\/semperprodest.hu\\\/rolunk\\\/\"]}]},{\"@type\":\"BreadcrumbList\",\"@id\":\"https:\\\/\\\/semperprodest.hu\\\/rolunk\\\/#breadcrumb\",\"itemListElement\":[{\"@type\":\"ListItem\",\"position\":1,\"name\":\"Kezd\u0151lap\",\"item\":\"https:\\\/\\\/semperprodest.hu\\\/fooldal\\\/\"},{\"@type\":\"ListItem\",\"position\":2,\"name\":\"R\u00f3lunk\"}]},{\"@type\":\"WebSite\",\"@id\":\"https:\\\/\\\/semperprodest.hu\\\/#website\",\"url\":\"https:\\\/\\\/semperprodest.hu\\\/\",\"name\":\"Semper Prodest Kft.\",\"description\":\"P\u00e1ly\u00e1zat, informatika\",\"publisher\":{\"@id\":\"https:\\\/\\\/semperprodest.hu\\\/#organization\"},\"potentialAction\":[{\"@type\":\"SearchAction\",\"target\":{\"@type\":\"EntryPoint\",\"urlTemplate\":\"https:\\\/\\\/semperprodest.hu\\\/?s={search_term_string}\"},\"query-input\":{\"@type\":\"PropertyValueSpecification\",\"valueRequired\":true,\"valueName\":\"search_term_string\"}}],\"inLanguage\":\"en-US\"},{\"@type\":\"Organization\",\"@id\":\"https:\\\/\\\/semperprodest.hu\\\/#organization\",\"name\":\"Semper Prodest Kft.\",\"url\":\"https:\\\/\\\/semperprodest.hu\\\/\",\"logo\":{\"@type\":\"ImageObject\",\"inLanguage\":\"en-US\",\"@id\":\"https:\\\/\\\/semperprodest.hu\\\/#\\\/schema\\\/logo\\\/image\\\/\",\"url\":\"https:\\\/\\\/semperprodest.hu\\\/wp-content\\\/uploads\\\/2020\\\/10\\\/semper-prodest-logo.png\",\"contentUrl\":\"https:\\\/\\\/semperprodest.hu\\\/wp-content\\\/uploads\\\/2020\\\/10\\\/semper-prodest-logo.png\",\"width\":340,\"height\":156,\"caption\":\"Semper Prodest Kft.\"},\"image\":{\"@id\":\"https:\\\/\\\/semperprodest.hu\\\/#\\\/schema\\\/logo\\\/image\\\/\"}}]}<\/script>\n<!-- \/ Yoast SEO plugin. -->","yoast_head_json":{"title":"R\u00f3lunk &#8902; Semper Prodest Kft.","description":"P\u00e1ly\u00e1zat\u00edr\u00f3k, k\u00f6nyvel\u0151k \u00e9s informatikusok egy kiv\u00e1l\u00f3 csapatban, sz\u00e9lesk\u00f6r\u0171 szolg\u00e1ltat\u00e1sportf\u00f3li\u00f3val.","robots":{"index":"index","follow":"follow","max-snippet":"max-snippet:-1","max-image-preview":"max-image-preview:large","max-video-preview":"max-video-preview:-1"},"canonical":"https:\/\/semperprodest.hu\/en\/rolunk\/","og_locale":"en_US","og_type":"article","og_title":"R\u00f3lunk &#8902; Semper Prodest Kft.","og_description":"P\u00e1ly\u00e1zat\u00edr\u00f3k, k\u00f6nyvel\u0151k \u00e9s informatikusok egy kiv\u00e1l\u00f3 csapatban, sz\u00e9lesk\u00f6r\u0171 szolg\u00e1ltat\u00e1sportf\u00f3li\u00f3val.","og_url":"https:\/\/semperprodest.hu\/en\/rolunk\/","og_site_name":"Semper Prodest Kft.","article_modified_time":"2023-02-14T09:47:43+00:00","twitter_card":"summary_large_image","twitter_misc":{"Est. reading time":"5 minutes"},"schema":{"@context":"https:\/\/schema.org","@graph":[{"@type":"WebPage","@id":"https:\/\/semperprodest.hu\/rolunk\/","url":"https:\/\/semperprodest.hu\/rolunk\/","name":"R\u00f3lunk &#8902; Semper Prodest Kft.","isPartOf":{"@id":"https:\/\/semperprodest.hu\/#website"},"datePublished":"2015-07-16T09:12:44+00:00","dateModified":"2023-02-14T09:47:43+00:00","description":"P\u00e1ly\u00e1zat\u00edr\u00f3k, k\u00f6nyvel\u0151k \u00e9s informatikusok egy kiv\u00e1l\u00f3 csapatban, sz\u00e9lesk\u00f6r\u0171 szolg\u00e1ltat\u00e1sportf\u00f3li\u00f3val.","breadcrumb":{"@id":"https:\/\/semperprodest.hu\/rolunk\/#breadcrumb"},"inLanguage":"en-US","potentialAction":[{"@type":"ReadAction","target":["https:\/\/semperprodest.hu\/rolunk\/"]}]},{"@type":"BreadcrumbList","@id":"https:\/\/semperprodest.hu\/rolunk\/#breadcrumb","itemListElement":[{"@type":"ListItem","position":1,"name":"Kezd\u0151lap","item":"https:\/\/semperprodest.hu\/fooldal\/"},{"@type":"ListItem","position":2,"name":"R\u00f3lunk"}]},{"@type":"WebSite","@id":"https:\/\/semperprodest.hu\/#website","url":"https:\/\/semperprodest.hu\/","name":"Semper Prodest Ltd.","description":"P\u00e1ly\u00e1zat, informatika","publisher":{"@id":"https:\/\/semperprodest.hu\/#organization"},"potentialAction":[{"@type":"SearchAction","target":{"@type":"EntryPoint","urlTemplate":"https:\/\/semperprodest.hu\/?s={search_term_string}"},"query-input":{"@type":"PropertyValueSpecification","valueRequired":true,"valueName":"search_term_string"}}],"inLanguage":"en-US"},{"@type":"Organization","@id":"https:\/\/semperprodest.hu\/#organization","name":"Semper Prodest Ltd.","url":"https:\/\/semperprodest.hu\/","logo":{"@type":"ImageObject","inLanguage":"en-US","@id":"https:\/\/semperprodest.hu\/#\/schema\/logo\/image\/","url":"https:\/\/semperprodest.hu\/wp-content\/uploads\/2020\/10\/semper-prodest-logo.png","contentUrl":"https:\/\/semperprodest.hu\/wp-content\/uploads\/2020\/10\/semper-prodest-logo.png","width":340,"height":156,"caption":"Semper Prodest Kft."},"image":{"@id":"https:\/\/semperprodest.hu\/#\/schema\/logo\/image\/"}}]}},"jetpack_sharing_enabled":true,"_links":{"self":[{"href":"https:\/\/semperprodest.hu\/en\/wp-json\/wp\/v2\/pages\/154","targetHints":{"allow":["GET"]}}],"collection":[{"href":"https:\/\/semperprodest.hu\/en\/wp-json\/wp\/v2\/pages"}],"about":[{"href":"https:\/\/semperprodest.hu\/en\/wp-json\/wp\/v2\/types\/page"}],"author":[{"embeddable":true,"href":"https:\/\/semperprodest.hu\/en\/wp-json\/wp\/v2\/users\/1"}],"replies":[{"embeddable":true,"href":"https:\/\/semperprodest.hu\/en\/wp-json\/wp\/v2\/comments?post=154"}],"version-history":[{"count":9,"href":"https:\/\/semperprodest.hu\/en\/wp-json\/wp\/v2\/pages\/154\/revisions"}],"predecessor-version":[{"id":1975,"href":"https:\/\/semperprodest.hu\/en\/wp-json\/wp\/v2\/pages\/154\/revisions\/1975"}],"wp:attachment":[{"href":"https:\/\/semperprodest.hu\/en\/wp-json\/wp\/v2\/media?parent=154"}],"curies":[{"name":"wp","href":"https:\/\/api.w.org\/{rel}","templated":true}]}}