{"id":156,"date":"2015-07-16T09:12:51","date_gmt":"2015-07-16T09:12:51","guid":{"rendered":"http:\/\/test.kriesi.at\/minimal-portfolio\/?page_id=156"},"modified":"2025-10-03T15:21:55","modified_gmt":"2025-10-03T13:21:55","slug":"kapcsolat","status":"publish","type":"page","link":"https:\/\/semperprodest.hu\/en\/kapcsolat\/","title":{"rendered":"Contact"},"content":{"rendered":"<div id='av_section_1'  class='avia-section av-145nae-e484183ac2512e581c4d3ad1f4531c95 main_color avia-section-huge avia-no-shadow  avia-builder-el-0  avia-builder-el-no-sibling  avia-bg-style-scroll container_wrap fullsize'  ><div class='container av-section-cont-open' ><main  role=\"main\" itemprop=\"mainContentOfPage\"  class='template-page content  av-content-full alpha units'><div class='post-entry post-entry-type-page post-entry-156'><div class='entry-content-wrapper clearfix'>\n\n<style type=\"text\/css\" data-created_by=\"avia_inline_auto\" id=\"style-css-av-1kbp16-fe14e294ba16dcae44639c36c20a4351\">\n.flex_column.av-1kbp16-fe14e294ba16dcae44639c36c20a4351{\nborder-radius:3px 3px 3px 3px;\npadding:40px 0px 40px 0px;\n}\n<\/style>\n<div  class='flex_column av-1kbp16-fe14e294ba16dcae44639c36c20a4351 av_one_half  avia-builder-el-1  el_before_av_one_half  avia-builder-el-first  first flex_column_div av-animated-generic bottom-to-top'     ><p>\n<style type=\"text\/css\" data-created_by=\"avia_inline_auto\" id=\"style-css-av-wwf0c-f697968eb0c61602805829f37c607b1f\">\n#top .av-special-heading.av-wwf0c-f697968eb0c61602805829f37c607b1f{\npadding-bottom:10px;\nfont-size:50px;\n}\nbody .av-special-heading.av-wwf0c-f697968eb0c61602805829f37c607b1f .av-special-heading-tag .heading-char{\nfont-size:25px;\n}\n#top #wrap_all .av-special-heading.av-wwf0c-f697968eb0c61602805829f37c607b1f .av-special-heading-tag{\nfont-size:50px;\n}\n.av-special-heading.av-wwf0c-f697968eb0c61602805829f37c607b1f .av-subheading{\nfont-size:15px;\n}\n\n@media only screen and (min-width: 480px) and (max-width: 767px){ \n#top #wrap_all .av-special-heading.av-wwf0c-f697968eb0c61602805829f37c607b1f .av-special-heading-tag{\nfont-size:0.8em;\n}\n}\n\n@media only screen and (max-width: 479px){ \n#top #wrap_all .av-special-heading.av-wwf0c-f697968eb0c61602805829f37c607b1f .av-special-heading-tag{\nfont-size:0.8em;\n}\n}\n<\/style>\n<div  class='av-special-heading av-wwf0c-f697968eb0c61602805829f37c607b1f av-special-heading-h4 blockquote modern-quote  avia-builder-el-2  el_before_av_textblock  avia-builder-el-first  av-inherit-size'><h4 class='av-special-heading-tag'  itemprop=\"headline\"  >Request a Callback!<\/h4><div class=\"special-heading-border\"><div class=\"special-heading-inner-border\"><\/div><\/div><\/div><br \/>\n<section  class='av_textblock_section av-kht1u7gz-03a3ede0ecebb1f6004dc2f929595879'   itemscope=\"itemscope\" itemtype=\"https:\/\/schema.org\/CreativeWork\" ><div class='avia_textblock'  itemprop=\"text\" >\n<div class=\"wpcf7 no-js\" id=\"wpcf7-f1065-o1\" lang=\"hu-HU\" dir=\"ltr\" data-wpcf7-id=\"1065\">\n<div class=\"screen-reader-response\"><p role=\"status\" aria-live=\"polite\" aria-atomic=\"true\"><\/p> <ul><\/ul><\/div>\n<form action=\"\/en\/wp-json\/wp\/v2\/pages\/156#wpcf7-f1065-o1\" method=\"post\" class=\"wpcf7-form init\" aria-label=\"Kapcsolatfelv\u00e9teli \u0171rlap\" novalidate=\"novalidate\" data-status=\"init\" data-trp-original-action=\"\/en\/wp-json\/wp\/v2\/pages\/156#wpcf7-f1065-o1\">\n<fieldset class=\"hidden-fields-container\"><input type=\"hidden\" name=\"_wpcf7\" value=\"1065\" \/><input type=\"hidden\" name=\"_wpcf7_version\" value=\"6.1.5\" \/><input type=\"hidden\" name=\"_wpcf7_locale\" value=\"hu_HU\" \/><input type=\"hidden\" name=\"_wpcf7_unit_tag\" value=\"wpcf7-f1065-o1\" \/><input type=\"hidden\" name=\"_wpcf7_container_post\" value=\"0\" \/><input type=\"hidden\" name=\"_wpcf7_posted_data_hash\" value=\"\" \/><input type=\"hidden\" name=\"_wpcf7_recaptcha_response\" value=\"\" \/>\n<\/fieldset>\n<div class=\"avia_ajax_form\">\n\t<p class=\"first_form form_element form_fullwidth\">Your Name:\n\t<\/p>\n\t<p><span class=\"wpcf7-form-control-wrap\" data-name=\"nev\"><input size=\"40\" maxlength=\"400\" class=\"wpcf7-form-control wpcf7-text wpcf7-validates-as-required text_input\" aria-required=\"true\" aria-invalid=\"false\" value=\"\" type=\"text\" name=\"nev\" \/><\/span>\n\t<\/p>\n\t<p class=\"first_form form_element form_fullwidth\">Your Phone Number:\n\t<\/p>\n\t<p><span class=\"wpcf7-form-control-wrap\" data-name=\"telefon\"><input size=\"40\" maxlength=\"400\" class=\"wpcf7-form-control wpcf7-tel wpcf7-validates-as-required wpcf7-text wpcf7-validates-as-tel text_input\" aria-required=\"true\" aria-invalid=\"false\" value=\"\" type=\"tel\" name=\"telefon\" \/><\/span>\n\t<\/p>\n<\/div>\n<p><input class=\"wpcf7-form-control wpcf7-submit has-spinner\" type=\"submit\" value=\"Submit\" \/>\n<\/p><div class=\"wpcf7-response-output\" aria-hidden=\"true\"><\/div>\n<input type=\"hidden\" name=\"trp-form-language\" value=\"en\"\/><\/form>\n<\/div>\n\n<\/div><\/section><\/p><\/div>\n<style type=\"text\/css\" data-created_by=\"avia_inline_auto\" id=\"style-css-av-1kbp16-1-dd6f60f24ea6158801b23364de43f607\">\n.flex_column.av-1kbp16-1-dd6f60f24ea6158801b23364de43f607{\nborder-radius:3px 3px 3px 3px;\npadding:40px 40px 40px 40px;\nbackground-color:#f7f7f7;\n}\n<\/style>\n<div  class='flex_column av-1kbp16-1-dd6f60f24ea6158801b23364de43f607 av_one_half  avia-builder-el-4  el_after_av_one_half  el_before_av_one_half  flex_column_div av-animated-generic bottom-to-top'     ><p>\n<style type=\"text\/css\" data-created_by=\"avia_inline_auto\" id=\"style-css-av-pnp7g-abd6fff8827c67f304eee44b8daa6a96\">\n#top .av-special-heading.av-pnp7g-abd6fff8827c67f304eee44b8daa6a96{\npadding-bottom:10px;\nfont-size:50px;\n}\nbody .av-special-heading.av-pnp7g-abd6fff8827c67f304eee44b8daa6a96 .av-special-heading-tag .heading-char{\nfont-size:25px;\n}\n#top #wrap_all .av-special-heading.av-pnp7g-abd6fff8827c67f304eee44b8daa6a96 .av-special-heading-tag{\nfont-size:50px;\n}\n.av-special-heading.av-pnp7g-abd6fff8827c67f304eee44b8daa6a96 .av-subheading{\nfont-size:15px;\n}\n\n@media only screen and (min-width: 480px) and (max-width: 767px){ \n#top #wrap_all .av-special-heading.av-pnp7g-abd6fff8827c67f304eee44b8daa6a96 .av-special-heading-tag{\nfont-size:0.8em;\n}\n}\n\n@media only screen and (max-width: 479px){ \n#top #wrap_all .av-special-heading.av-pnp7g-abd6fff8827c67f304eee44b8daa6a96 .av-special-heading-tag{\nfont-size:0.8em;\n}\n}\n<\/style>\n<div  class='av-special-heading av-pnp7g-abd6fff8827c67f304eee44b8daa6a96 av-special-heading-h4 blockquote modern-quote  avia-builder-el-5  el_before_av_textblock  avia-builder-el-first  av-inherit-size'><h4 class='av-special-heading-tag'  itemprop=\"headline\"  >Call or Write to Us!<\/h4><div class=\"special-heading-border\"><div class=\"special-heading-inner-border\"><\/div><\/div><\/div><br \/>\n<section  class='av_textblock_section av-ki1vpr1d-77848a7e235f6efb87d8b728d8b67be8'   itemscope=\"itemscope\" itemtype=\"https:\/\/schema.org\/CreativeWork\" ><div class='avia_textblock'  itemprop=\"text\" ><p><strong>Grant Consultancy<\/strong><\/p>\n<p>Phone 1: <a href=\"tel:06703157250\">+36 70\/315-72-50<\/a>,<\/p>\n<p>Phone 2: <a href=\"tel:06209326979\">+36 20\/932-69-79<\/a><\/p>\n<p>E-mail: <a href=\"mailto:palyazat@semperprodest.hu\">palyazat@semperprodest.hu<\/a><\/p>\n<p>FB Messenger: <a href=\"https:\/\/www.facebook.com\/Semper-Prodest-P%C3%A1ly%C3%A1zati-Iroda-105240518190104\">Semper Prodest P\u00e1ly\u00e1zati Iroda<\/a><\/p>\n<\/div><\/section><\/p><\/div>\n<style type=\"text\/css\" data-created_by=\"avia_inline_auto\" id=\"style-css-av-348u10-09949e09a9d70d60ff8a41e2957109d7\">\n.flex_column.av-348u10-09949e09a9d70d60ff8a41e2957109d7{\nborder-radius:0px 0px 0px 0px;\npadding:0px 0px 0px 0px;\n}\n<\/style>\n<div  class='flex_column av-348u10-09949e09a9d70d60ff8a41e2957109d7 av_one_half  avia-builder-el-7  el_after_av_one_half  el_before_av_one_half  first flex_column_div av-zero-column-padding  column-top-margin'     ><p>\n<style type=\"text\/css\" data-created_by=\"avia_inline_auto\" id=\"style-css-av-lfv5o-4ea7c04c6a0d66de24ed469bb2d07c6f\">\n#top .av-special-heading.av-lfv5o-4ea7c04c6a0d66de24ed469bb2d07c6f{\npadding-bottom:10px;\nfont-size:50px;\n}\nbody .av-special-heading.av-lfv5o-4ea7c04c6a0d66de24ed469bb2d07c6f .av-special-heading-tag .heading-char{\nfont-size:25px;\n}\n#top #wrap_all .av-special-heading.av-lfv5o-4ea7c04c6a0d66de24ed469bb2d07c6f .av-special-heading-tag{\nfont-size:50px;\n}\n.av-special-heading.av-lfv5o-4ea7c04c6a0d66de24ed469bb2d07c6f .av-subheading{\nfont-size:15px;\n}\n\n@media only screen and (min-width: 480px) and (max-width: 767px){ \n#top #wrap_all .av-special-heading.av-lfv5o-4ea7c04c6a0d66de24ed469bb2d07c6f .av-special-heading-tag{\nfont-size:0.8em;\n}\n}\n\n@media only screen and (max-width: 479px){ \n#top #wrap_all .av-special-heading.av-lfv5o-4ea7c04c6a0d66de24ed469bb2d07c6f .av-special-heading-tag{\nfont-size:0.8em;\n}\n}\n<\/style>\n<div  class='av-special-heading av-lfv5o-4ea7c04c6a0d66de24ed469bb2d07c6f av-special-heading-h4 blockquote modern-quote  avia-builder-el-8  el_before_av_textblock  avia-builder-el-first  av-inherit-size'><h4 class='av-special-heading-tag'  itemprop=\"headline\"  >Subscribe to Our Newsletter!<\/h4><div class='av-subheading av-subheading_below'><p>Enter your details and select which grants interest you!<\/p>\n<\/div><div class=\"special-heading-border\"><div class=\"special-heading-inner-border\"><\/div><\/div><\/div><br \/>\n<section  class='av_textblock_section av-kzbjmwzt-98a84eccec187a821058a045d84d2562'   itemscope=\"itemscope\" itemtype=\"https:\/\/schema.org\/CreativeWork\" ><div class='avia_textblock'  itemprop=\"text\" >\n\t\t\t<form id=\"sib_signup_form_1\" method=\"post\" class=\"sib_signup_form\" action=\"\">\n\t\t\t\t<div class=\"sib_loader\" style=\"display:none;\"><img\n\t\t\t\t\t\t\tsrc=\"https:\/\/semperprodest.hu\/wp-includes\/images\/spinner.gif\" alt=\"loader\"><\/div>\n\t\t\t\t<input type=\"hidden\" name=\"sib_form_action\" value=\"subscribe_form_submit\">\n\t\t\t\t<input type=\"hidden\" name=\"sib_form_id\" value=\"1\">\n                <input type=\"hidden\" name=\"sib_form_alert_notice\" value=\"K\u00e9rem, t\u00f6ltse ki a hi\u00e1nyz\u00f3 mez\u0151t!\">\n                <input type=\"hidden\" name=\"sib_form_invalid_email_notice\" value=\"A megadott email c\u00edm hib\u00e1s.\">\n                <input type=\"hidden\" name=\"sib_security\" value=\"6c76f69d7a\">\n\t\t\t\t<div class=\"sib_signup_box_inside_1\">\n\t\t\t\t\t<div style=\"\/*display:none*\/\" class=\"sib_msg_disp\">\n\t\t\t\t\t<\/div>\n                    \t\t\t\t\t<p class=\"sib-NAME-area\"> \r\n    <input type=\"text\" class=\"sib-NAME-area\" name=\"NAME\" placeholder=\"Keresztn\u00e9v (pl. Istv\u00e1n)\" required=\"required\"> \r\n<\/p>\r\n<p class=\"sib-email-area\">\r\n    <input type=\"email\" class=\"sib-email-area\" name=\"email\" placeholder=\"Email c\u00edm (pl. ildiko@gemel.com)\" required=\"required\">\r\n<\/p>\r\n\r\n<p class=\"sib-multi-lists-area\">\r\n<div class=\"sib-multi-lists\" data-require=\"required\">\r\n<div style=\"block\"><input type=\"checkbox\" class=\"sib-interesting-lists\" value=\"8\" name=\"listIDs[]\">I am interested in all grants<\/div>\r\n<div style=\"block\"><input type=\"checkbox\" class=\"sib-interesting-lists\" value=\"7\" name=\"listIDs[]\">I am interested in residential grants<\/div>\r\n<div style=\"block\"><input type=\"checkbox\" class=\"sib-interesting-lists\" value=\"5\" name=\"listIDs[]\">I am interested in business development grants<\/div>\r\n<div style=\"block\"><input type=\"checkbox\" class=\"sib-interesting-lists\" value=\"6\" name=\"listIDs[]\">I am interested in agricultural grants<\/div>\r\n<div style=\"block\"><input type=\"checkbox\" class=\"sib-interesting-lists\" value=\"3\" name=\"listIDs[]\">Civil szervezetek p\u00e1ly\u00e1zatai \u00e9rdekelnek<\/div>\r\n<div style=\"block\"><input type=\"checkbox\" class=\"sib-interesting-lists\" value=\"4\" name=\"listIDs[]\">I am interested in church grants<\/div>\r\n<\/div><\/p>\r\n<p>\r\n<input type=\"submit\" class=\"sib-default-btn\" name=\"submit\" value=\"Feliratkoz\u00e1s\">\r\n<\/p>\r\n\r\n\r\n\t\t\t\t<\/div>\n\t\t\t<input type=\"hidden\" name=\"trp-form-language\" value=\"en\"\/><\/form>\n\t\t\t<style>\n\t\t\t\tform#sib_signup_form_1 p.sib-alert-message {\n    padding: 6px 12px;\n    margin-bottom: 20px;\n    border: 1px solid transparent;\n    border-radius: 4px;\n    -webkit-box-sizing: border-box;\n    -moz-box-sizing: border-box;\n    box-sizing: border-box;\n}\nform#sib_signup_form_1 p.sib-alert-message-error {\n    background-color: #f2dede;\n    border-color: #ebccd1;\n    color: #a94442;\n}\nform#sib_signup_form_1 p.sib-alert-message-success {\n    background-color: #dff0d8;\n    border-color: #d6e9c6;\n    color: #3c763d;\n}\nform#sib_signup_form_1 p.sib-alert-message-warning {\n    background-color: #fcf8e3;\n    border-color: #faebcc;\n    color: #8a6d3b;\n}\n\t\t\t<\/style>\n\t\t\t\n<\/div><\/section><\/p><\/div>\n<style type=\"text\/css\" data-created_by=\"avia_inline_auto\" id=\"style-css-av-2yyfv0-bec353365c69bd2b5c2c21fb4cc53c02\">\n.flex_column.av-2yyfv0-bec353365c69bd2b5c2c21fb4cc53c02{\nborder-radius:0px 0px 0px 0px;\npadding:0px 0px 0px 0px;\n}\n<\/style>\n<div  class='flex_column av-2yyfv0-bec353365c69bd2b5c2c21fb4cc53c02 av_one_half  avia-builder-el-10  el_after_av_one_half  avia-builder-el-last  flex_column_div av-zero-column-padding  column-top-margin'     ><p>\n<style type=\"text\/css\" data-created_by=\"avia_inline_auto\" id=\"style-css-av-9zkkc-da5a3e99a71220b2942e2527762893b7\">\n#top .av-special-heading.av-9zkkc-da5a3e99a71220b2942e2527762893b7{\npadding-bottom:10px;\nfont-size:50px;\n}\nbody .av-special-heading.av-9zkkc-da5a3e99a71220b2942e2527762893b7 .av-special-heading-tag .heading-char{\nfont-size:25px;\n}\n#top #wrap_all .av-special-heading.av-9zkkc-da5a3e99a71220b2942e2527762893b7 .av-special-heading-tag{\nfont-size:50px;\n}\n.av-special-heading.av-9zkkc-da5a3e99a71220b2942e2527762893b7 .av-subheading{\nfont-size:15px;\n}\n\n@media only screen and (min-width: 480px) and (max-width: 767px){ \n#top #wrap_all .av-special-heading.av-9zkkc-da5a3e99a71220b2942e2527762893b7 .av-special-heading-tag{\nfont-size:0.8em;\n}\n}\n\n@media only screen and (max-width: 479px){ \n#top #wrap_all .av-special-heading.av-9zkkc-da5a3e99a71220b2942e2527762893b7 .av-special-heading-tag{\nfont-size:0.8em;\n}\n}\n<\/style>\n<div  class='av-special-heading av-9zkkc-da5a3e99a71220b2942e2527762893b7 av-special-heading-h4 blockquote modern-quote  avia-builder-el-11  el_before_av_table  avia-builder-el-first  av-inherit-size'><h4 class='av-special-heading-tag'  itemprop=\"headline\"  >Company Information<\/h4><div class=\"special-heading-border\"><div class=\"special-heading-inner-border\"><\/div><\/div><\/div><br \/>\n<div class='avia-data-table-wrap av-2rtfjo-c4c7c4c7bf0b1bcb703885e72be0cfef avia_responsive_table avia-table-1'><table  class='avia-table avia-data-table avia_pricing_default  avia-builder-el-12  el_after_av_heading  avia-builder-el-last'  itemscope=\"itemscope\" itemtype=\"https:\/\/schema.org\/Table\" ><tbody><tr class=''><th class='avia-desc-col'>Company Name<\/th><td class=''>Semper Prodest Ltd.<\/td><\/tr><tr class=''><th class='avia-desc-col'>Headquarter<\/th><td class=''>1144 Budapest, Szentmih\u00e1lyi \u00fat 11.<\/td><\/tr><tr class=''><th class='avia-desc-col'>Company Registration Number<\/th><td class=''>01-09-370341<\/td><\/tr><tr class=''><th class='avia-desc-col'>Tax Number<\/th><td class=''>27983410-2-42<\/td><\/tr><tr class=''><th class='avia-desc-col'>DUNS\u00ae Number:<\/th><td class=''>40-232-6061<\/td><\/tr><\/tbody><\/table><\/div><style type='text\/css'>.avia-table-1 td:nth-of-type(1):before { content: 'C\u00e9gn\u00e9v'; } <\/style><\/p><\/div>","protected":false},"excerpt":{"rendered":"","protected":false},"author":1,"featured_media":0,"parent":0,"menu_order":0,"comment_status":"open","ping_status":"closed","template":"","meta":{"footnotes":""},"class_list":["post-156","page","type-page","status-publish","hentry"],"yoast_head":"<!-- This site is optimized with the Yoast SEO plugin v27.4 - https:\/\/yoast.com\/product\/yoast-seo-wordpress\/ -->\n<title>Kapcsolat &#8902; Semper Prodest Kft.<\/title>\n<meta name=\"description\" content=\"K\u00e9rjen ingyenes visszah\u00edv\u00e1st! Telefonsz\u00e1m, email, facebook, messenger, twitter, c\u00e9gadatok \u00e9s el\u00e9rhet\u0151s\u00e9gek.\" \/>\n<meta name=\"robots\" content=\"index, follow, max-snippet:-1, max-image-preview:large, max-video-preview:-1\" \/>\n<link rel=\"canonical\" href=\"https:\/\/semperprodest.hu\/en\/kapcsolat\/\" \/>\n<meta property=\"og:locale\" content=\"en_US\" \/>\n<meta property=\"og:type\" content=\"article\" \/>\n<meta property=\"og:title\" content=\"Kapcsolat &#8902; Semper Prodest Kft.\" \/>\n<meta property=\"og:description\" content=\"K\u00e9rjen ingyenes visszah\u00edv\u00e1st! Telefonsz\u00e1m, email, facebook, messenger, twitter, c\u00e9gadatok \u00e9s el\u00e9rhet\u0151s\u00e9gek.\" \/>\n<meta property=\"og:url\" content=\"https:\/\/semperprodest.hu\/en\/kapcsolat\/\" \/>\n<meta property=\"og:site_name\" content=\"Semper Prodest Kft.\" \/>\n<meta property=\"article:modified_time\" content=\"2025-10-03T13:21:55+00:00\" \/>\n<meta name=\"twitter:card\" content=\"summary_large_image\" \/>\n<meta name=\"twitter:label1\" content=\"Est. reading time\" \/>\n\t<meta name=\"twitter:data1\" content=\"1 minute\" \/>\n<script type=\"application\/ld+json\" class=\"yoast-schema-graph\">{\"@context\":\"https:\\\/\\\/schema.org\",\"@graph\":[{\"@type\":\"WebPage\",\"@id\":\"https:\\\/\\\/semperprodest.hu\\\/kapcsolat\\\/\",\"url\":\"https:\\\/\\\/semperprodest.hu\\\/kapcsolat\\\/\",\"name\":\"Kapcsolat &#8902; Semper Prodest Kft.\",\"isPartOf\":{\"@id\":\"https:\\\/\\\/semperprodest.hu\\\/#website\"},\"datePublished\":\"2015-07-16T09:12:51+00:00\",\"dateModified\":\"2025-10-03T13:21:55+00:00\",\"description\":\"K\u00e9rjen ingyenes visszah\u00edv\u00e1st! Telefonsz\u00e1m, email, facebook, messenger, twitter, c\u00e9gadatok \u00e9s el\u00e9rhet\u0151s\u00e9gek.\",\"breadcrumb\":{\"@id\":\"https:\\\/\\\/semperprodest.hu\\\/kapcsolat\\\/#breadcrumb\"},\"inLanguage\":\"en-US\",\"potentialAction\":[{\"@type\":\"ReadAction\",\"target\":[\"https:\\\/\\\/semperprodest.hu\\\/kapcsolat\\\/\"]}]},{\"@type\":\"BreadcrumbList\",\"@id\":\"https:\\\/\\\/semperprodest.hu\\\/kapcsolat\\\/#breadcrumb\",\"itemListElement\":[{\"@type\":\"ListItem\",\"position\":1,\"name\":\"Kezd\u0151lap\",\"item\":\"https:\\\/\\\/semperprodest.hu\\\/fooldal\\\/\"},{\"@type\":\"ListItem\",\"position\":2,\"name\":\"Kapcsolat\"}]},{\"@type\":\"WebSite\",\"@id\":\"https:\\\/\\\/semperprodest.hu\\\/#website\",\"url\":\"https:\\\/\\\/semperprodest.hu\\\/\",\"name\":\"Semper Prodest Kft.\",\"description\":\"P\u00e1ly\u00e1zat, informatika\",\"publisher\":{\"@id\":\"https:\\\/\\\/semperprodest.hu\\\/#organization\"},\"potentialAction\":[{\"@type\":\"SearchAction\",\"target\":{\"@type\":\"EntryPoint\",\"urlTemplate\":\"https:\\\/\\\/semperprodest.hu\\\/?s={search_term_string}\"},\"query-input\":{\"@type\":\"PropertyValueSpecification\",\"valueRequired\":true,\"valueName\":\"search_term_string\"}}],\"inLanguage\":\"en-US\"},{\"@type\":\"Organization\",\"@id\":\"https:\\\/\\\/semperprodest.hu\\\/#organization\",\"name\":\"Semper Prodest Kft.\",\"url\":\"https:\\\/\\\/semperprodest.hu\\\/\",\"logo\":{\"@type\":\"ImageObject\",\"inLanguage\":\"en-US\",\"@id\":\"https:\\\/\\\/semperprodest.hu\\\/#\\\/schema\\\/logo\\\/image\\\/\",\"url\":\"https:\\\/\\\/semperprodest.hu\\\/wp-content\\\/uploads\\\/2020\\\/10\\\/semper-prodest-logo.png\",\"contentUrl\":\"https:\\\/\\\/semperprodest.hu\\\/wp-content\\\/uploads\\\/2020\\\/10\\\/semper-prodest-logo.png\",\"width\":340,\"height\":156,\"caption\":\"Semper Prodest Kft.\"},\"image\":{\"@id\":\"https:\\\/\\\/semperprodest.hu\\\/#\\\/schema\\\/logo\\\/image\\\/\"}}]}<\/script>\n<!-- \/ Yoast SEO plugin. -->","yoast_head_json":{"title":"Kapcsolat &#8902; Semper Prodest Kft.","description":"K\u00e9rjen ingyenes visszah\u00edv\u00e1st! Telefonsz\u00e1m, email, facebook, messenger, twitter, c\u00e9gadatok \u00e9s el\u00e9rhet\u0151s\u00e9gek.","robots":{"index":"index","follow":"follow","max-snippet":"max-snippet:-1","max-image-preview":"max-image-preview:large","max-video-preview":"max-video-preview:-1"},"canonical":"https:\/\/semperprodest.hu\/en\/kapcsolat\/","og_locale":"en_US","og_type":"article","og_title":"Kapcsolat &#8902; Semper Prodest Kft.","og_description":"K\u00e9rjen ingyenes visszah\u00edv\u00e1st! Telefonsz\u00e1m, email, facebook, messenger, twitter, c\u00e9gadatok \u00e9s el\u00e9rhet\u0151s\u00e9gek.","og_url":"https:\/\/semperprodest.hu\/en\/kapcsolat\/","og_site_name":"Semper Prodest Kft.","article_modified_time":"2025-10-03T13:21:55+00:00","twitter_card":"summary_large_image","twitter_misc":{"Est. reading time":"1 minute"},"schema":{"@context":"https:\/\/schema.org","@graph":[{"@type":"WebPage","@id":"https:\/\/semperprodest.hu\/kapcsolat\/","url":"https:\/\/semperprodest.hu\/kapcsolat\/","name":"Kapcsolat &#8902; Semper Prodest Kft.","isPartOf":{"@id":"https:\/\/semperprodest.hu\/#website"},"datePublished":"2015-07-16T09:12:51+00:00","dateModified":"2025-10-03T13:21:55+00:00","description":"K\u00e9rjen ingyenes visszah\u00edv\u00e1st! Telefonsz\u00e1m, email, facebook, messenger, twitter, c\u00e9gadatok \u00e9s el\u00e9rhet\u0151s\u00e9gek.","breadcrumb":{"@id":"https:\/\/semperprodest.hu\/kapcsolat\/#breadcrumb"},"inLanguage":"en-US","potentialAction":[{"@type":"ReadAction","target":["https:\/\/semperprodest.hu\/kapcsolat\/"]}]},{"@type":"BreadcrumbList","@id":"https:\/\/semperprodest.hu\/kapcsolat\/#breadcrumb","itemListElement":[{"@type":"ListItem","position":1,"name":"Kezd\u0151lap","item":"https:\/\/semperprodest.hu\/fooldal\/"},{"@type":"ListItem","position":2,"name":"Kapcsolat"}]},{"@type":"WebSite","@id":"https:\/\/semperprodest.hu\/#website","url":"https:\/\/semperprodest.hu\/","name":"Semper Prodest Ltd.","description":"P\u00e1ly\u00e1zat, informatika","publisher":{"@id":"https:\/\/semperprodest.hu\/#organization"},"potentialAction":[{"@type":"SearchAction","target":{"@type":"EntryPoint","urlTemplate":"https:\/\/semperprodest.hu\/?s={search_term_string}"},"query-input":{"@type":"PropertyValueSpecification","valueRequired":true,"valueName":"search_term_string"}}],"inLanguage":"en-US"},{"@type":"Organization","@id":"https:\/\/semperprodest.hu\/#organization","name":"Semper Prodest Ltd.","url":"https:\/\/semperprodest.hu\/","logo":{"@type":"ImageObject","inLanguage":"en-US","@id":"https:\/\/semperprodest.hu\/#\/schema\/logo\/image\/","url":"https:\/\/semperprodest.hu\/wp-content\/uploads\/2020\/10\/semper-prodest-logo.png","contentUrl":"https:\/\/semperprodest.hu\/wp-content\/uploads\/2020\/10\/semper-prodest-logo.png","width":340,"height":156,"caption":"Semper Prodest Kft."},"image":{"@id":"https:\/\/semperprodest.hu\/#\/schema\/logo\/image\/"}}]}},"jetpack_sharing_enabled":true,"_links":{"self":[{"href":"https:\/\/semperprodest.hu\/en\/wp-json\/wp\/v2\/pages\/156","targetHints":{"allow":["GET"]}}],"collection":[{"href":"https:\/\/semperprodest.hu\/en\/wp-json\/wp\/v2\/pages"}],"about":[{"href":"https:\/\/semperprodest.hu\/en\/wp-json\/wp\/v2\/types\/page"}],"author":[{"embeddable":true,"href":"https:\/\/semperprodest.hu\/en\/wp-json\/wp\/v2\/users\/1"}],"replies":[{"embeddable":true,"href":"https:\/\/semperprodest.hu\/en\/wp-json\/wp\/v2\/comments?post=156"}],"version-history":[{"count":82,"href":"https:\/\/semperprodest.hu\/en\/wp-json\/wp\/v2\/pages\/156\/revisions"}],"predecessor-version":[{"id":2117,"href":"https:\/\/semperprodest.hu\/en\/wp-json\/wp\/v2\/pages\/156\/revisions\/2117"}],"wp:attachment":[{"href":"https:\/\/semperprodest.hu\/en\/wp-json\/wp\/v2\/media?parent=156"}],"curies":[{"name":"wp","href":"https:\/\/api.w.org\/{rel}","templated":true}]}}