{"id":1703,"date":"2021-12-15T20:04:14","date_gmt":"2021-12-15T19:04:14","guid":{"rendered":"https:\/\/semperprodest.hu\/?page_id=1703"},"modified":"2023-02-14T11:54:00","modified_gmt":"2023-02-14T09:54:00","slug":"vallalkozok","status":"publish","type":"page","link":"https:\/\/semperprodest.hu\/en\/vallalkozok\/","title":{"rendered":"C\u00e9gcsoportunk tagjai"},"content":{"rendered":"<style type=\"text\/css\" data-created_by=\"avia_inline_auto\" id=\"style-css-av-145nae-6e5e252382151ee016ca82ad5fa04de3\">\n.avia-section.av-145nae-6e5e252382151ee016ca82ad5fa04de3{\nbackground-repeat:no-repeat;\nbackground-image:url(https:\/\/semperprodest.hu\/wp-content\/uploads\/2018\/05\/hero-skyscraper.jpg);\nbackground-position:50% 50%;\nbackground-attachment:scroll;\n}\n.avia-section.av-145nae-6e5e252382151ee016ca82ad5fa04de3 .av-section-color-overlay{\nopacity:0.6;\nbackground-color:#084a79;\n}\n<\/style>\n<div id='av_section_1'  class='avia-section av-145nae-6e5e252382151ee016ca82ad5fa04de3 main_color avia-section-default avia-no-border-styling  avia-builder-el-0  el_before_av_section  avia-builder-el-first  avia-full-stretch avia-bg-style-scroll av-section-color-overlay-active av-minimum-height av-minimum-height-custom av-height-custom  container_wrap fullsize'  data-section-bg-repeat='stretch' data-av_minimum_height_px='230'><div class=\"av-section-color-overlay-wrap\"><div class=\"av-section-color-overlay\"><\/div><div class='container av-section-cont-open' style='height:230px'><main  role=\"main\" itemprop=\"mainContentOfPage\"  class='template-page content  av-content-full alpha units'><div class='post-entry post-entry-type-page post-entry-1703'><div class='entry-content-wrapper clearfix'>\n\n<style type=\"text\/css\" data-created_by=\"avia_inline_auto\" id=\"style-css-av-jgf3pjem-ee2a691ebc0a9a100bc99d372a9c72ca\">\n#top .flex_column.av-jgf3pjem-ee2a691ebc0a9a100bc99d372a9c72ca{\nmargin-top:0px;\nmargin-bottom:0px;\n}\n.flex_column.av-jgf3pjem-ee2a691ebc0a9a100bc99d372a9c72ca{\nborder-radius:0px 0px 0px 0px;\npadding:0px 0px 0px 0px;\n}\n.responsive #top #wrap_all .flex_column.av-jgf3pjem-ee2a691ebc0a9a100bc99d372a9c72ca{\nmargin-top:0px;\nmargin-bottom:0px;\n}\n<\/style>\n<div  class='flex_column av-jgf3pjem-ee2a691ebc0a9a100bc99d372a9c72ca av_one_full  avia-builder-el-1  avia-builder-el-no-sibling  first flex_column_div av-animated-generic left-to-right av-zero-column-padding'     ><style type=\"text\/css\" data-created_by=\"avia_inline_auto\" id=\"style-css-av-khqma9gj-f84afd7ce1987753efbefea6f14b3eec\">\n#top .av-special-heading.av-khqma9gj-f84afd7ce1987753efbefea6f14b3eec{\nmargin:0 0 0 0;\npadding-bottom:0;\ncolor:#ffffff;\nfont-size:4vw;\n}\nbody .av-special-heading.av-khqma9gj-f84afd7ce1987753efbefea6f14b3eec .av-special-heading-tag .heading-char{\nfont-size:25px;\n}\n#top #wrap_all .av-special-heading.av-khqma9gj-f84afd7ce1987753efbefea6f14b3eec .av-special-heading-tag{\nfont-size:4vw;\n}\n.av-special-heading.av-khqma9gj-f84afd7ce1987753efbefea6f14b3eec .special-heading-inner-border{\nborder-color:#ffffff;\n}\n.av-special-heading.av-khqma9gj-f84afd7ce1987753efbefea6f14b3eec .av-subheading{\nfont-size:25px;\n}\n\n@media only screen and (min-width: 480px) and (max-width: 767px){ \n#top #wrap_all .av-special-heading.av-khqma9gj-f84afd7ce1987753efbefea6f14b3eec .av-special-heading-tag{\nfont-size:0.8em;\n}\n}\n\n@media only screen and (max-width: 479px){ \n#top #wrap_all .av-special-heading.av-khqma9gj-f84afd7ce1987753efbefea6f14b3eec .av-special-heading-tag{\nfont-size:0.8em;\n}\n}\n<\/style>\n<div  class='av-special-heading av-khqma9gj-f84afd7ce1987753efbefea6f14b3eec av-special-heading-h2 custom-color-heading blockquote modern-quote modern-centered  avia-builder-el-2  avia-builder-el-no-sibling  av-inherit-size'><h2 class='av-special-heading-tag'  itemprop=\"headline\"  >C\u00e9gcsoportunk tagjai<\/h2><div class=\"special-heading-border\"><div class=\"special-heading-inner-border\"><\/div><\/div><\/div><\/div>\n\n<\/div><\/div><\/main><!-- close content main element --><\/div><\/div><\/div><div id='av_section_2'  class='avia-section av-qet8u-83147d0d40d9d249d4aacaaedd222aa0 main_color avia-section-huge avia-no-border-styling  avia-builder-el-3  el_after_av_section  avia-builder-el-last  avia-bg-style-scroll container_wrap fullsize'  ><div class='container av-section-cont-open' ><div class='template-page content  av-content-full alpha units'><div class='post-entry post-entry-type-page post-entry-1703'><div class='entry-content-wrapper clearfix'>\n\n<style type=\"text\/css\" data-created_by=\"avia_inline_auto\" id=\"style-css-av-kx7wbxax-d47d2f28fb5bd1a0240b11c042768853\">\n@keyframes av_boxShadowEffect_av-kx7wbxax-d47d2f28fb5bd1a0240b11c042768853-column {\n0%   { box-shadow:  0 0 0 0 #e0e0e0; opacity: 1; }\n100% { box-shadow:  0 0 10px 0 #e0e0e0; opacity: 1; }\n}\n.flex_column.av-kx7wbxax-d47d2f28fb5bd1a0240b11c042768853{\nbox-shadow: 0 0 10px 0 #e0e0e0;\nborder-width:1px;\nborder-color:#cccccc;\nborder-style:solid;\n}\n<\/style>\n<div  class='flex_column av-kx7wbxax-d47d2f28fb5bd1a0240b11c042768853 av_one_third  avia-builder-el-4  el_before_av_one_third  avia-builder-el-first  first flex_column_div shadow-not-animated'     ><section  class='av_textblock_section av-kx7weho0-5e9a455388f1d8f7575f11672ea04cec'   itemscope=\"itemscope\" itemtype=\"https:\/\/schema.org\/CreativeWork\" ><div class='avia_textblock'  itemprop=\"text\" ><p style=\"text-align: center;\"><strong>Gere Istv\u00e1n e.v.<\/strong><\/p>\n<p style=\"text-align: center;\">Ad\u00f3sz\u00e1m: 68777250-1-41<\/p>\n<p style=\"text-align: center;\">C\u00edm: 1045 Budapest, Pozsonyi u. 2\/c., II\/34.<\/p>\n<p style=\"text-align: center;\">Egy\u00e9ni v\u00e1llalkoz\u00f3i nyilv\u00e1ntart\u00e1si sz\u00e1m: 52236998<\/p>\n<\/div><\/section><\/div>\n<style type=\"text\/css\" data-created_by=\"avia_inline_auto\" id=\"style-css-av-4jc3ev-4c530d74cecdb05e0e0391503473237a\">\n@keyframes av_boxShadowEffect_av-4jc3ev-4c530d74cecdb05e0e0391503473237a-column {\n0%   { box-shadow:  0 0 0 0 #e0e0e0; opacity: 1; }\n100% { box-shadow:  0 0 10px 0 #e0e0e0; opacity: 1; }\n}\n.flex_column.av-4jc3ev-4c530d74cecdb05e0e0391503473237a{\nbox-shadow: 0 0 10px 0 #e0e0e0;\nborder-width:1px;\nborder-color:#cccccc;\nborder-style:solid;\n}\n<\/style>\n<div  class='flex_column av-4jc3ev-4c530d74cecdb05e0e0391503473237a av_one_third  avia-builder-el-6  el_after_av_one_third  el_before_av_one_third  flex_column_div shadow-not-animated'     ><section  class='av_textblock_section av-kx7wh6qx-3f73c3cf406d052ecfc943d98c2d98e8'   itemscope=\"itemscope\" itemtype=\"https:\/\/schema.org\/CreativeWork\" ><div class='avia_textblock'  itemprop=\"text\" ><p style=\"text-align: center;\"><strong>Csern\u00e1ti G\u00e1bor e.v.<\/strong><\/p>\n<p style=\"text-align: center;\">Ad\u00f3sz\u00e1m: 68039398-2-42<\/p>\n<p style=\"text-align: center;\">C\u00edm: 1144 Budapest, Szentmih\u00e1lyi \u00fat 11. 5. em 16.<\/p>\n<p style=\"text-align: center;\">Egy\u00e9ni v\u00e1llalkoz\u00f3i nyilv\u00e1ntart\u00e1si sz\u00e1m: 51132509<\/p>\n<\/div><\/section><\/div>\n<style type=\"text\/css\" data-created_by=\"avia_inline_auto\" id=\"style-css-av-1wy8vr-8a4e529b6649716b5f974b6b80f2042e\">\n@keyframes av_boxShadowEffect_av-1wy8vr-8a4e529b6649716b5f974b6b80f2042e-column {\n0%   { box-shadow:  0 0 0 0 #e0e0e0; opacity: 1; }\n100% { box-shadow:  0 0 10px 0 #e0e0e0; opacity: 1; }\n}\n.flex_column.av-1wy8vr-8a4e529b6649716b5f974b6b80f2042e{\nbox-shadow: 0 0 10px 0 #e0e0e0;\nborder-width:1px;\nborder-color:#cccccc;\nborder-style:solid;\n}\n<\/style>\n<div  class='flex_column av-1wy8vr-8a4e529b6649716b5f974b6b80f2042e av_one_third  avia-builder-el-8  el_after_av_one_third  el_before_av_one_third  flex_column_div shadow-not-animated'     ><section  class='av_textblock_section av-kx7wif9j-1c704fd286042108a7d51e908a39388b'   itemscope=\"itemscope\" itemtype=\"https:\/\/schema.org\/CreativeWork\" ><div class='avia_textblock'  itemprop=\"text\" ><p style=\"text-align: center;\"><strong>Tar Di\u00e1na e.v.<\/strong><\/p>\n<p style=\"text-align: center;\">Ad\u00f3sz\u00e1m: 76801057-1-4<\/p>\n<p style=\"text-align: center;\">C\u00edm: <span style=\"font-weight: 400;\">1044 Budapest, Szentmih\u00e1lyi \u00fat 11. 5. em. 16..<\/span><\/p>\n<p style=\"text-align: center;\">Egy\u00e9ni v\u00e1llalkoz\u00f3i nyilv\u00e1ntart\u00e1si sz\u00e1m: 55317131<\/p>\n<\/div><\/section><\/div>\n<style type=\"text\/css\" data-created_by=\"avia_inline_auto\" id=\"style-css-av-av_one_third-69e934a18da5c12d7e4105c02b0d70a8\">\n@keyframes av_boxShadowEffect_av-av_one_third-69e934a18da5c12d7e4105c02b0d70a8-column {\n0%   { box-shadow:  0 0 0 0 #e0e0e0; opacity: 1; }\n100% { box-shadow:  0 0 10px 0 #e0e0e0; opacity: 1; }\n}\n.flex_column.av-av_one_third-69e934a18da5c12d7e4105c02b0d70a8{\nbox-shadow: 0 0 10px 0 #e0e0e0;\nborder-width:1px;\nborder-color:#cccccc;\nborder-style:solid;\n}\n<\/style>\n<div  class='flex_column av-av_one_third-69e934a18da5c12d7e4105c02b0d70a8 av_one_third  avia-builder-el-10  el_after_av_one_third  el_before_av_one_third  first flex_column_div shadow-not-animated  column-top-margin'     ><section  class='av_textblock_section av-le42d8mp-99fe506c4d9fa197cee89d8a14d93873'   itemscope=\"itemscope\" itemtype=\"https:\/\/schema.org\/CreativeWork\" ><div class='avia_textblock'  itemprop=\"text\" ><p style=\"text-align: center;\"><strong>Csern\u00e1ti Erzs\u00e9bet e.v.<\/strong><\/p>\n<p style=\"text-align: center;\">Ad\u00f3sz\u00e1m: 65897122-1-35<\/p>\n<p style=\"text-align: center;\">C\u00edm: 4700 M\u00e1t\u00e9szalka, K\u00f6lcsey \u00fat 17\/A 3.a.<\/p>\n<p style=\"text-align: center;\">Egy\u00e9ni v\u00e1llalkoz\u00f3i nyilv\u00e1ntart\u00e1si sz\u00e1m: 29257282<\/p>\n<\/div><\/section><\/div>\n<style type=\"text\/css\" data-created_by=\"avia_inline_auto\" id=\"style-css-av-av_one_third-41d046f62e7303491d4defe9dbdefc41\">\n@keyframes av_boxShadowEffect_av-av_one_third-41d046f62e7303491d4defe9dbdefc41-column {\n0%   { box-shadow:  0 0 0 0 #e0e0e0; opacity: 1; }\n100% { box-shadow:  0 0 10px 0 #e0e0e0; opacity: 1; }\n}\n.flex_column.av-av_one_third-41d046f62e7303491d4defe9dbdefc41{\nbox-shadow: 0 0 10px 0 #e0e0e0;\nborder-width:1px;\nborder-color:#cccccc;\nborder-style:solid;\n}\n<\/style>\n<div  class='flex_column av-av_one_third-41d046f62e7303491d4defe9dbdefc41 av_one_third  avia-builder-el-12  el_after_av_one_third  avia-builder-el-last  flex_column_div shadow-not-animated  column-top-margin'     ><section  class='av_textblock_section av-le42f8c1-61575ff14252b92f487417bb93eb51db'   itemscope=\"itemscope\" itemtype=\"https:\/\/schema.org\/CreativeWork\" ><div class='avia_textblock'  itemprop=\"text\" ><p style=\"text-align: center;\"><strong>Ferencsikn\u00e9 Jak\u00f3 Erika e.v.<\/strong><\/p>\n<p style=\"text-align: center;\">Ad\u00f3sz\u00e1m: 79038504-1-33<\/p>\n<p style=\"text-align: center;\">C\u00edm: 2016 Le\u00e1nyfalu, Sas\u00fcl\u00e9s utca 1.<\/p>\n<p style=\"text-align: center;\">Egy\u00e9ni v\u00e1llalkoz\u00f3i nyilv\u00e1ntart\u00e1si sz\u00e1m: 51190422<\/p>\n<\/div><\/section><\/div>","protected":false},"excerpt":{"rendered":"","protected":false},"author":1,"featured_media":0,"parent":0,"menu_order":0,"comment_status":"open","ping_status":"open","template":"","meta":{"footnotes":""},"class_list":["post-1703","page","type-page","status-publish","hentry"],"yoast_head":"<!-- This site is optimized with the Yoast SEO plugin v27.4 - https:\/\/yoast.com\/product\/yoast-seo-wordpress\/ -->\n<title>C\u00e9gcsoportunk tagjai &#8902; Semper Prodest Kft.<\/title>\n<meta name=\"description\" content=\"P\u00e1ly\u00e1zat\u00edr\u00f3k, k\u00f6nyvel\u0151k \u00e9s informatikusok egy kiv\u00e1l\u00f3 csapatban, sz\u00e9lesk\u00f6r\u0171 szolg\u00e1ltat\u00e1sportf\u00f3li\u00f3val.\" \/>\n<meta name=\"robots\" content=\"noindex, nofollow\" \/>\n<meta property=\"og:locale\" content=\"en_US\" \/>\n<meta property=\"og:type\" content=\"article\" \/>\n<meta property=\"og:title\" content=\"C\u00e9gcsoportunk tagjai &#8902; Semper Prodest Kft.\" \/>\n<meta property=\"og:description\" content=\"P\u00e1ly\u00e1zat\u00edr\u00f3k, k\u00f6nyvel\u0151k \u00e9s informatikusok egy kiv\u00e1l\u00f3 csapatban, sz\u00e9lesk\u00f6r\u0171 szolg\u00e1ltat\u00e1sportf\u00f3li\u00f3val.\" \/>\n<meta property=\"og:url\" content=\"https:\/\/semperprodest.hu\/en\/vallalkozok\/\" \/>\n<meta property=\"og:site_name\" content=\"Semper Prodest Kft.\" \/>\n<meta property=\"article:modified_time\" content=\"2023-02-14T09:54:00+00:00\" \/>\n<meta name=\"twitter:card\" content=\"summary_large_image\" \/>\n<meta name=\"twitter:label1\" content=\"Est. reading time\" \/>\n\t<meta name=\"twitter:data1\" content=\"3 minutes\" \/>\n<script type=\"application\/ld+json\" class=\"yoast-schema-graph\">{\"@context\":\"https:\\\/\\\/schema.org\",\"@graph\":[{\"@type\":\"WebPage\",\"@id\":\"https:\\\/\\\/semperprodest.hu\\\/vallalkozok\\\/\",\"url\":\"https:\\\/\\\/semperprodest.hu\\\/vallalkozok\\\/\",\"name\":\"C\u00e9gcsoportunk tagjai &#8902; Semper Prodest Kft.\",\"isPartOf\":{\"@id\":\"https:\\\/\\\/semperprodest.hu\\\/#website\"},\"datePublished\":\"2021-12-15T19:04:14+00:00\",\"dateModified\":\"2023-02-14T09:54:00+00:00\",\"description\":\"P\u00e1ly\u00e1zat\u00edr\u00f3k, k\u00f6nyvel\u0151k \u00e9s informatikusok egy kiv\u00e1l\u00f3 csapatban, sz\u00e9lesk\u00f6r\u0171 szolg\u00e1ltat\u00e1sportf\u00f3li\u00f3val.\",\"breadcrumb\":{\"@id\":\"https:\\\/\\\/semperprodest.hu\\\/vallalkozok\\\/#breadcrumb\"},\"inLanguage\":\"en-US\",\"potentialAction\":[{\"@type\":\"ReadAction\",\"target\":[\"https:\\\/\\\/semperprodest.hu\\\/vallalkozok\\\/\"]}]},{\"@type\":\"BreadcrumbList\",\"@id\":\"https:\\\/\\\/semperprodest.hu\\\/vallalkozok\\\/#breadcrumb\",\"itemListElement\":[{\"@type\":\"ListItem\",\"position\":1,\"name\":\"Kezd\u0151lap\",\"item\":\"https:\\\/\\\/semperprodest.hu\\\/fooldal\\\/\"},{\"@type\":\"ListItem\",\"position\":2,\"name\":\"C\u00e9gcsoportunk tagjai\"}]},{\"@type\":\"WebSite\",\"@id\":\"https:\\\/\\\/semperprodest.hu\\\/#website\",\"url\":\"https:\\\/\\\/semperprodest.hu\\\/\",\"name\":\"Semper Prodest Kft.\",\"description\":\"P\u00e1ly\u00e1zat, informatika\",\"publisher\":{\"@id\":\"https:\\\/\\\/semperprodest.hu\\\/#organization\"},\"potentialAction\":[{\"@type\":\"SearchAction\",\"target\":{\"@type\":\"EntryPoint\",\"urlTemplate\":\"https:\\\/\\\/semperprodest.hu\\\/?s={search_term_string}\"},\"query-input\":{\"@type\":\"PropertyValueSpecification\",\"valueRequired\":true,\"valueName\":\"search_term_string\"}}],\"inLanguage\":\"en-US\"},{\"@type\":\"Organization\",\"@id\":\"https:\\\/\\\/semperprodest.hu\\\/#organization\",\"name\":\"Semper Prodest Kft.\",\"url\":\"https:\\\/\\\/semperprodest.hu\\\/\",\"logo\":{\"@type\":\"ImageObject\",\"inLanguage\":\"en-US\",\"@id\":\"https:\\\/\\\/semperprodest.hu\\\/#\\\/schema\\\/logo\\\/image\\\/\",\"url\":\"https:\\\/\\\/semperprodest.hu\\\/wp-content\\\/uploads\\\/2020\\\/10\\\/semper-prodest-logo.png\",\"contentUrl\":\"https:\\\/\\\/semperprodest.hu\\\/wp-content\\\/uploads\\\/2020\\\/10\\\/semper-prodest-logo.png\",\"width\":340,\"height\":156,\"caption\":\"Semper Prodest Kft.\"},\"image\":{\"@id\":\"https:\\\/\\\/semperprodest.hu\\\/#\\\/schema\\\/logo\\\/image\\\/\"}}]}<\/script>\n<!-- \/ Yoast SEO plugin. -->","yoast_head_json":{"title":"C\u00e9gcsoportunk tagjai &#8902; Semper Prodest Kft.","description":"P\u00e1ly\u00e1zat\u00edr\u00f3k, k\u00f6nyvel\u0151k \u00e9s informatikusok egy kiv\u00e1l\u00f3 csapatban, sz\u00e9lesk\u00f6r\u0171 szolg\u00e1ltat\u00e1sportf\u00f3li\u00f3val.","robots":{"index":"noindex","follow":"nofollow"},"og_locale":"en_US","og_type":"article","og_title":"C\u00e9gcsoportunk tagjai &#8902; Semper Prodest Kft.","og_description":"P\u00e1ly\u00e1zat\u00edr\u00f3k, k\u00f6nyvel\u0151k \u00e9s informatikusok egy kiv\u00e1l\u00f3 csapatban, sz\u00e9lesk\u00f6r\u0171 szolg\u00e1ltat\u00e1sportf\u00f3li\u00f3val.","og_url":"https:\/\/semperprodest.hu\/en\/vallalkozok\/","og_site_name":"Semper Prodest Kft.","article_modified_time":"2023-02-14T09:54:00+00:00","twitter_card":"summary_large_image","twitter_misc":{"Est. reading time":"3 minutes"},"schema":{"@context":"https:\/\/schema.org","@graph":[{"@type":"WebPage","@id":"https:\/\/semperprodest.hu\/vallalkozok\/","url":"https:\/\/semperprodest.hu\/vallalkozok\/","name":"C\u00e9gcsoportunk tagjai &#8902; Semper Prodest Kft.","isPartOf":{"@id":"https:\/\/semperprodest.hu\/#website"},"datePublished":"2021-12-15T19:04:14+00:00","dateModified":"2023-02-14T09:54:00+00:00","description":"P\u00e1ly\u00e1zat\u00edr\u00f3k, k\u00f6nyvel\u0151k \u00e9s informatikusok egy kiv\u00e1l\u00f3 csapatban, sz\u00e9lesk\u00f6r\u0171 szolg\u00e1ltat\u00e1sportf\u00f3li\u00f3val.","breadcrumb":{"@id":"https:\/\/semperprodest.hu\/vallalkozok\/#breadcrumb"},"inLanguage":"en-US","potentialAction":[{"@type":"ReadAction","target":["https:\/\/semperprodest.hu\/vallalkozok\/"]}]},{"@type":"BreadcrumbList","@id":"https:\/\/semperprodest.hu\/vallalkozok\/#breadcrumb","itemListElement":[{"@type":"ListItem","position":1,"name":"Kezd\u0151lap","item":"https:\/\/semperprodest.hu\/fooldal\/"},{"@type":"ListItem","position":2,"name":"C\u00e9gcsoportunk tagjai"}]},{"@type":"WebSite","@id":"https:\/\/semperprodest.hu\/#website","url":"https:\/\/semperprodest.hu\/","name":"Semper Prodest Ltd.","description":"P\u00e1ly\u00e1zat, informatika","publisher":{"@id":"https:\/\/semperprodest.hu\/#organization"},"potentialAction":[{"@type":"SearchAction","target":{"@type":"EntryPoint","urlTemplate":"https:\/\/semperprodest.hu\/?s={search_term_string}"},"query-input":{"@type":"PropertyValueSpecification","valueRequired":true,"valueName":"search_term_string"}}],"inLanguage":"en-US"},{"@type":"Organization","@id":"https:\/\/semperprodest.hu\/#organization","name":"Semper Prodest Ltd.","url":"https:\/\/semperprodest.hu\/","logo":{"@type":"ImageObject","inLanguage":"en-US","@id":"https:\/\/semperprodest.hu\/#\/schema\/logo\/image\/","url":"https:\/\/semperprodest.hu\/wp-content\/uploads\/2020\/10\/semper-prodest-logo.png","contentUrl":"https:\/\/semperprodest.hu\/wp-content\/uploads\/2020\/10\/semper-prodest-logo.png","width":340,"height":156,"caption":"Semper Prodest Kft."},"image":{"@id":"https:\/\/semperprodest.hu\/#\/schema\/logo\/image\/"}}]}},"jetpack_sharing_enabled":true,"_links":{"self":[{"href":"https:\/\/semperprodest.hu\/en\/wp-json\/wp\/v2\/pages\/1703","targetHints":{"allow":["GET"]}}],"collection":[{"href":"https:\/\/semperprodest.hu\/en\/wp-json\/wp\/v2\/pages"}],"about":[{"href":"https:\/\/semperprodest.hu\/en\/wp-json\/wp\/v2\/types\/page"}],"author":[{"embeddable":true,"href":"https:\/\/semperprodest.hu\/en\/wp-json\/wp\/v2\/users\/1"}],"replies":[{"embeddable":true,"href":"https:\/\/semperprodest.hu\/en\/wp-json\/wp\/v2\/comments?post=1703"}],"version-history":[{"count":4,"href":"https:\/\/semperprodest.hu\/en\/wp-json\/wp\/v2\/pages\/1703\/revisions"}],"predecessor-version":[{"id":1976,"href":"https:\/\/semperprodest.hu\/en\/wp-json\/wp\/v2\/pages\/1703\/revisions\/1976"}],"wp:attachment":[{"href":"https:\/\/semperprodest.hu\/en\/wp-json\/wp\/v2\/media?parent=1703"}],"curies":[{"name":"wp","href":"https:\/\/api.w.org\/{rel}","templated":true}]}}