{"id":1724,"date":"2022-01-20T11:06:39","date_gmt":"2022-01-20T10:06:39","guid":{"rendered":"https:\/\/semperprodest.hu\/?page_id=1724"},"modified":"2022-02-06T21:33:41","modified_gmt":"2022-02-06T20:33:41","slug":"palyazat-vallalkozasok-fejlesztesenek-tamogatasa-ginop-1-2-2-22","status":"publish","type":"page","link":"https:\/\/semperprodest.hu\/en\/palyazat-vallalkozasok-fejlesztesenek-tamogatasa-ginop-1-2-2-22\/","title":{"rendered":"P\u00e1ly\u00e1zat &#8211; v\u00e1llalkoz\u00e1sok fejleszt\u00e9s\u00e9nek t\u00e1mogat\u00e1sa Magyar Falu GINOP Plusz 1.2.2-22"},"content":{"rendered":"<style type=\"text\/css\" data-created_by=\"avia_inline_auto\" id=\"style-css-av-145nae-651eae05fb78bdd4dd273144f78011ac\">\n.avia-section.av-145nae-651eae05fb78bdd4dd273144f78011ac{\nbackground-repeat:no-repeat;\nbackground-image:url(https:\/\/semperprodest.hu\/wp-content\/uploads\/2018\/05\/hero-blurred.jpg);\nbackground-position:50% 50%;\nbackground-attachment:scroll;\n}\n.avia-section.av-145nae-651eae05fb78bdd4dd273144f78011ac .av-section-color-overlay{\nopacity:0.6;\nbackground-color:#084a79;\n}\n<\/style>\n<div id='av_section_1'  class='avia-section av-145nae-651eae05fb78bdd4dd273144f78011ac main_color avia-section-default avia-no-border-styling  avia-builder-el-0  el_before_av_submenu  avia-builder-el-first  avia-full-stretch avia-bg-style-scroll av-section-color-overlay-active av-minimum-height av-minimum-height-custom av-height-custom  container_wrap fullsize'  data-section-bg-repeat='stretch' data-av_minimum_height_px='230'><div class=\"av-section-color-overlay-wrap\"><div class=\"av-section-color-overlay\"><\/div><div class='container av-section-cont-open' style='height:230px'><main  role=\"main\" itemprop=\"mainContentOfPage\"  class='template-page content  av-content-full alpha units'><div class='post-entry post-entry-type-page post-entry-1724'><div class='entry-content-wrapper clearfix'>\n\n<style type=\"text\/css\" data-created_by=\"avia_inline_auto\" id=\"style-css-av-jgf3pjem-ee2a691ebc0a9a100bc99d372a9c72ca\">\n#top .flex_column.av-jgf3pjem-ee2a691ebc0a9a100bc99d372a9c72ca{\nmargin-top:0px;\nmargin-bottom:0px;\n}\n.flex_column.av-jgf3pjem-ee2a691ebc0a9a100bc99d372a9c72ca{\nborder-radius:0px 0px 0px 0px;\npadding:0px 0px 0px 0px;\n}\n.responsive #top #wrap_all .flex_column.av-jgf3pjem-ee2a691ebc0a9a100bc99d372a9c72ca{\nmargin-top:0px;\nmargin-bottom:0px;\n}\n<\/style>\n<div  class='flex_column av-jgf3pjem-ee2a691ebc0a9a100bc99d372a9c72ca av_one_full  avia-builder-el-1  avia-builder-el-no-sibling  first flex_column_div av-animated-generic left-to-right av-zero-column-padding'     ><style type=\"text\/css\" data-created_by=\"avia_inline_auto\" id=\"style-css-av-kjmu94aj-cd0a0219348fdb036e9db180a4f692d0\">\n#top .av-special-heading.av-kjmu94aj-cd0a0219348fdb036e9db180a4f692d0{\nmargin:0 0 0 0;\npadding-bottom:0;\ncolor:#ffffff;\nfont-size:4vw;\n}\nbody .av-special-heading.av-kjmu94aj-cd0a0219348fdb036e9db180a4f692d0 .av-special-heading-tag .heading-char{\nfont-size:25px;\n}\n#top #wrap_all .av-special-heading.av-kjmu94aj-cd0a0219348fdb036e9db180a4f692d0 .av-special-heading-tag{\nfont-size:4vw;\n}\n.av-special-heading.av-kjmu94aj-cd0a0219348fdb036e9db180a4f692d0 .special-heading-inner-border{\nborder-color:#ffffff;\n}\n.av-special-heading.av-kjmu94aj-cd0a0219348fdb036e9db180a4f692d0 .av-subheading{\nfont-size:25px;\n}\n\n@media only screen and (min-width: 480px) and (max-width: 767px){ \n#top #wrap_all .av-special-heading.av-kjmu94aj-cd0a0219348fdb036e9db180a4f692d0 .av-special-heading-tag{\nfont-size:0.8em;\n}\n}\n\n@media only screen and (max-width: 479px){ \n#top #wrap_all .av-special-heading.av-kjmu94aj-cd0a0219348fdb036e9db180a4f692d0 .av-special-heading-tag{\nfont-size:0.8em;\n}\n}\n<\/style>\n<div  class='av-special-heading av-kjmu94aj-cd0a0219348fdb036e9db180a4f692d0 av-special-heading-h2 custom-color-heading blockquote modern-quote modern-centered  avia-builder-el-2  avia-builder-el-no-sibling  av-inherit-size'><h2 class='av-special-heading-tag'  itemprop=\"headline\"  >Mikrov\u00e1llalkoz\u00e1sok, egy\u00e9ni v\u00e1llalkoz\u00f3k t\u00e1mogat\u00e1sa &#8211; GINOP-1.2.2-22<\/h2><div class='av_custom_color av-subheading av-subheading_below'><p>P\u00e1ly\u00e1zat\u00edr\u00e1s \u00e9s ut\u00f3k\u00f6vet\u00e9s<\/p>\n<\/div><div class=\"special-heading-border\"><div class=\"special-heading-inner-border\"><\/div><\/div><\/div><\/div>\n\n<\/div><\/div><\/main><!-- close content main element --><\/div><\/div><\/div><div class='clear'><\/div><div id='sub_menu1'  class='av-submenu-container av-ki5zt8y7-b457b7d60124ac20f22bd1e6a0797ea6 alternate_color  avia-builder-el-3  el_after_av_section  el_before_av_heading  av-sticky-submenu submenu-not-first container_wrap fullsize' style='z-index:301' ><div class='container av-menu-mobile-disabled av-submenu-pos-center'><ul id=\"menu-palyazat\" class=\"av-subnav-menu\" role=\"menu\"><li role=\"menuitem\" id=\"menu-item-1307\" class=\"menu-item menu-item-type-post_type menu-item-object-page av-menu-button av-menu-button-colored menu-item-top-level menu-item-top-level-1\"><a href=\"https:\/\/semperprodest.hu\/en\/palyazat-es-tamogatas-sikerdijert\/\" itemprop=\"url\" tabindex=\"0\"><span class=\"avia-bullet\"><\/span><span class=\"avia-menu-text\">Grant and Subsidy management<\/span><span class=\"avia-menu-fx\"><span class=\"avia-arrow-wrap\"><span class=\"avia-arrow\"><\/span><\/span><\/span><\/a><\/li>\n<li role=\"menuitem\" id=\"menu-item-1306\" class=\"menu-item menu-item-type-post_type menu-item-object-page av-menu-button av-menu-button-colored menu-item-top-level menu-item-top-level-2\"><a href=\"https:\/\/semperprodest.hu\/en\/palyazati-hirek\/\" itemprop=\"url\" tabindex=\"0\"><span class=\"avia-bullet\"><\/span><span class=\"avia-menu-text\">Grant news (in hungarian)<\/span><span class=\"avia-menu-fx\"><span class=\"avia-arrow-wrap\"><span class=\"avia-arrow\"><\/span><\/span><\/span><\/a><\/li>\n<li role=\"menuitem\" id=\"menu-item-1305\" class=\"menu-item menu-item-type-post_type menu-item-object-page av-menu-button av-menu-button-colored menu-item-top-level menu-item-top-level-3\"><a href=\"https:\/\/semperprodest.hu\/en\/aktualis-palyazatok\/\" itemprop=\"url\" tabindex=\"0\"><span class=\"avia-bullet\"><\/span><span class=\"avia-menu-text\">Available grants<\/span><span class=\"avia-menu-fx\"><span class=\"avia-arrow-wrap\"><span class=\"avia-arrow\"><\/span><\/span><\/span><\/a><\/li>\n<\/ul><\/div><\/div><div class='sticky_placeholder'><\/div><div id='after_submenu_1'  class='main_color av_default_container_wrap container_wrap fullsize'  ><div class='container av-section-cont-open' ><div class='template-page content  av-content-full alpha units'><div class='post-entry post-entry-type-page post-entry-1724'><div class='entry-content-wrapper clearfix'>\n\n<style type=\"text\/css\" data-created_by=\"avia_inline_auto\" id=\"style-css-av-16hd9ik-d7ba29e654a444892811179c0a9b8885\">\n#top .av-special-heading.av-16hd9ik-d7ba29e654a444892811179c0a9b8885{\npadding-bottom:10px;\n}\nbody .av-special-heading.av-16hd9ik-d7ba29e654a444892811179c0a9b8885 .av-special-heading-tag .heading-char{\nfont-size:25px;\n}\n.av-special-heading.av-16hd9ik-d7ba29e654a444892811179c0a9b8885 .av-subheading{\nfont-size:15px;\n}\n<\/style>\n<div  class='av-special-heading av-16hd9ik-d7ba29e654a444892811179c0a9b8885 av-special-heading-h3  avia-builder-el-4  el_after_av_submenu  el_before_av_two_third  avia-builder-el-first'><h3 class='av-special-heading-tag'  itemprop=\"headline\"  >MAGYAR FALU V\u00c1LLALKOZ\u00c1S-\u00daJRAIND\u00cdT\u00c1SI PROGRAM<\/h3><div class=\"special-heading-border\"><div class=\"special-heading-inner-border\"><\/div><\/div><\/div>\n\n<style type=\"text\/css\" data-created_by=\"avia_inline_auto\" id=\"style-css-av-1ygodi-9593767b4b6ab8f29e0ddd5d0a7d8daf\">\n.flex_column.av-1ygodi-9593767b4b6ab8f29e0ddd5d0a7d8daf{\nborder-radius:0px 0px 0px 0px;\npadding:40px 0px 0px 0px;\n}\n<\/style>\n<div  class='flex_column av-1ygodi-9593767b4b6ab8f29e0ddd5d0a7d8daf av_two_third  avia-builder-el-5  el_after_av_heading  el_before_av_one_third  first flex_column_div'     ><p>\n<style type=\"text\/css\" data-created_by=\"avia_inline_auto\" id=\"style-css-av-2r6mli-ce1a6dc9dac21352cf2d2fc6586e0629\">\n#top .av-special-heading.av-2r6mli-ce1a6dc9dac21352cf2d2fc6586e0629{\npadding-bottom:10px;\n}\nbody .av-special-heading.av-2r6mli-ce1a6dc9dac21352cf2d2fc6586e0629 .av-special-heading-tag .heading-char{\nfont-size:25px;\n}\n.av-special-heading.av-2r6mli-ce1a6dc9dac21352cf2d2fc6586e0629 .av-subheading{\nfont-size:15px;\n}\n<\/style>\n<div  class='av-special-heading av-2r6mli-ce1a6dc9dac21352cf2d2fc6586e0629 av-special-heading-h2 blockquote modern-quote modern-centered  avia-builder-el-6  el_before_av_table  avia-builder-el-first'><h2 class='av-special-heading-tag'  itemprop=\"headline\"  >Grant Details<\/h2><div class=\"special-heading-border\"><div class=\"special-heading-inner-border\"><\/div><\/div><\/div><br \/>\n<div class='avia-data-table-wrap av-482zp2-a0171a3cb503978a876b2527fde108d2 avia_scrollable_table avia-table-1'><table  class='avia-table avia-data-table avia_pricing_default  avia-builder-el-7  el_after_av_heading  el_before_av_button'  itemscope=\"itemscope\" itemtype=\"https:\/\/schema.org\/Table\" ><tbody><tr class=''><th class='avia-desc-col'>Objective:<\/th><td class=''>B\u00e1rmilyen, a v\u00e1llalkoz\u00e1s fejleszt\u00e9shez hozz\u00e1j\u00e1rul\u00f3 beruh\u00e1z\u00e1s.<\/td><\/tr><tr class=''><th class='avia-desc-col'>Budget:<\/th><td class=''>30 milli\u00e1rd Ft.<\/td><\/tr><tr class=''><th class='avia-desc-col'>Support Rate:<\/th><td class=''>A t\u00e1mogat\u00e1sb\u00f3l megval\u00f3s\u00edtott beruh\u00e1z\u00e1s maximum 70%-a.<\/td><\/tr><tr class=''><th class='avia-desc-col'>Grant Amount:<\/th><td class=''>Minimum 2 milli\u00f3 Ft, maximum 10 milli\u00f3 Ft<\/td><\/tr><tr class=''><th class='avia-desc-col'>Eligible Activities:<\/th><td class=''>Eszk\u00f6zbeszerz\u00e9s, ingatlan \u00e9p\u00edt\u00e9s, -fel\u00faj\u00edt\u00e1s, b\u0151v\u00edt\u00e9s, \u00e1talak\u00edt\u00e1s, meg\u00fajul\u00f3 energia alkalmaz\u00e1sa, informatikai beszerz\u00e9sek (hardver \u00e9s szoftver), k\u00e9pz\u00e9sek.<\/td><\/tr><tr class=''><th class='avia-desc-col'>Expected Number of Applications:<\/th><td class=''>3000-4800 db.<\/td><\/tr><tr class=''><th class='avia-desc-col'>Eligible Applicants:<\/th><td class=''>Bt, Kft, Kkt, Zrt, egy\u00e9ni c\u00e9g, egy\u00e9ni v\u00e1llalkoz\u00f3, gazd\u00e1lkod\u00f3, aki \/ amely:<br \/>\nLegal\u00e1bb egy teljes lez\u00e1rt \u00fczleti \u00e9vvel rendelkezik.<br \/>\nAz \u00e9ves \u00e1tlagos statisztikai l\u00e9tsz\u00e1ma legal\u00e1bb 1 f\u0151.<br \/>\nKett\u0151s k\u00f6nyvvitelt alkalmaz. (Csak gazdas\u00e1gi t\u00e1rsas\u00e1gokra vonatkozik, egy\u00e9ni v\u00e1llalkoz\u00f3kra, gazd\u00e1lkod\u00f3kra nem!)<br \/>\nNem KAT\u00c1-s ad\u00f3z\u00f3.<br \/>\nA beruh\u00e1z\u00e1st olyan telep\u00fcl\u00e9sen tervezi megval\u00f3s\u00edtani, amely a jobb oldalon megtal\u00e1lhat\u00f3 telep\u00fcl\u00e9slist\u00e1ban szerepel.<br \/>\n<\/td><\/tr><tr class=''><th class='avia-desc-col'>Beny\u00fajt\u00e1si id\u0151szak:<\/th><td class=''>2022. febru\u00e1r 17. 08:00 \u00f3r\u00e1t\u00f3l 2023. m\u00e1rcius 31. 12:00 \u00f3r\u00e1ig.<\/td><\/tr><\/tbody><\/table><\/div><br \/>\n<div  class='avia-button-wrap av-ki5yjn39-92b28125caddf547fd1cb161b87a3265-wrap avia-button-center  avia-builder-el-8  el_after_av_table  avia-builder-el-last'><a href='https:\/\/semperprodest.hu\/en\/kapcsolat\/'  class='avia-button av-ki5yjn39-92b28125caddf547fd1cb161b87a3265 av-link-btn avia-icon_select-yes-left-icon avia-size-large avia-position-center avia-color-theme-color'   aria-label=\"I am interested in the grant!\"><span class='avia_button_icon avia_button_icon_left avia-iconfont avia-font-entypo-fontello' data-av_icon='\ue83c' data-av_iconfont='entypo-fontello' ><\/span><span class='avia_iconbox_title' >I am interested in the grant!<\/span><\/a><\/div><\/p><\/div>\n\n<style type=\"text\/css\" data-created_by=\"avia_inline_auto\" id=\"style-css-av-3z9cie-a5f9b6d7e1babde32fc62bb90e5621a9\">\n.flex_column.av-3z9cie-a5f9b6d7e1babde32fc62bb90e5621a9{\nborder-width:3px;\nborder-color:#f8f8f8;\nborder-style:solid;\nborder-radius:3px 3px 3px 3px;\npadding:40px 40px 40px 40px;\n}\n<\/style>\n<div  class='flex_column av-3z9cie-a5f9b6d7e1babde32fc62bb90e5621a9 av_one_third  avia-builder-el-9  el_after_av_two_third  el_before_av_hr  flex_column_div'     ><p>\n<style type=\"text\/css\" data-created_by=\"avia_inline_auto\" id=\"style-css-av-ki5yh3yp-40b122c9546acd996298e6b7f2456b27\">\n#top .hr.av-ki5yh3yp-40b122c9546acd996298e6b7f2456b27{\nmargin-top:30px;\nmargin-bottom:30px;\n}\n.hr.av-ki5yh3yp-40b122c9546acd996298e6b7f2456b27 .hr-inner{\nwidth:100%;\nborder-color:#e1e1e1;\n}\n<\/style>\n<div  class='hr av-ki5yh3yp-40b122c9546acd996298e6b7f2456b27 hr-custom  avia-builder-el-10  el_before_av_heading  avia-builder-el-first  hr-center hr-icon-no'><span class='hr-inner inner-border-av-border-thin'><span class=\"hr-inner-style\"><\/span><\/span><\/div><br \/>\n\n<style type=\"text\/css\" data-created_by=\"avia_inline_auto\" id=\"style-css-av-4jg5mu-08e2028a9385870b917b7a4bde2e3f9f\">\n#top .av-special-heading.av-4jg5mu-08e2028a9385870b917b7a4bde2e3f9f{\npadding-bottom:10px;\n}\nbody .av-special-heading.av-4jg5mu-08e2028a9385870b917b7a4bde2e3f9f .av-special-heading-tag .heading-char{\nfont-size:25px;\n}\n.av-special-heading.av-4jg5mu-08e2028a9385870b917b7a4bde2e3f9f .av-subheading{\nfont-size:15px;\n}\n<\/style>\n<div  class='av-special-heading av-4jg5mu-08e2028a9385870b917b7a4bde2e3f9f av-special-heading-h2 blockquote modern-quote modern-centered  avia-builder-el-11  el_after_av_hr  el_before_av_textblock'><h2 class='av-special-heading-tag'  itemprop=\"headline\"  >Dokumentumok<\/h2><div class=\"special-heading-border\"><div class=\"special-heading-inner-border\"><\/div><\/div><\/div><br \/>\n<section  class='av_textblock_section av-ki4nzbhg-4cebfb21d1279bc720fb16567aee93d1'   itemscope=\"itemscope\" itemtype=\"https:\/\/schema.org\/CreativeWork\" ><div class='avia_textblock'  itemprop=\"text\" ><ul>\n<li><a href=\"https:\/\/semperprodest.hu\/en\/palyazat-vallalkozasok-fejlesztesenek-tamogatasa-ginop-1-2-2-22\/ginop-plusz-1-2-2-22_felhivas\/\" rel=\"attachment wp-att-1725\">GINOP Plusz-1.2.2-22_Felh\u00edv\u00e1s<\/a><\/li>\n<li><a href=\"https:\/\/semperprodest.hu\/en\/palyazat-vallalkozasok-fejlesztesenek-tamogatasa-ginop-1-2-2-22\/ginop-plusz-1-2-2-22_telepuleslista\/\" rel=\"attachment wp-att-1726\">GINOP Plusz-1.2.2-22_Telep\u00fcl\u00e9slista<\/a><\/li>\n<\/ul>\n<\/div><\/section><br \/>\n\n<style type=\"text\/css\" data-created_by=\"avia_inline_auto\" id=\"style-css-av-ki5yh3yp-40b122c9546acd996298e6b7f2456b27\">\n#top .hr.av-ki5yh3yp-40b122c9546acd996298e6b7f2456b27{\nmargin-top:30px;\nmargin-bottom:30px;\n}\n.hr.av-ki5yh3yp-40b122c9546acd996298e6b7f2456b27 .hr-inner{\nwidth:100%;\nborder-color:#e1e1e1;\n}\n<\/style>\n<div  class='hr av-ki5yh3yp-40b122c9546acd996298e6b7f2456b27 hr-custom  avia-builder-el-13  el_after_av_textblock  el_before_av_heading  hr-center hr-icon-no'><span class='hr-inner inner-border-av-border-thin'><span class=\"hr-inner-style\"><\/span><\/span><\/div><br \/>\n\n<style type=\"text\/css\" data-created_by=\"avia_inline_auto\" id=\"style-css-av-1uj02e-0402fbad5d3e0d915a43b5313f52f7d6\">\n#top .av-special-heading.av-1uj02e-0402fbad5d3e0d915a43b5313f52f7d6{\npadding-bottom:10px;\n}\nbody .av-special-heading.av-1uj02e-0402fbad5d3e0d915a43b5313f52f7d6 .av-special-heading-tag .heading-char{\nfont-size:25px;\n}\n.av-special-heading.av-1uj02e-0402fbad5d3e0d915a43b5313f52f7d6 .av-subheading{\nfont-size:15px;\n}\n<\/style>\n<div  class='av-special-heading av-1uj02e-0402fbad5d3e0d915a43b5313f52f7d6 av-special-heading-h2 blockquote modern-quote  avia-builder-el-14  el_after_av_hr  avia-builder-el-last  av-linked-heading'><div class='av-subheading av-subheading_above'><p>\u00c9rdeklenek hasonl\u00f3 p\u00e1ly\u00e1zatok!<\/p>\n<\/div><h2 class='av-special-heading-tag'  itemprop=\"headline\"  ><a class=\"av-heading-link\" href=\"https:\/\/semperprodest.hu\/en\/kapcsolat\/\" >H\u00edrlev\u00e9l feliratkoz\u00e1s<\/a><\/h2><div class=\"special-heading-border\"><div class=\"special-heading-inner-border\"><\/div><\/div><\/div><\/p><\/div>\n<style type=\"text\/css\" data-created_by=\"avia_inline_auto\" id=\"style-css-av-khp25eam-ab507ac4cc4c149189ca183cc66421ff\">\n#top .hr.av-khp25eam-ab507ac4cc4c149189ca183cc66421ff{\nmargin-top:30px;\nmargin-bottom:30px;\n}\n.hr.av-khp25eam-ab507ac4cc4c149189ca183cc66421ff .hr-inner{\nwidth:100%;\nborder-color:#e1e1e1;\nmax-width:45%;\n}\n.hr.av-khp25eam-ab507ac4cc4c149189ca183cc66421ff .av-seperator-icon{\ncolor:#e1e1e1;\n}\n.hr.av-khp25eam-ab507ac4cc4c149189ca183cc66421ff .av-seperator-icon.avia-svg-icon svg:first-child{\nfill:#e1e1e1;\nstroke:#e1e1e1;\n}\n<\/style>\n<div  class='hr av-khp25eam-ab507ac4cc4c149189ca183cc66421ff hr-custom  avia-builder-el-15  el_after_av_one_third  avia-builder-el-last  hr-center hr-icon-yes'><span class='hr-inner inner-border-av-border-thin'><span class=\"hr-inner-style\"><\/span><\/span><span class='av-seperator-icon avia-iconfont avia-font-entypo-fontello' data-av_icon='\ue834' data-av_iconfont='entypo-fontello' ><\/span><span class='hr-inner inner-border-av-border-thin'><span class=\"hr-inner-style\"><\/span><\/span><\/div><\/p>","protected":false},"excerpt":{"rendered":"","protected":false},"author":1,"featured_media":0,"parent":0,"menu_order":0,"comment_status":"closed","ping_status":"closed","template":"","meta":{"footnotes":""},"class_list":["post-1724","page","type-page","status-publish","hentry"],"yoast_head":"<!-- This site is optimized with the Yoast SEO plugin v26.4 - https:\/\/yoast.com\/wordpress\/plugins\/seo\/ -->\n<title>P\u00e1ly\u00e1zat - v\u00e1llalkoz\u00e1sok fejleszt\u00e9s\u00e9nek t\u00e1mogat\u00e1sa Magyar Falu GINOP Plusz 1.2.2-22<\/title>\n<meta name=\"description\" content=\"P\u00e1ly\u00e1zat egy\u00e9ni v\u00e1llalkoz\u00f3k, kisebb c\u00e9gek r\u00e9sz\u00e9re, \u00fczlethelyis\u00e9g \u00e9p\u00edt\u00e9s\u00e9re, fejleszt\u00e9s\u00e9re, sz\u00e1m\u00edt\u00f3g\u00e9pek \u00e9s programok beszerz\u00e9s\u00e9hez.\" \/>\n<meta name=\"robots\" content=\"index, follow, max-snippet:-1, max-image-preview:large, max-video-preview:-1\" \/>\n<link rel=\"canonical\" href=\"https:\/\/semperprodest.hu\/en\/palyazat-vallalkozasok-fejlesztesenek-tamogatasa-ginop-1-2-2-22\/\" \/>\n<meta property=\"og:locale\" content=\"en_US\" \/>\n<meta property=\"og:type\" content=\"article\" \/>\n<meta property=\"og:title\" content=\"P\u00e1ly\u00e1zat - v\u00e1llalkoz\u00e1sok fejleszt\u00e9s\u00e9nek t\u00e1mogat\u00e1sa Magyar Falu GINOP Plusz 1.2.2-22\" \/>\n<meta property=\"og:description\" content=\"P\u00e1ly\u00e1zat egy\u00e9ni v\u00e1llalkoz\u00f3k, kisebb c\u00e9gek r\u00e9sz\u00e9re, \u00fczlethelyis\u00e9g \u00e9p\u00edt\u00e9s\u00e9re, fejleszt\u00e9s\u00e9re, sz\u00e1m\u00edt\u00f3g\u00e9pek \u00e9s programok beszerz\u00e9s\u00e9hez.\" \/>\n<meta property=\"og:url\" content=\"https:\/\/semperprodest.hu\/en\/palyazat-vallalkozasok-fejlesztesenek-tamogatasa-ginop-1-2-2-22\/\" \/>\n<meta property=\"og:site_name\" content=\"Semper Prodest Kft.\" \/>\n<meta property=\"article:modified_time\" content=\"2022-02-06T20:33:41+00:00\" \/>\n<meta name=\"twitter:card\" content=\"summary_large_image\" \/>\n<meta name=\"twitter:label1\" content=\"Est. reading time\" \/>\n\t<meta name=\"twitter:data1\" content=\"4 minutes\" \/>\n<script type=\"application\/ld+json\" class=\"yoast-schema-graph\">{\"@context\":\"https:\/\/schema.org\",\"@graph\":[{\"@type\":\"WebPage\",\"@id\":\"https:\/\/semperprodest.hu\/palyazat-vallalkozasok-fejlesztesenek-tamogatasa-ginop-1-2-2-22\/\",\"url\":\"https:\/\/semperprodest.hu\/palyazat-vallalkozasok-fejlesztesenek-tamogatasa-ginop-1-2-2-22\/\",\"name\":\"P\u00e1ly\u00e1zat - v\u00e1llalkoz\u00e1sok fejleszt\u00e9s\u00e9nek t\u00e1mogat\u00e1sa Magyar Falu GINOP Plusz 1.2.2-22\",\"isPartOf\":{\"@id\":\"https:\/\/semperprodest.hu\/#website\"},\"datePublished\":\"2022-01-20T10:06:39+00:00\",\"dateModified\":\"2022-02-06T20:33:41+00:00\",\"description\":\"P\u00e1ly\u00e1zat egy\u00e9ni v\u00e1llalkoz\u00f3k, kisebb c\u00e9gek r\u00e9sz\u00e9re, \u00fczlethelyis\u00e9g \u00e9p\u00edt\u00e9s\u00e9re, fejleszt\u00e9s\u00e9re, sz\u00e1m\u00edt\u00f3g\u00e9pek \u00e9s programok beszerz\u00e9s\u00e9hez.\",\"breadcrumb\":{\"@id\":\"https:\/\/semperprodest.hu\/palyazat-vallalkozasok-fejlesztesenek-tamogatasa-ginop-1-2-2-22\/#breadcrumb\"},\"inLanguage\":\"en-US\",\"potentialAction\":[{\"@type\":\"ReadAction\",\"target\":[\"https:\/\/semperprodest.hu\/palyazat-vallalkozasok-fejlesztesenek-tamogatasa-ginop-1-2-2-22\/\"]}]},{\"@type\":\"BreadcrumbList\",\"@id\":\"https:\/\/semperprodest.hu\/palyazat-vallalkozasok-fejlesztesenek-tamogatasa-ginop-1-2-2-22\/#breadcrumb\",\"itemListElement\":[{\"@type\":\"ListItem\",\"position\":1,\"name\":\"Kezd\u0151lap\",\"item\":\"https:\/\/semperprodest.hu\/fooldal\/\"},{\"@type\":\"ListItem\",\"position\":2,\"name\":\"P\u00e1ly\u00e1zat &#8211; v\u00e1llalkoz\u00e1sok fejleszt\u00e9s\u00e9nek t\u00e1mogat\u00e1sa Magyar Falu GINOP Plusz 1.2.2-22\"}]},{\"@type\":\"WebSite\",\"@id\":\"https:\/\/semperprodest.hu\/#website\",\"url\":\"https:\/\/semperprodest.hu\/\",\"name\":\"Semper Prodest Kft.\",\"description\":\"P\u00e1ly\u00e1zat, informatika\",\"publisher\":{\"@id\":\"https:\/\/semperprodest.hu\/#organization\"},\"potentialAction\":[{\"@type\":\"SearchAction\",\"target\":{\"@type\":\"EntryPoint\",\"urlTemplate\":\"https:\/\/semperprodest.hu\/?s={search_term_string}\"},\"query-input\":{\"@type\":\"PropertyValueSpecification\",\"valueRequired\":true,\"valueName\":\"search_term_string\"}}],\"inLanguage\":\"en-US\"},{\"@type\":\"Organization\",\"@id\":\"https:\/\/semperprodest.hu\/#organization\",\"name\":\"Semper Prodest Kft.\",\"url\":\"https:\/\/semperprodest.hu\/\",\"logo\":{\"@type\":\"ImageObject\",\"inLanguage\":\"en-US\",\"@id\":\"https:\/\/semperprodest.hu\/#\/schema\/logo\/image\/\",\"url\":\"https:\/\/semperprodest.hu\/wp-content\/uploads\/2020\/10\/semper-prodest-logo.png\",\"contentUrl\":\"https:\/\/semperprodest.hu\/wp-content\/uploads\/2020\/10\/semper-prodest-logo.png\",\"width\":340,\"height\":156,\"caption\":\"Semper Prodest Kft.\"},\"image\":{\"@id\":\"https:\/\/semperprodest.hu\/#\/schema\/logo\/image\/\"}}]}<\/script>\n<!-- \/ Yoast SEO plugin. -->","yoast_head_json":{"title":"P\u00e1ly\u00e1zat - v\u00e1llalkoz\u00e1sok fejleszt\u00e9s\u00e9nek t\u00e1mogat\u00e1sa Magyar Falu GINOP Plusz 1.2.2-22","description":"P\u00e1ly\u00e1zat egy\u00e9ni v\u00e1llalkoz\u00f3k, kisebb c\u00e9gek r\u00e9sz\u00e9re, \u00fczlethelyis\u00e9g \u00e9p\u00edt\u00e9s\u00e9re, fejleszt\u00e9s\u00e9re, sz\u00e1m\u00edt\u00f3g\u00e9pek \u00e9s programok beszerz\u00e9s\u00e9hez.","robots":{"index":"index","follow":"follow","max-snippet":"max-snippet:-1","max-image-preview":"max-image-preview:large","max-video-preview":"max-video-preview:-1"},"canonical":"https:\/\/semperprodest.hu\/en\/palyazat-vallalkozasok-fejlesztesenek-tamogatasa-ginop-1-2-2-22\/","og_locale":"en_US","og_type":"article","og_title":"P\u00e1ly\u00e1zat - v\u00e1llalkoz\u00e1sok fejleszt\u00e9s\u00e9nek t\u00e1mogat\u00e1sa Magyar Falu GINOP Plusz 1.2.2-22","og_description":"P\u00e1ly\u00e1zat egy\u00e9ni v\u00e1llalkoz\u00f3k, kisebb c\u00e9gek r\u00e9sz\u00e9re, \u00fczlethelyis\u00e9g \u00e9p\u00edt\u00e9s\u00e9re, fejleszt\u00e9s\u00e9re, sz\u00e1m\u00edt\u00f3g\u00e9pek \u00e9s programok beszerz\u00e9s\u00e9hez.","og_url":"https:\/\/semperprodest.hu\/en\/palyazat-vallalkozasok-fejlesztesenek-tamogatasa-ginop-1-2-2-22\/","og_site_name":"Semper Prodest Kft.","article_modified_time":"2022-02-06T20:33:41+00:00","twitter_card":"summary_large_image","twitter_misc":{"Est. reading time":"4 minutes"},"schema":{"@context":"https:\/\/schema.org","@graph":[{"@type":"WebPage","@id":"https:\/\/semperprodest.hu\/palyazat-vallalkozasok-fejlesztesenek-tamogatasa-ginop-1-2-2-22\/","url":"https:\/\/semperprodest.hu\/palyazat-vallalkozasok-fejlesztesenek-tamogatasa-ginop-1-2-2-22\/","name":"P\u00e1ly\u00e1zat - v\u00e1llalkoz\u00e1sok fejleszt\u00e9s\u00e9nek t\u00e1mogat\u00e1sa Magyar Falu GINOP Plusz 1.2.2-22","isPartOf":{"@id":"https:\/\/semperprodest.hu\/#website"},"datePublished":"2022-01-20T10:06:39+00:00","dateModified":"2022-02-06T20:33:41+00:00","description":"P\u00e1ly\u00e1zat egy\u00e9ni v\u00e1llalkoz\u00f3k, kisebb c\u00e9gek r\u00e9sz\u00e9re, \u00fczlethelyis\u00e9g \u00e9p\u00edt\u00e9s\u00e9re, fejleszt\u00e9s\u00e9re, sz\u00e1m\u00edt\u00f3g\u00e9pek \u00e9s programok beszerz\u00e9s\u00e9hez.","breadcrumb":{"@id":"https:\/\/semperprodest.hu\/palyazat-vallalkozasok-fejlesztesenek-tamogatasa-ginop-1-2-2-22\/#breadcrumb"},"inLanguage":"en-US","potentialAction":[{"@type":"ReadAction","target":["https:\/\/semperprodest.hu\/palyazat-vallalkozasok-fejlesztesenek-tamogatasa-ginop-1-2-2-22\/"]}]},{"@type":"BreadcrumbList","@id":"https:\/\/semperprodest.hu\/palyazat-vallalkozasok-fejlesztesenek-tamogatasa-ginop-1-2-2-22\/#breadcrumb","itemListElement":[{"@type":"ListItem","position":1,"name":"Kezd\u0151lap","item":"https:\/\/semperprodest.hu\/fooldal\/"},{"@type":"ListItem","position":2,"name":"P\u00e1ly\u00e1zat &#8211; v\u00e1llalkoz\u00e1sok fejleszt\u00e9s\u00e9nek t\u00e1mogat\u00e1sa Magyar Falu GINOP Plusz 1.2.2-22"}]},{"@type":"WebSite","@id":"https:\/\/semperprodest.hu\/#website","url":"https:\/\/semperprodest.hu\/","name":"Semper Prodest Ltd.","description":"P\u00e1ly\u00e1zat, informatika","publisher":{"@id":"https:\/\/semperprodest.hu\/#organization"},"potentialAction":[{"@type":"SearchAction","target":{"@type":"EntryPoint","urlTemplate":"https:\/\/semperprodest.hu\/?s={search_term_string}"},"query-input":{"@type":"PropertyValueSpecification","valueRequired":true,"valueName":"search_term_string"}}],"inLanguage":"en-US"},{"@type":"Organization","@id":"https:\/\/semperprodest.hu\/#organization","name":"Semper Prodest Ltd.","url":"https:\/\/semperprodest.hu\/","logo":{"@type":"ImageObject","inLanguage":"en-US","@id":"https:\/\/semperprodest.hu\/#\/schema\/logo\/image\/","url":"https:\/\/semperprodest.hu\/wp-content\/uploads\/2020\/10\/semper-prodest-logo.png","contentUrl":"https:\/\/semperprodest.hu\/wp-content\/uploads\/2020\/10\/semper-prodest-logo.png","width":340,"height":156,"caption":"Semper Prodest Kft."},"image":{"@id":"https:\/\/semperprodest.hu\/#\/schema\/logo\/image\/"}}]}},"jetpack_sharing_enabled":true,"_links":{"self":[{"href":"https:\/\/semperprodest.hu\/en\/wp-json\/wp\/v2\/pages\/1724","targetHints":{"allow":["GET"]}}],"collection":[{"href":"https:\/\/semperprodest.hu\/en\/wp-json\/wp\/v2\/pages"}],"about":[{"href":"https:\/\/semperprodest.hu\/en\/wp-json\/wp\/v2\/types\/page"}],"author":[{"embeddable":true,"href":"https:\/\/semperprodest.hu\/en\/wp-json\/wp\/v2\/users\/1"}],"replies":[{"embeddable":true,"href":"https:\/\/semperprodest.hu\/en\/wp-json\/wp\/v2\/comments?post=1724"}],"version-history":[{"count":39,"href":"https:\/\/semperprodest.hu\/en\/wp-json\/wp\/v2\/pages\/1724\/revisions"}],"predecessor-version":[{"id":1852,"href":"https:\/\/semperprodest.hu\/en\/wp-json\/wp\/v2\/pages\/1724\/revisions\/1852"}],"wp:attachment":[{"href":"https:\/\/semperprodest.hu\/en\/wp-json\/wp\/v2\/media?parent=1724"}],"curies":[{"name":"wp","href":"https:\/\/api.w.org\/{rel}","templated":true}]}}