{"id":2078,"date":"2025-08-20T18:55:17","date_gmt":"2025-08-20T16:55:17","guid":{"rendered":"https:\/\/semperprodest.hu\/?page_id=2078"},"modified":"2025-08-20T20:36:07","modified_gmt":"2025-08-20T18:36:07","slug":"palyazat-elektromos-auto-tamogatas-maganszemelyeknek","status":"publish","type":"page","link":"https:\/\/semperprodest.hu\/en\/palyazat-elektromos-auto-tamogatas-maganszemelyeknek\/","title":{"rendered":"P\u00e1ly\u00e1zat &#8211; Elektromos aut\u00f3 t\u00e1mogat\u00e1s mag\u00e1nszem\u00e9lyeknek"},"content":{"rendered":"<style type=\"text\/css\" data-created_by=\"avia_inline_auto\" id=\"style-css-av-145nae-651eae05fb78bdd4dd273144f78011ac\">\n.avia-section.av-145nae-651eae05fb78bdd4dd273144f78011ac{\nbackground-repeat:no-repeat;\nbackground-image:url(https:\/\/semperprodest.hu\/wp-content\/uploads\/2018\/05\/hero-blurred.jpg);\nbackground-position:50% 50%;\nbackground-attachment:scroll;\n}\n.avia-section.av-145nae-651eae05fb78bdd4dd273144f78011ac .av-section-color-overlay{\nopacity:0.6;\nbackground-color:#084a79;\n}\n<\/style>\n<div id='av_section_1'  class='avia-section av-145nae-651eae05fb78bdd4dd273144f78011ac main_color avia-section-default avia-no-border-styling  avia-builder-el-0  el_before_av_submenu  avia-builder-el-first  avia-full-stretch avia-bg-style-scroll av-section-color-overlay-active av-minimum-height av-minimum-height-custom av-height-custom  container_wrap fullsize'  data-section-bg-repeat='stretch' data-av_minimum_height_px='230'><div class=\"av-section-color-overlay-wrap\"><div class=\"av-section-color-overlay\"><\/div><div class='container av-section-cont-open' style='height:230px'><main  role=\"main\" itemprop=\"mainContentOfPage\"  class='template-page content  av-content-full alpha units'><div class='post-entry post-entry-type-page post-entry-2078'><div class='entry-content-wrapper clearfix'>\n\n<style type=\"text\/css\" data-created_by=\"avia_inline_auto\" id=\"style-css-av-jgf3pjem-ee2a691ebc0a9a100bc99d372a9c72ca\">\n#top .flex_column.av-jgf3pjem-ee2a691ebc0a9a100bc99d372a9c72ca{\nmargin-top:0px;\nmargin-bottom:0px;\n}\n.flex_column.av-jgf3pjem-ee2a691ebc0a9a100bc99d372a9c72ca{\nborder-radius:0px 0px 0px 0px;\npadding:0px 0px 0px 0px;\n}\n.responsive #top #wrap_all .flex_column.av-jgf3pjem-ee2a691ebc0a9a100bc99d372a9c72ca{\nmargin-top:0px;\nmargin-bottom:0px;\n}\n<\/style>\n<div  class='flex_column av-jgf3pjem-ee2a691ebc0a9a100bc99d372a9c72ca av_one_full  avia-builder-el-1  avia-builder-el-no-sibling  first flex_column_div av-animated-generic left-to-right av-zero-column-padding'     ><style type=\"text\/css\" data-created_by=\"avia_inline_auto\" id=\"style-css-av-kosfnwo3-c33cefaf78deb362585a5015459ce527\">\n#top .av-special-heading.av-kosfnwo3-c33cefaf78deb362585a5015459ce527{\nmargin:0 0 0 0;\npadding-bottom:0;\ncolor:#ffffff;\nfont-size:4vw;\n}\nbody .av-special-heading.av-kosfnwo3-c33cefaf78deb362585a5015459ce527 .av-special-heading-tag .heading-char{\nfont-size:25px;\n}\n#top #wrap_all .av-special-heading.av-kosfnwo3-c33cefaf78deb362585a5015459ce527 .av-special-heading-tag{\nfont-size:4vw;\n}\n.av-special-heading.av-kosfnwo3-c33cefaf78deb362585a5015459ce527 .special-heading-inner-border{\nborder-color:#ffffff;\n}\n.av-special-heading.av-kosfnwo3-c33cefaf78deb362585a5015459ce527 .av-subheading{\nfont-size:25px;\n}\n\n@media only screen and (min-width: 480px) and (max-width: 767px){ \n#top #wrap_all .av-special-heading.av-kosfnwo3-c33cefaf78deb362585a5015459ce527 .av-special-heading-tag{\nfont-size:0.8em;\n}\n}\n\n@media only screen and (max-width: 479px){ \n#top #wrap_all .av-special-heading.av-kosfnwo3-c33cefaf78deb362585a5015459ce527 .av-special-heading-tag{\nfont-size:0.8em;\n}\n}\n<\/style>\n<div  class='av-special-heading av-kosfnwo3-c33cefaf78deb362585a5015459ce527 av-special-heading-h2 custom-color-heading blockquote modern-quote modern-centered  avia-builder-el-2  avia-builder-el-no-sibling  av-inherit-size'><h2 class='av-special-heading-tag'  itemprop=\"headline\"  >Grant and Subsidy management<\/h2><div class='av_custom_color av-subheading av-subheading_below'><p>Elektromos aut\u00f3 t\u00e1mogat\u00e1s term\u00e9szetes szem\u00e9lyeknek<br \/>\n(Hivatalosan m\u00e9g meg nem er\u0151s\u00edtett inform\u00e1ci\u00f3k!)<\/p>\n<\/div><div class=\"special-heading-border\"><div class=\"special-heading-inner-border\"><\/div><\/div><\/div><\/div>\n\n<\/div><\/div><\/main><!-- close content main element --><\/div><\/div><\/div><div class='clear'><\/div><div id='sub_menu1'  class='av-submenu-container av-ki5zt8y7-b457b7d60124ac20f22bd1e6a0797ea6 alternate_color  avia-builder-el-3  el_after_av_section  el_before_av_heading  av-sticky-submenu submenu-not-first container_wrap fullsize' style='z-index:301' ><div class='container av-menu-mobile-disabled av-submenu-pos-center'><ul id=\"menu-palyazat\" class=\"av-subnav-menu\" role=\"menu\"><li role=\"menuitem\" id=\"menu-item-1307\" class=\"menu-item menu-item-type-post_type menu-item-object-page av-menu-button av-menu-button-colored menu-item-top-level menu-item-top-level-1\"><a href=\"https:\/\/semperprodest.hu\/en\/palyazat-es-tamogatas-sikerdijert\/\" itemprop=\"url\" tabindex=\"0\"><span class=\"avia-bullet\"><\/span><span class=\"avia-menu-text\">Grant and Subsidy management<\/span><span class=\"avia-menu-fx\"><span class=\"avia-arrow-wrap\"><span class=\"avia-arrow\"><\/span><\/span><\/span><\/a><\/li>\n<li role=\"menuitem\" id=\"menu-item-1306\" class=\"menu-item menu-item-type-post_type menu-item-object-page av-menu-button av-menu-button-colored menu-item-top-level menu-item-top-level-2\"><a href=\"https:\/\/semperprodest.hu\/en\/palyazati-hirek\/\" itemprop=\"url\" tabindex=\"0\"><span class=\"avia-bullet\"><\/span><span class=\"avia-menu-text\">Grant news (in hungarian)<\/span><span class=\"avia-menu-fx\"><span class=\"avia-arrow-wrap\"><span class=\"avia-arrow\"><\/span><\/span><\/span><\/a><\/li>\n<li role=\"menuitem\" id=\"menu-item-1305\" class=\"menu-item menu-item-type-post_type menu-item-object-page av-menu-button av-menu-button-colored menu-item-top-level menu-item-top-level-3\"><a href=\"https:\/\/semperprodest.hu\/en\/aktualis-palyazatok\/\" itemprop=\"url\" tabindex=\"0\"><span class=\"avia-bullet\"><\/span><span class=\"avia-menu-text\">Available grants<\/span><span class=\"avia-menu-fx\"><span class=\"avia-arrow-wrap\"><span class=\"avia-arrow\"><\/span><\/span><\/span><\/a><\/li>\n<\/ul><\/div><\/div><div class='sticky_placeholder'><\/div><div id='after_submenu_1'  class='main_color av_default_container_wrap container_wrap fullsize'  ><div class='container av-section-cont-open' ><div class='template-page content  av-content-full alpha units'><div class='post-entry post-entry-type-page post-entry-2078'><div class='entry-content-wrapper clearfix'>\n\n<style type=\"text\/css\" data-created_by=\"avia_inline_auto\" id=\"style-css-av-5ju67q-5a95d83ec71d5787df9b19aef59df924\">\n#top .av-special-heading.av-5ju67q-5a95d83ec71d5787df9b19aef59df924{\npadding-bottom:10px;\n}\nbody .av-special-heading.av-5ju67q-5a95d83ec71d5787df9b19aef59df924 .av-special-heading-tag .heading-char{\nfont-size:25px;\n}\n.av-special-heading.av-5ju67q-5a95d83ec71d5787df9b19aef59df924 .av-subheading{\nfont-size:15px;\n}\n<\/style>\n<div  class='av-special-heading av-5ju67q-5a95d83ec71d5787df9b19aef59df924 av-special-heading-h1 blockquote modern-quote  avia-builder-el-4  el_after_av_submenu  el_before_av_two_third  avia-builder-el-first'><h1 class='av-special-heading-tag'  itemprop=\"headline\"  >Elektromos j\u00e1rm\u0171 term\u00e9szetes szem\u00e9lyeknek &#8211; val\u00f3sz\u00edn\u0171s\u00edthet\u0151 tervezet!<\/h1><div class=\"special-heading-border\"><div class=\"special-heading-inner-border\"><\/div><\/div><\/div>\n\n<style type=\"text\/css\" data-created_by=\"avia_inline_auto\" id=\"style-css-av-1ygodi-9593767b4b6ab8f29e0ddd5d0a7d8daf\">\n.flex_column.av-1ygodi-9593767b4b6ab8f29e0ddd5d0a7d8daf{\nborder-radius:0px 0px 0px 0px;\npadding:40px 0px 0px 0px;\n}\n<\/style>\n<div  class='flex_column av-1ygodi-9593767b4b6ab8f29e0ddd5d0a7d8daf av_two_third  avia-builder-el-5  el_after_av_heading  el_before_av_one_third  first flex_column_div'     ><p>\n<style type=\"text\/css\" data-created_by=\"avia_inline_auto\" id=\"style-css-av-19sb8fq-94203039e1a82849f48f33391c9e37ee\">\n#top .av-special-heading.av-19sb8fq-94203039e1a82849f48f33391c9e37ee{\npadding-bottom:10px;\n}\nbody .av-special-heading.av-19sb8fq-94203039e1a82849f48f33391c9e37ee .av-special-heading-tag .heading-char{\nfont-size:25px;\n}\n.av-special-heading.av-19sb8fq-94203039e1a82849f48f33391c9e37ee .av-subheading{\nfont-size:15px;\n}\n<\/style>\n<div  class='av-special-heading av-19sb8fq-94203039e1a82849f48f33391c9e37ee av-special-heading-h2 blockquote modern-quote modern-centered  avia-builder-el-6  el_before_av_table  avia-builder-el-first'><h2 class='av-special-heading-tag'  itemprop=\"headline\"  >Grant Details<\/h2><div class=\"special-heading-border\"><div class=\"special-heading-inner-border\"><\/div><\/div><\/div><br \/>\n<div class='avia-data-table-wrap av-482zp2-d3e61848dd7d67b3c5896770a734acd8 avia_responsive_table avia-table-1'><table  class='avia-table avia-data-table avia_pricing_default  avia-builder-el-7  el_after_av_heading  el_before_av_heading'  itemscope=\"itemscope\" itemtype=\"https:\/\/schema.org\/Table\" ><tbody><tr class=''><th class='avia-desc-col'>Objective:<\/th><td class=''>Purchase of purely electric cars<\/td><\/tr><tr class=''><th class='avia-desc-col'>Budget:<\/th><td class=''>20 milli\u00e1rd forint<\/td><\/tr><tr class=''><th class='avia-desc-col'>Support Rate:<\/th><td class=''>Not relevant.<\/td><\/tr><tr class=''><th class='avia-desc-col'>Grant Amount:<\/th><td class=''>Akkumul\u00e1tor kapacit\u00e1st\u00f3l f\u00fcgg\u0151en 2,5 &#8211; 4 milli\u00f3 Ft.<\/td><\/tr><tr class=''><th class='avia-desc-col'>Eligible Activities:<\/th><td class=''>\u00daj, tiszt\u00e1n elektromos g\u00e9pj\u00e1rm\u0171 <\/td><\/tr><tr class=''><th class='avia-desc-col'>Expected Number of Applications:<\/th><td class=''>5-8000 db<\/td><\/tr><tr class=''><th class='avia-desc-col'>Eligible Applicants:<\/th><td class=''>Magyarorsz\u00e1gi lakc\u00edmmel \u00e9s ad\u00f3azonos\u00edt\u00f3 jellel rendelkez\u0151 mag\u00e1nszem\u00e9lyek.<\/td><\/tr><tr class=''><th class='avia-desc-col'>Submission Period:<\/th><td class=''>M\u00e9g nincs inform\u00e1ci\u00f3 (l\u00e1togasson vissza!)<\/td><\/tr><\/tbody><\/table><\/div><style type='text\/css'>.avia-table-1 td:nth-of-type(1):before { content: 'C\u00e9l:'; } <\/style><br \/>\n\n<style type=\"text\/css\" data-created_by=\"avia_inline_auto\" id=\"style-css-av-mekbce4n-b2b0689f83e29063f0e1b06951c6215f\">\n#top .av-special-heading.av-mekbce4n-b2b0689f83e29063f0e1b06951c6215f{\npadding-bottom:10px;\n}\nbody .av-special-heading.av-mekbce4n-b2b0689f83e29063f0e1b06951c6215f .av-special-heading-tag .heading-char{\nfont-size:25px;\n}\n.av-special-heading.av-mekbce4n-b2b0689f83e29063f0e1b06951c6215f .av-subheading{\nfont-size:15px;\n}\n<\/style>\n<div  class='av-special-heading av-mekbce4n-b2b0689f83e29063f0e1b06951c6215f av-special-heading-h2 blockquote modern-quote modern-centered  avia-builder-el-8  el_after_av_table  el_before_av_codeblock'><h2 class='av-special-heading-tag'  itemprop=\"headline\"  >I am interested in the grant!<\/h2><div class='av-subheading av-subheading_below'><p>Adja meg erl\u00e9thet\u0151s\u00e9g\u00e9t \u00e9s emailt k\u00fcld\u00fcnk, amint hivatalos inform\u00e1ci\u00f3 jelenik meg a t\u00e1mogat\u00e1sr\u00f3l.<\/p>\n<\/div><div class=\"special-heading-border\"><div class=\"special-heading-inner-border\"><\/div><\/div><\/div><br \/>\n<br \/>\n<div  class='hr av-21yphy-8653e2919f491b5b82469e1feb87f082 hr-default  avia-builder-el-10  el_after_av_codeblock  avia-builder-el-last'><span class='hr-inner'><span class=\"hr-inner-style\"><\/span><\/span><\/div><\/p><\/div>\n<style type=\"text\/css\" data-created_by=\"avia_inline_auto\" id=\"style-css-av-3z9cie-a5f9b6d7e1babde32fc62bb90e5621a9\">\n.flex_column.av-3z9cie-a5f9b6d7e1babde32fc62bb90e5621a9{\nborder-width:3px;\nborder-color:#f8f8f8;\nborder-style:solid;\nborder-radius:3px 3px 3px 3px;\npadding:40px 40px 40px 40px;\n}\n<\/style>\n<div  class='flex_column av-3z9cie-a5f9b6d7e1babde32fc62bb90e5621a9 av_one_third  avia-builder-el-11  el_after_av_two_third  el_before_av_codeblock  flex_column_div'     ><p>\n<style type=\"text\/css\" data-created_by=\"avia_inline_auto\" id=\"style-css-av-4gtf86-177afcb005835c3dfd61075adcbbefba\">\n#top .av-special-heading.av-4gtf86-177afcb005835c3dfd61075adcbbefba{\npadding-bottom:10px;\n}\nbody .av-special-heading.av-4gtf86-177afcb005835c3dfd61075adcbbefba .av-special-heading-tag .heading-char{\nfont-size:25px;\n}\n.av-special-heading.av-4gtf86-177afcb005835c3dfd61075adcbbefba .av-subheading{\nfont-size:15px;\n}\n<\/style>\n<div  class='av-special-heading av-4gtf86-177afcb005835c3dfd61075adcbbefba av-special-heading-h2 blockquote modern-quote modern-centered  avia-builder-el-12  el_before_av_textblock  avia-builder-el-first'><h2 class='av-special-heading-tag'  itemprop=\"headline\"  >Grant Website<\/h2><div class=\"special-heading-border\"><div class=\"special-heading-inner-border\"><\/div><\/div><\/div><br \/>\n<section  class='av_textblock_section av-ki4nzbhg-324191eab24253d287263d5ead2e3ee7'   itemscope=\"itemscope\" itemtype=\"https:\/\/schema.org\/CreativeWork\" ><div class='avia_textblock'  itemprop=\"text\" ><p style=\"text-align: justify;\">V\u00e1laszthat\u00f3 aut\u00f3k\u00e9rt \u00e9s tov\u00e1bbi r\u00e9szletek\u00e9rt keresse fel a kor\u00e1bbi p\u00e1ly\u00e1zathoz dedik\u00e1ltan l\u00e9trehozott honlapunkat!<\/p>\n<\/div><\/section><br \/>\n<div  class='avia-button-wrap av-ki75a7ls-015ecd0f5cdca68c271fa415c5110a17-wrap avia-button-center  avia-builder-el-14  el_after_av_textblock  el_before_av_hr'><a href='https:\/\/elektromos-auto-palyazat.hu'  class='avia-button av-ki75a7ls-015ecd0f5cdca68c271fa415c5110a17 av-link-btn avia-icon_select-yes-right-icon avia-size-small avia-position-center avia-color-theme-color'  target=\"_blank\"  rel=\"noopener noreferrer\"  aria-label=\"Go to site!\"><span class='avia_iconbox_title' >Go to site!<\/span><span class='avia_button_icon avia_button_icon_right avia-iconfont avia-font-entypo-fontello' data-av_icon='\ue832' data-av_iconfont='entypo-fontello' ><\/span><\/a><\/div><br \/>\n\n<style type=\"text\/css\" data-created_by=\"avia_inline_auto\" id=\"style-css-av-5f9kae-8efe88eb8774e3420c850c7590b8c4a7\">\n#top .hr.av-5f9kae-8efe88eb8774e3420c850c7590b8c4a7{\nmargin-top:30px;\nmargin-bottom:30px;\n}\n.hr.av-5f9kae-8efe88eb8774e3420c850c7590b8c4a7 .hr-inner{\nwidth:100%;\nborder-color:#e1e1e1;\n}\n<\/style>\n<div  class='hr av-5f9kae-8efe88eb8774e3420c850c7590b8c4a7 hr-custom  avia-builder-el-15  el_after_av_button  el_before_av_textblock  hr-center hr-icon-no'><span class='hr-inner inner-border-av-border-thin'><span class=\"hr-inner-style\"><\/span><\/span><\/div><br \/>\n<section  class='av_textblock_section av-ki4nzbhg-25-b61e10dc21d8d827b6d32edf153dd0ce'   itemscope=\"itemscope\" itemtype=\"https:\/\/schema.org\/CreativeWork\" ><div class='avia_textblock'  itemprop=\"text\" ><p>Full grant documentation in Hungarian:<\/p>\n<p>M\u00e9g nem el\u00e9rhet\u0151<\/p>\n<p style=\"text-align: justify;\">\n<\/div><\/section><br \/>\n\n<style type=\"text\/css\" data-created_by=\"avia_inline_auto\" id=\"style-css-av-fpvdy-26a0f4015d9f69f298de809fd17f3bfe\">\n#top .hr.av-fpvdy-26a0f4015d9f69f298de809fd17f3bfe{\nmargin-top:30px;\nmargin-bottom:30px;\n}\n.hr.av-fpvdy-26a0f4015d9f69f298de809fd17f3bfe .hr-inner{\nwidth:100%;\nborder-color:#e1e1e1;\n}\n<\/style>\n<div  class='hr av-fpvdy-26a0f4015d9f69f298de809fd17f3bfe hr-custom  avia-builder-el-17  el_after_av_textblock  el_before_av_heading  hr-center hr-icon-no'><span class='hr-inner inner-border-av-border-thin'><span class=\"hr-inner-style\"><\/span><\/span><\/div><br \/>\n\n<style type=\"text\/css\" data-created_by=\"avia_inline_auto\" id=\"style-css-av-l81ukmrz-664d7fce6e9e7fdf01d6268fef5f2078\">\n#top .av-special-heading.av-l81ukmrz-664d7fce6e9e7fdf01d6268fef5f2078{\npadding-bottom:10px;\n}\nbody .av-special-heading.av-l81ukmrz-664d7fce6e9e7fdf01d6268fef5f2078 .av-special-heading-tag .heading-char{\nfont-size:25px;\n}\n.av-special-heading.av-l81ukmrz-664d7fce6e9e7fdf01d6268fef5f2078 .av-subheading{\nfont-size:15px;\n}\n<\/style>\n<div  class='av-special-heading av-l81ukmrz-664d7fce6e9e7fdf01d6268fef5f2078 av-special-heading-h2 blockquote modern-quote modern-centered  avia-builder-el-18  el_after_av_hr  el_before_av_textblock'><h2 class='av-special-heading-tag'  itemprop=\"headline\"  >I am interested in similar grants!<\/h2><div class=\"special-heading-border\"><div class=\"special-heading-inner-border\"><\/div><\/div><\/div><br \/>\n<section  class='av_textblock_section av-l81ug0hw-e9dd9aa460493d09d455c5de59bae932'   itemscope=\"itemscope\" itemtype=\"https:\/\/schema.org\/CreativeWork\" ><div class='avia_textblock'  itemprop=\"text\" ><p style=\"text-align: center;\"><a>Free newsletter<\/a><\/p>\n<\/div><\/section><\/p><\/div><\/p>\n\n\n<style type=\"text\/css\" data-created_by=\"avia_inline_auto\" id=\"style-css-av-khp25eam-ab507ac4cc4c149189ca183cc66421ff\">\n#top .hr.av-khp25eam-ab507ac4cc4c149189ca183cc66421ff{\nmargin-top:30px;\nmargin-bottom:30px;\n}\n.hr.av-khp25eam-ab507ac4cc4c149189ca183cc66421ff .hr-inner{\nwidth:100%;\nborder-color:#e1e1e1;\nmax-width:45%;\n}\n.hr.av-khp25eam-ab507ac4cc4c149189ca183cc66421ff .av-seperator-icon{\ncolor:#e1e1e1;\n}\n.hr.av-khp25eam-ab507ac4cc4c149189ca183cc66421ff .av-seperator-icon.avia-svg-icon svg:first-child{\nfill:#e1e1e1;\nstroke:#e1e1e1;\n}\n<\/style>\n<div  class='hr av-khp25eam-ab507ac4cc4c149189ca183cc66421ff hr-custom  avia-builder-el-21  el_after_av_codeblock  avia-builder-el-last  hr-center hr-icon-yes'><span class='hr-inner inner-border-av-border-thin'><span class=\"hr-inner-style\"><\/span><\/span><span class='av-seperator-icon avia-iconfont avia-font-entypo-fontello' data-av_icon='\ue834' data-av_iconfont='entypo-fontello' ><\/span><span class='hr-inner inner-border-av-border-thin'><span class=\"hr-inner-style\"><\/span><\/span><\/div>","protected":false},"excerpt":{"rendered":"","protected":false},"author":1,"featured_media":0,"parent":0,"menu_order":0,"comment_status":"closed","ping_status":"closed","template":"","meta":{"footnotes":""},"class_list":["post-2078","page","type-page","status-publish","hentry"],"yoast_head":"<!-- This site is optimized with the Yoast SEO plugin v27.4 - https:\/\/yoast.com\/product\/yoast-seo-wordpress\/ -->\n<title>P\u00e1ly\u00e1zat - Elektromos aut\u00f3 t\u00e1mogat\u00e1s mag\u00e1nszem\u00e9lyeknek &#8902; Semper Prodest Kft.<\/title>\n<meta name=\"description\" content=\"Elektromos aut\u00f3 t\u00e1mogat\u00e1s 2024. Minden, amit a p\u00e1ly\u00e1zatr\u00f3l tudni kell. Sikerd\u00edjas p\u00e1ly\u00e1zat\u00edr\u00e1s \u00e9s t\u00f6bb sz\u00e1z sikeres p\u00e1ly\u00e1zat.\" \/>\n<meta name=\"robots\" content=\"index, follow, max-snippet:-1, max-image-preview:large, max-video-preview:-1\" \/>\n<link rel=\"canonical\" href=\"https:\/\/semperprodest.hu\/en\/palyazat-elektromos-auto-tamogatas-maganszemelyeknek\/\" \/>\n<meta property=\"og:locale\" content=\"en_US\" \/>\n<meta property=\"og:type\" content=\"article\" \/>\n<meta property=\"og:title\" content=\"P\u00e1ly\u00e1zat - Elektromos aut\u00f3 t\u00e1mogat\u00e1s mag\u00e1nszem\u00e9lyeknek &#8902; Semper Prodest Kft.\" \/>\n<meta property=\"og:description\" content=\"Elektromos aut\u00f3 t\u00e1mogat\u00e1s 2024. Minden, amit a p\u00e1ly\u00e1zatr\u00f3l tudni kell. Sikerd\u00edjas p\u00e1ly\u00e1zat\u00edr\u00e1s \u00e9s t\u00f6bb sz\u00e1z sikeres p\u00e1ly\u00e1zat.\" \/>\n<meta property=\"og:url\" content=\"https:\/\/semperprodest.hu\/en\/palyazat-elektromos-auto-tamogatas-maganszemelyeknek\/\" \/>\n<meta property=\"og:site_name\" content=\"Semper Prodest Kft.\" \/>\n<meta property=\"article:modified_time\" content=\"2025-08-20T18:36:07+00:00\" \/>\n<meta name=\"twitter:card\" content=\"summary_large_image\" \/>\n<meta name=\"twitter:label1\" content=\"Est. reading time\" \/>\n\t<meta name=\"twitter:data1\" content=\"1 minute\" \/>\n<script type=\"application\/ld+json\" class=\"yoast-schema-graph\">{\"@context\":\"https:\\\/\\\/schema.org\",\"@graph\":[{\"@type\":\"WebPage\",\"@id\":\"https:\\\/\\\/semperprodest.hu\\\/palyazat-elektromos-auto-tamogatas-maganszemelyeknek\\\/\",\"url\":\"https:\\\/\\\/semperprodest.hu\\\/palyazat-elektromos-auto-tamogatas-maganszemelyeknek\\\/\",\"name\":\"P\u00e1ly\u00e1zat - Elektromos aut\u00f3 t\u00e1mogat\u00e1s mag\u00e1nszem\u00e9lyeknek &#8902; Semper Prodest Kft.\",\"isPartOf\":{\"@id\":\"https:\\\/\\\/semperprodest.hu\\\/#website\"},\"datePublished\":\"2025-08-20T16:55:17+00:00\",\"dateModified\":\"2025-08-20T18:36:07+00:00\",\"description\":\"Elektromos aut\u00f3 t\u00e1mogat\u00e1s 2024. Minden, amit a p\u00e1ly\u00e1zatr\u00f3l tudni kell. Sikerd\u00edjas p\u00e1ly\u00e1zat\u00edr\u00e1s \u00e9s t\u00f6bb sz\u00e1z sikeres p\u00e1ly\u00e1zat.\",\"breadcrumb\":{\"@id\":\"https:\\\/\\\/semperprodest.hu\\\/palyazat-elektromos-auto-tamogatas-maganszemelyeknek\\\/#breadcrumb\"},\"inLanguage\":\"en-US\",\"potentialAction\":[{\"@type\":\"ReadAction\",\"target\":[\"https:\\\/\\\/semperprodest.hu\\\/palyazat-elektromos-auto-tamogatas-maganszemelyeknek\\\/\"]}]},{\"@type\":\"BreadcrumbList\",\"@id\":\"https:\\\/\\\/semperprodest.hu\\\/palyazat-elektromos-auto-tamogatas-maganszemelyeknek\\\/#breadcrumb\",\"itemListElement\":[{\"@type\":\"ListItem\",\"position\":1,\"name\":\"Kezd\u0151lap\",\"item\":\"https:\\\/\\\/semperprodest.hu\\\/fooldal\\\/\"},{\"@type\":\"ListItem\",\"position\":2,\"name\":\"P\u00e1ly\u00e1zat &#8211; Elektromos aut\u00f3 t\u00e1mogat\u00e1s mag\u00e1nszem\u00e9lyeknek\"}]},{\"@type\":\"WebSite\",\"@id\":\"https:\\\/\\\/semperprodest.hu\\\/#website\",\"url\":\"https:\\\/\\\/semperprodest.hu\\\/\",\"name\":\"Semper Prodest Kft.\",\"description\":\"P\u00e1ly\u00e1zat, informatika\",\"publisher\":{\"@id\":\"https:\\\/\\\/semperprodest.hu\\\/#organization\"},\"potentialAction\":[{\"@type\":\"SearchAction\",\"target\":{\"@type\":\"EntryPoint\",\"urlTemplate\":\"https:\\\/\\\/semperprodest.hu\\\/?s={search_term_string}\"},\"query-input\":{\"@type\":\"PropertyValueSpecification\",\"valueRequired\":true,\"valueName\":\"search_term_string\"}}],\"inLanguage\":\"en-US\"},{\"@type\":\"Organization\",\"@id\":\"https:\\\/\\\/semperprodest.hu\\\/#organization\",\"name\":\"Semper Prodest Kft.\",\"url\":\"https:\\\/\\\/semperprodest.hu\\\/\",\"logo\":{\"@type\":\"ImageObject\",\"inLanguage\":\"en-US\",\"@id\":\"https:\\\/\\\/semperprodest.hu\\\/#\\\/schema\\\/logo\\\/image\\\/\",\"url\":\"https:\\\/\\\/semperprodest.hu\\\/wp-content\\\/uploads\\\/2020\\\/10\\\/semper-prodest-logo.png\",\"contentUrl\":\"https:\\\/\\\/semperprodest.hu\\\/wp-content\\\/uploads\\\/2020\\\/10\\\/semper-prodest-logo.png\",\"width\":340,\"height\":156,\"caption\":\"Semper Prodest Kft.\"},\"image\":{\"@id\":\"https:\\\/\\\/semperprodest.hu\\\/#\\\/schema\\\/logo\\\/image\\\/\"}}]}<\/script>\n<!-- \/ Yoast SEO plugin. -->","yoast_head_json":{"title":"P\u00e1ly\u00e1zat - Elektromos aut\u00f3 t\u00e1mogat\u00e1s mag\u00e1nszem\u00e9lyeknek &#8902; Semper Prodest Kft.","description":"Elektromos aut\u00f3 t\u00e1mogat\u00e1s 2024. Minden, amit a p\u00e1ly\u00e1zatr\u00f3l tudni kell. Sikerd\u00edjas p\u00e1ly\u00e1zat\u00edr\u00e1s \u00e9s t\u00f6bb sz\u00e1z sikeres p\u00e1ly\u00e1zat.","robots":{"index":"index","follow":"follow","max-snippet":"max-snippet:-1","max-image-preview":"max-image-preview:large","max-video-preview":"max-video-preview:-1"},"canonical":"https:\/\/semperprodest.hu\/en\/palyazat-elektromos-auto-tamogatas-maganszemelyeknek\/","og_locale":"en_US","og_type":"article","og_title":"P\u00e1ly\u00e1zat - Elektromos aut\u00f3 t\u00e1mogat\u00e1s mag\u00e1nszem\u00e9lyeknek &#8902; Semper Prodest Kft.","og_description":"Elektromos aut\u00f3 t\u00e1mogat\u00e1s 2024. Minden, amit a p\u00e1ly\u00e1zatr\u00f3l tudni kell. Sikerd\u00edjas p\u00e1ly\u00e1zat\u00edr\u00e1s \u00e9s t\u00f6bb sz\u00e1z sikeres p\u00e1ly\u00e1zat.","og_url":"https:\/\/semperprodest.hu\/en\/palyazat-elektromos-auto-tamogatas-maganszemelyeknek\/","og_site_name":"Semper Prodest Kft.","article_modified_time":"2025-08-20T18:36:07+00:00","twitter_card":"summary_large_image","twitter_misc":{"Est. reading time":"1 minute"},"schema":{"@context":"https:\/\/schema.org","@graph":[{"@type":"WebPage","@id":"https:\/\/semperprodest.hu\/palyazat-elektromos-auto-tamogatas-maganszemelyeknek\/","url":"https:\/\/semperprodest.hu\/palyazat-elektromos-auto-tamogatas-maganszemelyeknek\/","name":"P\u00e1ly\u00e1zat - Elektromos aut\u00f3 t\u00e1mogat\u00e1s mag\u00e1nszem\u00e9lyeknek &#8902; Semper Prodest Kft.","isPartOf":{"@id":"https:\/\/semperprodest.hu\/#website"},"datePublished":"2025-08-20T16:55:17+00:00","dateModified":"2025-08-20T18:36:07+00:00","description":"Elektromos aut\u00f3 t\u00e1mogat\u00e1s 2024. Minden, amit a p\u00e1ly\u00e1zatr\u00f3l tudni kell. Sikerd\u00edjas p\u00e1ly\u00e1zat\u00edr\u00e1s \u00e9s t\u00f6bb sz\u00e1z sikeres p\u00e1ly\u00e1zat.","breadcrumb":{"@id":"https:\/\/semperprodest.hu\/palyazat-elektromos-auto-tamogatas-maganszemelyeknek\/#breadcrumb"},"inLanguage":"en-US","potentialAction":[{"@type":"ReadAction","target":["https:\/\/semperprodest.hu\/palyazat-elektromos-auto-tamogatas-maganszemelyeknek\/"]}]},{"@type":"BreadcrumbList","@id":"https:\/\/semperprodest.hu\/palyazat-elektromos-auto-tamogatas-maganszemelyeknek\/#breadcrumb","itemListElement":[{"@type":"ListItem","position":1,"name":"Kezd\u0151lap","item":"https:\/\/semperprodest.hu\/fooldal\/"},{"@type":"ListItem","position":2,"name":"P\u00e1ly\u00e1zat &#8211; Elektromos aut\u00f3 t\u00e1mogat\u00e1s mag\u00e1nszem\u00e9lyeknek"}]},{"@type":"WebSite","@id":"https:\/\/semperprodest.hu\/#website","url":"https:\/\/semperprodest.hu\/","name":"Semper Prodest Ltd.","description":"P\u00e1ly\u00e1zat, informatika","publisher":{"@id":"https:\/\/semperprodest.hu\/#organization"},"potentialAction":[{"@type":"SearchAction","target":{"@type":"EntryPoint","urlTemplate":"https:\/\/semperprodest.hu\/?s={search_term_string}"},"query-input":{"@type":"PropertyValueSpecification","valueRequired":true,"valueName":"search_term_string"}}],"inLanguage":"en-US"},{"@type":"Organization","@id":"https:\/\/semperprodest.hu\/#organization","name":"Semper Prodest Ltd.","url":"https:\/\/semperprodest.hu\/","logo":{"@type":"ImageObject","inLanguage":"en-US","@id":"https:\/\/semperprodest.hu\/#\/schema\/logo\/image\/","url":"https:\/\/semperprodest.hu\/wp-content\/uploads\/2020\/10\/semper-prodest-logo.png","contentUrl":"https:\/\/semperprodest.hu\/wp-content\/uploads\/2020\/10\/semper-prodest-logo.png","width":340,"height":156,"caption":"Semper Prodest Kft."},"image":{"@id":"https:\/\/semperprodest.hu\/#\/schema\/logo\/image\/"}}]}},"jetpack_sharing_enabled":true,"_links":{"self":[{"href":"https:\/\/semperprodest.hu\/en\/wp-json\/wp\/v2\/pages\/2078","targetHints":{"allow":["GET"]}}],"collection":[{"href":"https:\/\/semperprodest.hu\/en\/wp-json\/wp\/v2\/pages"}],"about":[{"href":"https:\/\/semperprodest.hu\/en\/wp-json\/wp\/v2\/types\/page"}],"author":[{"embeddable":true,"href":"https:\/\/semperprodest.hu\/en\/wp-json\/wp\/v2\/users\/1"}],"replies":[{"embeddable":true,"href":"https:\/\/semperprodest.hu\/en\/wp-json\/wp\/v2\/comments?post=2078"}],"version-history":[{"count":5,"href":"https:\/\/semperprodest.hu\/en\/wp-json\/wp\/v2\/pages\/2078\/revisions"}],"predecessor-version":[{"id":2085,"href":"https:\/\/semperprodest.hu\/en\/wp-json\/wp\/v2\/pages\/2078\/revisions\/2085"}],"wp:attachment":[{"href":"https:\/\/semperprodest.hu\/en\/wp-json\/wp\/v2\/media?parent=2078"}],"curies":[{"name":"wp","href":"https:\/\/api.w.org\/{rel}","templated":true}]}}